{"id":356,"date":"2013-02-12T11:33:00","date_gmt":"2013-02-12T09:33:00","guid":{"rendered":"http:\/\/taiyo.fi\/?page_id=356"},"modified":"2025-03-18T15:05:37","modified_gmt":"2025-03-18T13:05:37","slug":"vapaan-taiteen-tila","status":"publish","type":"page","link":"https:\/\/taiyo.fi\/en\/toiminta\/vapaan-taiteen-tila\/","title":{"rendered":"Space for Free Arts"},"content":{"rendered":"<p><a href=\"https:\/\/vapaantaiteentila.fi\/\" target=\"_blank\" rel=\"noopener\"><br \/>\n<img data-recalc-dims=\"1\" loading=\"lazy\" decoding=\"async\" src=\"https:\/\/i0.wp.com\/taiyo.fi\/wp-content\/uploads\/2025\/02\/Nimeton-800-x-400-px-600-x-400-px-1.png?resize=600%2C400&#038;ssl=1\" alt=\"My Image\" width=\"600\" height=\"400\" \/><br \/>\n<\/a><\/p>\n<p>Vapaan taiteen tila on Taideyliopiston ylioppilaskunnan yll\u00e4pit\u00e4m\u00e4 areena, jossa Taideyliopiston opiskelijat voivat j\u00e4rjest\u00e4\u00e4 omia esityksi\u00e4, n\u00e4yttelyit\u00e4 ja muita tapahtumia.<\/p>\n<p><strong>Miss\u00e4 taide- ja esittila sijaitsee?<\/strong><br \/>\nL\u00f6yd\u00e4t Vapaan Taiteen Tilan\u00a0 Katri Valan Puiston v\u00e4est\u00f6nsuojassa, Helsingin S\u00f6rn\u00e4isiss\u00e4. Osoite on Vilhonvuorenkuja 15, ja sis\u00e4\u00e4nk\u00e4ynti l\u00f6ytyy aivan Vilhonvuorenkuja 14 osoitetta vastap\u00e4\u00e4t\u00e4.<\/p>\n<p><strong>Mit\u00e4 Vapaan Taiteen Tilassa tapahtuu? <\/strong><br \/>\nKaikelle yleis\u00f6lle avoimet n\u00e4yttelyt ja esitykset l\u00f6yd\u00e4t <a href=\"https:\/\/vapaantaiteentila.fi\/kalenteri\/\">tapahtumakalenterista!<\/a><\/p>\n<p><strong>Toiveissa varata tila omalle taiteelle?<\/strong><br \/>\nA more specific description of the facility, booking details, event calendar and other additional information is available at<strong> <a href=\"http:\/\/www.taiteentila.fi\">www.vapaantaiteentila.fi\/en\/<\/a>.<\/strong><a href=\"http:\/\/www.taiteentila.fi\"><br \/>\n<\/a><\/p>\n<p>&nbsp;<\/p>\n<p><strong>Vapaan Taiteen Tilaan liittyv\u00e4t yhteydenotot:<\/strong><br \/>\nKoordinaattori Karoliina Korvuo<br \/>\ninfo (at) vapaantaiteentila.fi<br \/>\ntel. +358 (0)40 710 4227<\/p>\n<p style=\"color: blue;\">Your text here<\/p>","protected":false},"excerpt":{"rendered":"<p>Vapaan taiteen tila on Taideyliopiston ylioppilaskunnan yll\u00e4pit\u00e4m\u00e4 areena, jossa Taideyliopiston opiskelijat voivat j\u00e4rjest\u00e4\u00e4 omia esityksi\u00e4, n\u00e4yttelyit\u00e4 ja muita tapahtumia. Miss\u00e4 taide- ja [&hellip;]<\/p>\n","protected":false},"author":13,"featured_media":0,"parent":303,"menu_order":22,"comment_status":"open","ping_status":"open","template":"","meta":{"_coblocks_attr":"","_coblocks_dimensions":"","_coblocks_responsive_height":"","_coblocks_accordion_ie_support":"","_crdt_document":"","advanced_seo_description":"","jetpack_seo_html_title":"","jetpack_seo_noindex":false,"footnotes":""},"class_list":["post-356","page","type-page","status-publish","hentry"],"jetpack_sharing_enabled":true,"jetpack_shortlink":"https:\/\/wp.me\/P2w00X-5K","jetpack_likes_enabled":true,"amp_enabled":true,"_links":{"self":[{"href":"https:\/\/taiyo.fi\/en\/wp-json\/wp\/v2\/pages\/356","targetHints":{"allow":["GET"]}}],"collection":[{"href":"https:\/\/taiyo.fi\/en\/wp-json\/wp\/v2\/pages"}],"about":[{"href":"https:\/\/taiyo.fi\/en\/wp-json\/wp\/v2\/types\/page"}],"author":[{"embeddable":true,"href":"https:\/\/taiyo.fi\/en\/wp-json\/wp\/v2\/users\/13"}],"replies":[{"embeddable":true,"href":"https:\/\/taiyo.fi\/en\/wp-json\/wp\/v2\/comments?post=356"}],"version-history":[{"count":25,"href":"https:\/\/taiyo.fi\/en\/wp-json\/wp\/v2\/pages\/356\/revisions"}],"predecessor-version":[{"id":14694,"href":"https:\/\/taiyo.fi\/en\/wp-json\/wp\/v2\/pages\/356\/revisions\/14694"}],"up":[{"embeddable":true,"href":"https:\/\/taiyo.fi\/en\/wp-json\/wp\/v2\/pages\/303"}],"wp:attachment":[{"href":"https:\/\/taiyo.fi\/en\/wp-json\/wp\/v2\/media?parent=356"}],"curies":[{"name":"wp","href":"https:\/\/api.w.org\/{rel}","templated":true}]}}