{"id":350,"date":"2013-02-12T11:29:48","date_gmt":"2013-02-12T09:29:48","guid":{"rendered":"http:\/\/taiyo.fi\/?page_id=350"},"modified":"2026-03-04T14:49:47","modified_gmt":"2026-03-04T12:49:47","slug":"ammattijarjestot","status":"publish","type":"page","link":"https:\/\/taiyo.fi\/en\/jasenille\/ammattijarjestot\/","title":{"rendered":"Grants and associations in the art field"},"content":{"rendered":"<h4>Grants and stipends<\/h4>\r\n<p><a href=\"http:\/\/apurahat.syl.fi\">SYL:n apurahatietokanta<\/a><br \/><a href=\"http:\/\/www.aurora-tietokanta.fi\">S\u00e4\u00e4ti\u00f6iden yhteinen Aurora-tietokanta<\/a><br \/><a href=\"http:\/\/www.skr.fi\">Suomen kulttuurirahasto<\/a><br \/><a href=\"http:\/\/www.taike.fi\">Taiteen edist\u00e4miskeskus<\/a><\/p>\r\n<p><a href=\"http:\/\/www.kordelin.fi\">Alfred Kordelinin yleinen edistys- ja sivistysrahasto<\/a><br \/><a href=\"http:\/\/www.gretajawilliamlehtinen.fi\">Greta ja William Lehtisen s\u00e4\u00e4ti\u00f6<\/a><br \/><a href=\"http:\/\/www.hanaholmen.fi\">Hanasaari &#8211; Suomalais-norjalainen &amp; suomalais-tanskalainen &amp; suomalais-islantilainen kulttuurirahasto<\/a><br \/><a href=\"http:\/\/www.wihurinrahasto.fi\">Jenny ja Antti Wihurin rahasto<\/a><br \/><a href=\"http:\/\/www.kalevalakoru.fi\/fi\/tarinamme\/kulttuurisaatio\">Kalevala Korun kulttuuris\u00e4\u00e4ti\u00f6<\/a><br \/><a href=\"http:\/\/www.cimo.fi\">Kansainv\u00e4lisen henkil\u00f6vaihdon keskus CIMO<\/a><br \/><a href=\"http:\/\/www.sivistysrahasto.fi\">Kansan Sivistysrahasto<\/a><br \/><a href=\"http:\/\/www.koneensaatio.fi\">Koneen S\u00e4\u00e4ti\u00f6<\/a><br \/><a href=\"http:\/\/www.musiikinedistamissaatio.fi\">Musiikin edist\u00e4miss\u00e4\u00e4ti\u00f6<\/a><br \/><a href=\"http:\/\/www.paulo.fi\">Paulon s\u00e4\u00e4ti\u00f6<\/a><br \/><a href=\"http:\/\/www.kulturfonden.net\">Suomalais-ruotsalainen kulttuurirahasto<\/a><br \/><a href=\"http:\/\/www.skr.fi\/fi\/rahastot\">Suomen kulttuurirahaston maakuntarahastot<\/a><br \/><a href=\"http:\/\/www.suomensaveltaiteentukisaatio.fi\">Suomen s\u00e4veltaiteen tukis\u00e4\u00e4ti\u00f6<\/a><br \/><a href=\"http:\/\/www.kulturfonden.fi\">Svenska kulturfonden<\/a><br \/>Vilho ja Lahja Koposen s\u00e4\u00e4ti\u00f6<\/p>\r\n<h4>Trade unions and other associations in the art field<\/h4>\r\n<p><a href=\"http:\/\/kulttuurijataide.fi\">Kulttuuri- ja taidealan keskusj\u00e4rjest\u00f6 KULTA ry<\/a><br \/><a href=\"http:\/\/www.forumartis.fi\/\">Forum Artis - cooperation organisation for artists' associations<\/a><br \/><a href=\"http:\/\/www.taku.fi\">Art and culture professional organisation TAKU<\/a><\/p>\r\n<p><a href=\"http:\/\/www.muusikkojenliitto.fi\">Finnish Musicians' Union<\/a><br \/><a href=\"http:\/\/freelancemuusikot.fi\">Freelancemuusikot - Freelance musicians' association<\/a><br \/><a href=\"http:\/\/www.ifpi.fi\">The Finnish National Group of IFPI - Musiikkituottajat<\/a><br \/><a href=\"http:\/\/www.akiliitot.fi\/skul\">Finnish Cantors and organists' association<\/a><br \/><a href=\"http:\/\/www.musiikintekijat.fi\">Finnish Music Creators\u2019 Association<\/a><br \/><a href=\"http:\/\/www.solistiyhdistys.fi\">The Finnish Soloists\u2019 Association<\/a><br \/><a href=\"http:\/\/www.composers.fi\">The Society of Finnish Composers<\/a><\/p>\r\n<p><a href=\"https:\/\/www.teme.fi\/en\/\">Trade Union for Theatre and Media Finland<\/a><br \/><a href=\"https:\/\/www.teme.fi\/en\/\">Union of Film and Media Employees Finland<\/a><br \/><a href=\"http:\/\/www.nayttelijaliitto.fi\">Finnish Actors' Association<\/a><br \/><a href=\"https:\/\/www.teme.fi\/en\/\">Union of Dance and Circus Artists Finland<\/a><br \/><a href=\"http:\/\/www.teme.fi\/stod\">Union of Theatre Directors and Dramaturges Finland<\/a><br \/><a href=\"http:\/\/www.teme.fi\/svav\">Lighting, Sound and Video Designers in Finland<\/a><br \/><a href=\"http:\/\/www.teme.fi\/tam\">Theatre Professionals\u00b4 Union Finland<\/a><\/p>\r\n<p><a href=\"https:\/\/artists.fi\/en\/\">The Artists' Association of Finland<\/a><br \/><a href=\"https:\/\/www.muu.fi\/en\/about-muu\/muu-info\/\">MUU Artists' Association<\/a><br \/><a href=\"https:\/\/sculptors.fi\/en\/contact\/\">Association Of Finnish Sculptors<\/a><br \/><a href=\"https:\/\/www.skjl.fi\/en\/\">The Union of Finnish Art Associations<\/a><br \/><a href=\"https:\/\/www.taidegraafikot.fi\/the-association-of-finnish-printmakers\/\">The Association of Finnish Printmakers<\/a><br \/><a href=\"https:\/\/www.painters.fi\/en\/\">Finnish Painters' Union<\/a><br \/><a href=\"https:\/\/hippolyte.fi\/en\/photographic-artists-association\/\">Association of Photographic Artists<\/a><\/p>\r\n<p><a href=\"https:\/\/kirjailijaliitto.fi\/in-english\/\">The Union of Finnish Writers<\/a><br \/><a href=\"https:\/\/www.sunklo.fi\/en\">Finnish Playwrights and Screenwriters Guild<\/a><\/p>\r\n<p><a href=\"https:\/\/www.oaj.fi\/en\/\">The Trade Union of Education in Finland, OAJ<\/a><br \/><a href=\"http:\/\/www2.siba.fi\/hoy\">Harmonica Teachers' Association<\/a><br \/><a href=\"http:\/\/www.koulujenmusiikinopettajat.fi\">Music Teachers in Schools<\/a><br \/><a href=\"http:\/\/www.oaj.fi\/cs\/smol\/etusivu\">Finnish Music Teachers' Association SMOL<\/a><br \/><a href=\"https:\/\/www.sool.fi\/in-english\/\">Teacher Student Union of Finland - SOOL<\/a><\/p>\r\n<p><a href=\"http:\/\/www.gramex.fi\">Gramex ry<\/a><br \/><a href=\"http:\/\/www.kopiosto.fi\">Kopiosto ry<\/a><br \/><a href=\"http:\/\/www.kuvasto.fi\">Kuvasto ry<\/a><br \/><a href=\"http:\/\/www.teosto.fi\">Teosto ry<\/a><\/p>\r\n\r\n<p class=\"wp-block-paragraph\">&nbsp;<\/p>","protected":false},"excerpt":{"rendered":"<p>Apurahoja ja stipendej\u00e4 SYL:n apurahatietokantaS\u00e4\u00e4ti\u00f6iden yhteinen Aurora-tietokantaSuomen kulttuurirahastoTaiteen edist\u00e4miskeskus Alfred Kordelinin yleinen edistys- ja sivistysrahastoGreta ja William Lehtisen s\u00e4\u00e4ti\u00f6Hanasaari &#8211; Suomalais-norjalainen &amp; [&hellip;]<\/p>\n","protected":false},"author":13,"featured_media":0,"parent":299,"menu_order":111,"comment_status":"open","ping_status":"open","template":"","meta":{"_coblocks_attr":"","_coblocks_dimensions":"","_coblocks_responsive_height":"","_coblocks_accordion_ie_support":"","_crdt_document":"","advanced_seo_description":"","jetpack_seo_html_title":"","jetpack_seo_noindex":false,"footnotes":""},"class_list":["post-350","page","type-page","status-publish","hentry"],"jetpack_sharing_enabled":true,"jetpack_shortlink":"https:\/\/wp.me\/P2w00X-5E","jetpack_likes_enabled":true,"amp_enabled":true,"_links":{"self":[{"href":"https:\/\/taiyo.fi\/en\/wp-json\/wp\/v2\/pages\/350","targetHints":{"allow":["GET"]}}],"collection":[{"href":"https:\/\/taiyo.fi\/en\/wp-json\/wp\/v2\/pages"}],"about":[{"href":"https:\/\/taiyo.fi\/en\/wp-json\/wp\/v2\/types\/page"}],"author":[{"embeddable":true,"href":"https:\/\/taiyo.fi\/en\/wp-json\/wp\/v2\/users\/13"}],"replies":[{"embeddable":true,"href":"https:\/\/taiyo.fi\/en\/wp-json\/wp\/v2\/comments?post=350"}],"version-history":[{"count":14,"href":"https:\/\/taiyo.fi\/en\/wp-json\/wp\/v2\/pages\/350\/revisions"}],"predecessor-version":[{"id":16110,"href":"https:\/\/taiyo.fi\/en\/wp-json\/wp\/v2\/pages\/350\/revisions\/16110"}],"up":[{"embeddable":true,"href":"https:\/\/taiyo.fi\/en\/wp-json\/wp\/v2\/pages\/299"}],"wp:attachment":[{"href":"https:\/\/taiyo.fi\/en\/wp-json\/wp\/v2\/media?parent=350"}],"curies":[{"name":"wp","href":"https:\/\/api.w.org\/{rel}","templated":true}]}}