{"id":329,"date":"2013-02-08T13:46:52","date_gmt":"2013-02-08T11:46:52","guid":{"rendered":"http:\/\/taiyo.fi\/?page_id=329"},"modified":"2026-04-29T08:42:42","modified_gmt":"2026-04-29T06:42:42","slug":"jasenmaksu","status":"publish","type":"page","link":"https:\/\/taiyo.fi\/en\/jasenille\/jasenmaksu\/","title":{"rendered":"Information about the membership fee"},"content":{"rendered":"<h3><a href=\"https:\/\/i0.wp.com\/taiyo.fi\/wp-content\/uploads\/2025\/02\/TaiYo_fuksipicnic_2024.jpg?ssl=1\"><img data-recalc-dims=\"1\" loading=\"lazy\" decoding=\"async\" data-attachment-id=\"14532\" data-permalink=\"https:\/\/taiyo.fi\/en\/jasenille\/jasenmaksu\/taiyo_fuksipicnic_2024\/\" data-orig-file=\"https:\/\/i0.wp.com\/taiyo.fi\/wp-content\/uploads\/2025\/02\/TaiYo_fuksipicnic_2024.jpg?fit=4206%2C2387&amp;ssl=1\" data-orig-size=\"4206,2387\" data-comments-opened=\"0\" data-image-meta=\"{&quot;aperture&quot;:&quot;6.3&quot;,&quot;credit&quot;:&quot;&quot;,&quot;camera&quot;:&quot;DMC-GF6&quot;,&quot;caption&quot;:&quot;&quot;,&quot;created_timestamp&quot;:&quot;1724087128&quot;,&quot;copyright&quot;:&quot;&quot;,&quot;focal_length&quot;:&quot;16&quot;,&quot;iso&quot;:&quot;160&quot;,&quot;shutter_speed&quot;:&quot;0.003125&quot;,&quot;title&quot;:&quot;&quot;,&quot;orientation&quot;:&quot;0&quot;}\" data-image-title=\"TaiYo_fuksipicnic_2024\" data-image-description=\"&lt;p&gt;TaiYo:n fuksien picnic 2024&lt;\/p&gt;\" data-image-caption=\"\" data-large-file=\"https:\/\/i0.wp.com\/taiyo.fi\/wp-content\/uploads\/2025\/02\/TaiYo_fuksipicnic_2024.jpg?fit=700%2C397&amp;ssl=1\" class=\"alignnone size-large wp-image-14532\" src=\"https:\/\/i0.wp.com\/taiyo.fi\/wp-content\/uploads\/2025\/02\/TaiYo_fuksipicnic_2024.jpg?resize=700%2C397&#038;ssl=1\" alt=\"\" width=\"700\" height=\"397\" srcset=\"https:\/\/i0.wp.com\/taiyo.fi\/wp-content\/uploads\/2025\/02\/TaiYo_fuksipicnic_2024.jpg?resize=700%2C397&amp;ssl=1 700w, https:\/\/i0.wp.com\/taiyo.fi\/wp-content\/uploads\/2025\/02\/TaiYo_fuksipicnic_2024.jpg?resize=300%2C170&amp;ssl=1 300w, https:\/\/i0.wp.com\/taiyo.fi\/wp-content\/uploads\/2025\/02\/TaiYo_fuksipicnic_2024.jpg?resize=768%2C436&amp;ssl=1 768w, https:\/\/i0.wp.com\/taiyo.fi\/wp-content\/uploads\/2025\/02\/TaiYo_fuksipicnic_2024.jpg?resize=1536%2C872&amp;ssl=1 1536w, https:\/\/i0.wp.com\/taiyo.fi\/wp-content\/uploads\/2025\/02\/TaiYo_fuksipicnic_2024.jpg?resize=2048%2C1162&amp;ssl=1 2048w, https:\/\/i0.wp.com\/taiyo.fi\/wp-content\/uploads\/2025\/02\/TaiYo_fuksipicnic_2024.jpg?resize=18%2C10&amp;ssl=1 18w, https:\/\/i0.wp.com\/taiyo.fi\/wp-content\/uploads\/2025\/02\/TaiYo_fuksipicnic_2024.jpg?resize=1000%2C568&amp;ssl=1 1000w, https:\/\/i0.wp.com\/taiyo.fi\/wp-content\/uploads\/2025\/02\/TaiYo_fuksipicnic_2024.jpg?resize=230%2C131&amp;ssl=1 230w, https:\/\/i0.wp.com\/taiyo.fi\/wp-content\/uploads\/2025\/02\/TaiYo_fuksipicnic_2024.jpg?resize=350%2C199&amp;ssl=1 350w, https:\/\/i0.wp.com\/taiyo.fi\/wp-content\/uploads\/2025\/02\/TaiYo_fuksipicnic_2024.jpg?resize=480%2C272&amp;ssl=1 480w, https:\/\/i0.wp.com\/taiyo.fi\/wp-content\/uploads\/2025\/02\/TaiYo_fuksipicnic_2024.jpg?w=2340&amp;ssl=1 2340w, https:\/\/i0.wp.com\/taiyo.fi\/wp-content\/uploads\/2025\/02\/TaiYo_fuksipicnic_2024.jpg?w=3510&amp;ssl=1 3510w\" sizes=\"auto, (max-width: 700px) 100vw, 700px\" \/><\/a><\/h3>\n<h3><\/h3>\n<h3><strong>Who are the members of the Student Union and pay the membership fee?\u00a0<\/strong><\/h3>\n<p><span data-contrast=\"none\">The University of Arts Studen Union (also called TaiYo) automatically includes all undergraduate and master's degree students studying for a bachelor's or master's degree at Uniarts Helsinki. These students must pay the TaiYo\u2019s membership fee when registering for attendance for the coming semester or year. Exchange students studying and doctoral students, for example, can also join as members to get the membership benefits.<\/span><\/p>\n<p>&nbsp;<\/p>\n<h3><\/h3>\n<h3><strong>Where to register as an attending student?\u00a0<\/strong><\/h3>\n<p><span data-contrast=\"none\">University of Arts Helsinki webpage provides more detailed registration instructions for all attending students, which you can read here:\u00a0\u00a0<a href=\"https:\/\/student.uniarts.fi\/guides\/registration-for-the-academic-year\/\"><span data-contrast=\"none\">https:\/\/student.uniarts.fi\/guides\/registration-for-the-academic-year\/<\/span><\/a><span data-ccp-props=\"{&quot;134233117&quot;:false,&quot;134233118&quot;:false,&quot;335557856&quot;:16777215,&quot;335559738&quot;:0,&quot;335559739&quot;:360}\">\u00a0<\/span><\/span><\/p>\n<p>You can register as an attending student annually in the<a href=\"https:\/\/oili.csc.fi\/\"> Oili<\/a> service, where you can also pay TaiYo's membership fee directly. Instructions and dates for enrolling for each term are communicated by the University of Arts. If you enroll at another time and you are not able to pay the membership fee through Oili, please read TaiYo's instructions on how to pay the membership fee further down on this page.<\/p>\n<p>&nbsp;<\/p>\n<h3><span data-contrast=\"none\">What is TaiYo, where does the membership fee goes and who decides on it?<\/span><span data-ccp-props=\"{&quot;134233117&quot;:false,&quot;134233118&quot;:false,&quot;335557856&quot;:16777215,&quot;335559738&quot;:0,&quot;335559739&quot;:360}\">\u00a0<\/span><\/h3>\n<p><span data-contrast=\"none\">The Student Union membership fee is not related to the University's tuition fee. The membership fee is used to fund TaiYo\u2019s activities. The Student Union is an independent organization, not part of the University, stated by law, and the Student Union's activities, such as the amount of the membership fee, are decided by the Representative Council elected by the students. The Student Union's task is to keep the students' voices heard in the University's decision-making, to build a sense of community across academy boundaries and be part of making the art students and art in our society more valued. For example, TaiYo fights for the student discounts in the Helsinki Metropolitan Area in cooperation with other student unions, is responsible for electing student representatives to the University's administrative bodies and supports students' own communal and artistic activities.<\/span><span data-ccp-props=\"{&quot;134233117&quot;:false,&quot;134233118&quot;:false,&quot;335557856&quot;:16777215,&quot;335559738&quot;:0,&quot;335559739&quot;:360}\">\u00a0<\/span><\/p>\n<p><span data-contrast=\"none\">You can find more information about the Student Union's activities on this website, and you can also find us on both Instagram and Facebook (@taiyoartsu).<\/span><span data-ccp-props=\"{&quot;134233117&quot;:false,&quot;134233118&quot;:false,&quot;335557856&quot;:16777215,&quot;335559738&quot;:0,&quot;335559739&quot;:360}\">\u00a0<\/span><\/p>\n<p>&nbsp;<\/p>\n<h3>How much is the TaiYo membership fee?<\/h3>\n<p><span style=\"text-decoration: underline;\">The fee for 2025-2026 and 2026-2027 is:<\/span><\/p>\n<ul>\n<li>Basic degree Student, whole academic year \u20ac85,00<\/li>\n<li>Basic degree (bachelor\/master) student, for only Spring\/Autumn term: \u20ac42,50<\/li>\n<li>Doctoral researcher, for the whole academic year: \u20ac42,00 (voluntary)<\/li>\n<li>Doctoral researchers, for half a year (autumn\/spring term): \u20ac21,00 (voluntary)<\/li>\n<\/ul>\n<h3><strong>How do I pay the TaiYo membership fee?\u00a0\u00a0<\/strong><\/h3>\n<p><span data-contrast=\"none\">The easiest way to make the payment is when registering for the academic year in <a href=\"https:\/\/oili.csc.fi\/\">via Oili<\/a>At Oili, payment can be made with the online banking credentials and credit card of all Finnish banks.<\/span><\/p>\n<p>If you are unable to pay and register in Oili, you need to pay the membership fee to TaiYo and send a receipt of payment to your <a href=\"https:\/\/opiskelija.uniarts.fi\/yksikot\/opintopalvelut\/#:~:text=Opintopalvelut\">academy's study services<\/a>TaiYo's membership fee can be paid by bank transfer to the account below. Write the student's name in the message field of the payment, if the student is not the one who pays the membership fee. If necessary, payment can also be made in cash or by card at the TaiYo's office during its opening hours (<a href=\"http:\/\/taiyo.fi\/en\/ylioppilaskunta\/yhteystiedot\/\">contact details<\/a>).<\/p>\n<p><strong>Recipient:<\/strong> University of the Arts Student Union<br \/>\n<strong>Account number (IBAN):<\/strong> FI77 5780 3820 1287 90<br \/>\n<strong>Reference number:<\/strong> 20132<br \/>\n<strong>BIC\/SWIFT <\/strong>(when paying from abroad)<strong>:<\/strong>\u00a0OKOYFIHH<br \/>\n<strong>Bank address <\/strong>(when paying from abroad)<strong>:<\/strong> OP Financial Group, PO Box 308, 00101 Helsinki, Finland<\/p>\n<p>If you have completely forgotten to register during the official registration period, you will have to pay a re-registration fee (50e) when registering: please note that this fee will be paid to Uniarts Helsinki. Instructions for applying for the reinstatement of the right to study and paying the re-enrolment fee, for example, can be found on <a href=\"https:\/\/student.uniarts.fi\/guides\/registration-for-the-academic-year\/#special-circumstances-or-change-of-status\">the Uniarts Helsinki website.\u00a0<\/a><\/p>\n<p>&nbsp;<\/p>\n<h3><strong>How do I pay the FSHS fee?<\/strong><\/h3>\n<p><span data-contrast=\"none\">The FSHS is the Finnish Student Health Service, and as a student, you are entitled to FSHS health services. The FSHS health care fee is mandatory for higher education degree students and must be paid separately every six months through Kela. Kela will not send a separate invoice for this, but you have to pay the fee on your own initiative! Further information from the FSHS: <\/span><a href=\"https:\/\/www.kela.fi\/web\/en\/how-to-pay-the-student-healthcare-fee-in-higher-education\"><span data-contrast=\"none\">How to pay the healthcare fee in higher education.<\/span><\/a><\/p>\n<p>&nbsp;<\/p>\n<h3><span data-contrast=\"none\">Can a doctoral researcher or an exchange student join TaiYo?<\/span><\/h3>\n<p><span data-contrast=\"none\">Yes, they can! Students pursuing a doctoral degree can become a member if they wish, as well as exchange students studying at University of Arts Helsinki for at least three months. Members are entitled to a valid student card, which gives them access to many student discounts in the Helsinki Metropolitan Area and in Finland, for example. TaiYo also supports its members in matters related to advocacy, and members can, for example, reserve Vapaan taiteen tila, TaiYo's art space in S\u00f6rn\u00e4inen, for their own art projects. <\/span><\/p>\n<p>Here you can find more detailed information about who can become members of TaiYo: <a class=\"Hyperlink SCXW29793237 BCX0\" href=\"https:\/\/taiyo.fi\/wp-content\/uploads\/2018\/11\/Toistaispts-2018-jsenyysperusteista.pdf\" target=\"_blank\" rel=\"noreferrer noopener\"><span class=\"TextRun Underlined SCXW29793237 BCX0\" lang=\"FI-FI\" xml:lang=\"FI-FI\" data-contrast=\"none\"><span class=\"NormalTextRun SCXW29793237 BCX0\" data-ccp-charstyle=\"Hyperlink\">link<\/span><\/span><\/a><\/p>\n<p>&nbsp;<\/p>\n<h3><span data-contrast=\"none\">How do I apply for a refund of the Student Union's membership fee?\u00a0<\/span><\/h3>\n<p><strong>Application for refund of the membership fee, attach with your receipt of payment of the membership fee in question:<br \/>\n<\/strong><span data-contrast=\"none\"><a href=\"https:\/\/link.webropolsurveys.com\/S\/F43446071E0402B4\" rel=\"nofollow\">https:\/\/link.webropolsurveys.com\/S\/F43446071E0402B4<\/a><\/span><\/p>\n<p>You can apply for a refund of the membership fee if you have already registered for attendance for a semester, but your student situation has changed and you have registered as non-attending, relinquished your right to complete a degree or, for example, graduated.  You can apply for a refund of the membership fee for the semester in question<strong> for the Autumn 30th of September the latest<\/strong> and <strong>for the Spring the 31st of January the latest<\/strong> Applications will not be processed after the application periods have ended, and the change in your student status must already be visible in the university's Peppi system at that time.<\/p>\n<p>Send the <strong>application for refund of the membership fee <\/strong>and attach with it <strong>a receipt of payment<\/strong> of the membership fee in question. If you have questions about your application please contact: taiyo-toimisto@uniarts.fi<\/p>","protected":false},"excerpt":{"rendered":"<p>Ketk\u00e4 ovat ylioppilaskunnan j\u00e4seni\u00e4 ja maksavat j\u00e4senmaksun?\u00a0 Taideyliopiston ylioppilaskuntaan (TaiYo) kuuluvat automaattisesti kaikki kandidaatin tai maisterin tutkintoa Taideyliopistossa suorittavat perustutkinto-opiskelijat. Jokaisen perustutkinto-opiskelijan [&hellip;]<\/p>\n","protected":false},"author":13,"featured_media":14532,"parent":299,"menu_order":11,"comment_status":"open","ping_status":"closed","template":"","meta":{"_coblocks_attr":"","_coblocks_dimensions":"","_coblocks_responsive_height":"","_coblocks_accordion_ie_support":"","_crdt_document":"","advanced_seo_description":"","jetpack_seo_html_title":"","jetpack_seo_noindex":false,"footnotes":""},"class_list":["post-329","page","type-page","status-publish","has-post-thumbnail","hentry"],"jetpack_sharing_enabled":true,"jetpack_shortlink":"https:\/\/wp.me\/P2w00X-5j","jetpack_likes_enabled":true,"amp_enabled":true,"_links":{"self":[{"href":"https:\/\/taiyo.fi\/en\/wp-json\/wp\/v2\/pages\/329","targetHints":{"allow":["GET"]}}],"collection":[{"href":"https:\/\/taiyo.fi\/en\/wp-json\/wp\/v2\/pages"}],"about":[{"href":"https:\/\/taiyo.fi\/en\/wp-json\/wp\/v2\/types\/page"}],"author":[{"embeddable":true,"href":"https:\/\/taiyo.fi\/en\/wp-json\/wp\/v2\/users\/13"}],"replies":[{"embeddable":true,"href":"https:\/\/taiyo.fi\/en\/wp-json\/wp\/v2\/comments?post=329"}],"version-history":[{"count":100,"href":"https:\/\/taiyo.fi\/en\/wp-json\/wp\/v2\/pages\/329\/revisions"}],"predecessor-version":[{"id":16319,"href":"https:\/\/taiyo.fi\/en\/wp-json\/wp\/v2\/pages\/329\/revisions\/16319"}],"up":[{"embeddable":true,"href":"https:\/\/taiyo.fi\/en\/wp-json\/wp\/v2\/pages\/299"}],"wp:featuredmedia":[{"embeddable":true,"href":"https:\/\/taiyo.fi\/en\/wp-json\/wp\/v2\/media\/14532"}],"wp:attachment":[{"href":"https:\/\/taiyo.fi\/en\/wp-json\/wp\/v2\/media?parent=329"}],"curies":[{"name":"wp","href":"https:\/\/api.w.org\/{rel}","templated":true}]}}