{"id":325,"date":"2013-02-08T13:42:12","date_gmt":"2013-02-08T11:42:12","guid":{"rendered":"http:\/\/taiyo.fi\/?page_id=325"},"modified":"2026-03-06T11:25:14","modified_gmt":"2026-03-06T09:25:14","slug":"saannot","status":"publish","type":"page","link":"https:\/\/taiyo.fi\/en\/ylioppilaskunta\/saannot\/","title":{"rendered":"Statutes and policies"},"content":{"rendered":"<p>The student union has statutes and regulations, policy papers and other documents guiding its activities. In addition to its own rules and decisions, the Student Union is regulated by the Universities Act.\n\nUnfortunately, very few of these documents have been translated to English. This page contains all the English translations of the Student Union\u2019s statutes and policies, and you can find the full list of these documents in Finnish on the page <a href=\"https:\/\/taiyo.fi\/en\/ylioppilaskunta\/saannot\/\" target=\"_self\">S\u00e4\u00e4nn\u00f6t ja linjaukset<\/a>. <a href=\"https:\/\/finlex.fi\/fi\/laki\/ajantasa\/2009\/20090558?search%5Btype%5D=pika&amp;search%5Bpika%5D=yliopistolaki#L5P46\">yliopistolaissa<\/a> and <a href=\"https:\/\/www.finlex.fi\/fi\/laki\/ajantasa\/2009\/20090770#P3\">valtioneuvoston asetuksessa<\/a>.<\/p>\r\n<p><strong>Rules of the Student Union<\/strong><br \/><a title=\"TaiYon s\u00e4\u00e4nn\u00f6t 040717\" href=\"https:\/\/taiyo.fi\/wp-content\/uploads\/2025\/11\/TaiYon-saannot-040717_EN-EPAVIRALLINEN.pdf\">Constitution of the Student Union<\/a><br \/><br \/><a href=\"https:\/\/taiyo.fi\/wp-content\/uploads\/2025\/11\/repco_rules-of-procedure.pdf\">Rules of Procedure of the Representative Council<\/a><\/p>\r\n<p><a href=\"https:\/\/taiyo.fi\/wp-content\/uploads\/2015\/01\/hallituksen-tyc3b6jc3a4rjestys-241114.pdf\">Hallituksen ty\u00f6j\u00e4rjestys<\/a><\/p>\r\n<p><a href=\"https:\/\/taiyo.fi\/wp-content\/uploads\/2015\/01\/hallinto-ohjesc3a4c3a4ntc3b6-241114.pdf\">Hallinto-ohjes\u00e4\u00e4nt\u00f6<\/a><\/p>\r\n<p><a href=\"https:\/\/taiyo.fi\/wp-content\/uploads\/2015\/01\/talousohjesc3a4c3a4ntc3b6-241114.pdf\">Talousohjes\u00e4\u00e4nt\u00f6<\/a><\/p>\r\n<p><a href=\"https:\/\/taiyo.fi\/wp-content\/uploads\/2023\/05\/Hallopedohjesaanto-240523.pdf\">Ohjes\u00e4\u00e4nt\u00f6 hallinnon opiskelijaedustajista<\/a><\/p>\r\n<p><a href=\"https:\/\/taiyo.fi\/wp-content\/uploads\/2023\/05\/Tunnusohjesaanto-240523.pdf\">Ohjes\u00e4\u00e4nt\u00f6 ylioppilaskunnan tunnuksista<\/a><\/p>\r\n<p><a href=\"https:\/\/taiyo.fi\/wp-content\/uploads\/2025\/12\/regulations-on-committees-and-associations_unofficial-translation_approved-25112025.pdf\">Regulations on Committees and Associations<\/a><\/p>\r\n<p><a href=\"https:\/\/taiyo.fi\/wp-content\/uploads\/2023\/05\/Vaalijarjestys-240523.pdf\">Vaalij\u00e4rjestys<\/a><\/p>\r\n<p><strong>Strategy<\/strong><br \/><a href=\"https:\/\/taiyo.fi\/wp-content\/uploads\/2022\/05\/ArtSUs-strategy-2022\u20132026.pdf\">TaiYo's strategy 2022\u20132026<\/a><\/p>\r\n<p><strong>Policy papers approved by the Representative council<br \/><\/strong><a href=\"https:\/\/taiyo.fi\/wp-content\/uploads\/2024\/10\/TaiYon-taidepoliittinen-linjapaperi-hyv.-220424.pdf\">TaiYon taidepoliittinen linjapaperi<\/a><br \/><a title=\"TaiYo&#039;s policy paper on developing the Uniarts\" href=\"https:\/\/taiyo.fi\/wp-content\/uploads\/2024\/01\/ArtSUs-policy-paper-on-Developing-the-University-final.pdf\">TaiYo:n linjapaperi Taideyliopiston kehitt\u00e4misest\u00e4<\/a><\/p>\r\n<p><strong>Equality and Equity Plan<br \/><\/strong><a href=\"https:\/\/taiyo.fi\/wp-content\/uploads\/2024\/12\/TaiYo-equity-plan_2024-2027.pdf\">TaiYo's Equality and Equity Plan<\/a><\/p>\r\n<p><strong>Vuoden 2026 toimintasuunnitelma ja talousarvio<br \/><\/strong><\/p>\r\n<p><a href=\"https:\/\/taiyo.fi\/wp-content\/uploads\/2026\/01\/TaiYos-Action-Plan-2026.pdf\">TaiYo Action Plan 2026<\/a><br \/><a href=\"https:\/\/taiyo.fi\/wp-content\/uploads\/2026\/01\/TaiYos-Budget-2026.pdf\">TaiYo Budget 2026<\/a><\/p>\r\n<p><strong>Hallituksen vuotuis- ja toistaisp\u00e4\u00e4t\u00f6kset<\/strong><br \/><a href=\"https:\/\/taiyo.fi\/wp-content\/uploads\/2026\/03\/TaiYoB-3-2036-Appendix-7-Annual-decision-on-grants-2026-2.pdf\">Annual decision on TaiYo's grants in 2026\u00a0<\/a><br \/><a title=\"Toistaisp\u00e4\u00e4t\u00f6s 2018 j\u00e4senyysperusteista\" href=\"https:\/\/taiyo.fi\/wp-content\/uploads\/2024\/04\/TaiYo-toistaispaatos-jasenyysperusteista.pdf\">Toistaisp\u00e4\u00e4t\u00f6s j\u00e4senyysperusteista<\/a><br \/><a title=\"Toistaisp\u00e4\u00e4t\u00f6s 2018 j\u00e4senmaksusta\" href=\"https:\/\/taiyo.fi\/wp-content\/uploads\/2021\/02\/Toistaispaatos-jasenmaksusta-paivitetty-2021.pdf\">Toistaisp\u00e4\u00e4t\u00f6s j\u00e4senmaksusta<\/a><br \/><a href=\"https:\/\/taiyo.fi\/wp-content\/uploads\/2026\/03\/TaiYoB-3-2026-Appendix-6c-Decision-on-criteria-and-practices-of-giving-the-grants-1.pdf\">Decision for the time being on the criteria and practices of giving TaiYo's grants<\/a><br \/><a title=\"Muut toistaisp\u00e4\u00e4t\u00f6kset\" href=\"https:\/\/taiyo.fi\/wp-content\/uploads\/2013\/02\/muut-toistaispc3a4c3a4tc3b6kset.pdf\">Muut toistaisp\u00e4\u00e4t\u00f6kset<\/a><\/p>\r\n<p><a href=\"https:\/\/taiyo.fi\/wp-content\/uploads\/2022\/06\/Asiakirjajulkisuuskuvaus.pdf\"><strong>TaiYo:n asiakirjajulkisuuskuvaus<\/strong><\/a><\/p>\r\n<p class=\"translation-block\"><strong>Practice Etiquette for Sibelius Academy Students<\/strong><br><a title=\"Harjoitteluetiketti English pikaohje\" href=\"https:\/\/taiyo.fi\/wp-content\/uploads\/2020\/02\/Harjoitteluetiketti-English-pikaohje.pdf\" target=\"_self\">Practice Etiquette 1.1.2020 quick guide<\/a><\/p>\r\n<p>&nbsp;<\/p>\r\n\r\n<p class=\"wp-block-paragraph\">&nbsp;<\/p>","protected":false},"excerpt":{"rendered":"<p>T\u00e4lle sivulle on koottu ylioppilaskunnan s\u00e4\u00e4nn\u00f6st\u00f6 ja muut toimintaa ohjaavat dokumentit. Omien s\u00e4\u00e4nt\u00f6jen ja p\u00e4\u00e4t\u00f6sten lis\u00e4ksi ylioppilaskunnasta s\u00e4\u00e4det\u00e4\u00e4n yliopistolaissa ja valtioneuvoston asetuksessa. [&hellip;]<\/p>\n","protected":false},"author":13,"featured_media":0,"parent":296,"menu_order":80,"comment_status":"open","ping_status":"open","template":"","meta":{"_coblocks_attr":"","_coblocks_dimensions":"","_coblocks_responsive_height":"","_coblocks_accordion_ie_support":"","_crdt_document":"","advanced_seo_description":"","jetpack_seo_html_title":"","jetpack_seo_noindex":false,"footnotes":""},"class_list":["post-325","page","type-page","status-publish","hentry"],"jetpack_sharing_enabled":true,"jetpack_shortlink":"https:\/\/wp.me\/P2w00X-5f","jetpack_likes_enabled":true,"amp_enabled":true,"_links":{"self":[{"href":"https:\/\/taiyo.fi\/en\/wp-json\/wp\/v2\/pages\/325","targetHints":{"allow":["GET"]}}],"collection":[{"href":"https:\/\/taiyo.fi\/en\/wp-json\/wp\/v2\/pages"}],"about":[{"href":"https:\/\/taiyo.fi\/en\/wp-json\/wp\/v2\/types\/page"}],"author":[{"embeddable":true,"href":"https:\/\/taiyo.fi\/en\/wp-json\/wp\/v2\/users\/13"}],"replies":[{"embeddable":true,"href":"https:\/\/taiyo.fi\/en\/wp-json\/wp\/v2\/comments?post=325"}],"version-history":[{"count":74,"href":"https:\/\/taiyo.fi\/en\/wp-json\/wp\/v2\/pages\/325\/revisions"}],"predecessor-version":[{"id":16123,"href":"https:\/\/taiyo.fi\/en\/wp-json\/wp\/v2\/pages\/325\/revisions\/16123"}],"up":[{"embeddable":true,"href":"https:\/\/taiyo.fi\/en\/wp-json\/wp\/v2\/pages\/296"}],"wp:attachment":[{"href":"https:\/\/taiyo.fi\/en\/wp-json\/wp\/v2\/media?parent=325"}],"curies":[{"name":"wp","href":"https:\/\/api.w.org\/{rel}","templated":true}]}}