{"id":321,"date":"2013-02-08T13:35:08","date_gmt":"2013-02-08T11:35:08","guid":{"rendered":"http:\/\/taiyo.fi\/?page_id=321"},"modified":"2026-01-29T17:14:26","modified_gmt":"2026-01-29T15:14:26","slug":"halloped","status":"publish","type":"page","link":"https:\/\/taiyo.fi\/en\/ylioppilaskunta\/halloped\/","title":{"rendered":"Student representatives in university administration"},"content":{"rendered":"\r\n<p class=\"has-medium-font-size wp-block-paragraph\"><a href=\"#mik\u00e4halloped\" data-type=\"internal\" data-id=\"#mik\u00e4halloped\">Mik\u00e4 halloped?<br \/><\/a><a href=\"#hakeminenhallopediksi\">Hakeminen hallopediksi<\/a><a href=\"#hakeminenhallopediksi\" data-type=\"internal\" data-id=\"#hakeminenhallopediksi\"><br \/><\/a><a href=\"#hallopedinatoimiminen\">Hallopedina toimiminen<\/a><br \/><a href=\"#keskeisimm\u00e4thallopedit\">Keskeisimm\u00e4t hallopedit<\/a><br \/><a href=\"#avoimethallopedpaikat\">Avoimet halloped-paikat<\/a><\/p>\r\n\r\n\r\n<hr class=\"wp-block-separator is-style-default\" \/>\r\n\r\n\r\n<h3 class=\"wp-block-heading\" id=\"mik\u00e4halloped\">Mik\u00e4 halloped?<\/h3>\r\n\r\n\r\n\r\n<p class=\"wp-block-paragraph\">Hallinnon opiskelijaedustajat eli <strong>hallopedit<\/strong> ovat ylioppilaskunnan nimitt\u00e4mi\u00e4 opiskelijoita, jotka toimivat yliopiston eri toimielimiss\u00e4 edustamassa kaikkia Taideyliopiston opiskelijoita. Opiskelijaedustajana p\u00e4\u00e4see vaikuttamaan konkreettisesti yliopiston asioihin, antamaan omaa osaamistaan yliopistoyhteis\u00f6n k\u00e4ytt\u00f6\u00f6n ja avartamaan k\u00e4sityst\u00e4\u00e4n yliopiston toiminnasta. Hallopedina toimiessa oppii kokous- ja neuvottelutaitoja sek\u00e4 paljon uutta mm. opetuksen kehitt\u00e4misest\u00e4, yliopiston hallinnosta ja henkil\u00f6st\u00f6asioista. Sen lis\u00e4ksi teht\u00e4vist\u00e4 maksetaan my\u00f6s kokouspalkkio.<\/p>\r\n\r\n\r\n\r\n\r\n<hr class=\"wp-block-separator is-style-wide\" \/>\r\n\r\n\r\n<h3 class=\"wp-block-heading\" id=\"hakeminenhallopediksi\">Hakeminen hallopediksi<strong><br \/><\/strong><\/h3>\r\n\r\n\r\n\r\n<p class=\"wp-block-paragraph\">Halloped-hakuilmoitukset julkaistaan n\u00e4ill\u00e4 sivuilla kohdassa <a href=\"http:\/\/taiyo.fi\/avoimet-luottamuspaikat\/\">Avoimet luottamuspaikat<\/a>, mink\u00e4 lis\u00e4ksi tietoa avoimista paikoista levitet\u00e4\u00e4n mm. ylioppilaskunnan s\u00e4hk\u00f6postitiedotteissa ja sosiaalisessa mediassa. Hakuilmoituksista selvi\u00e4\u00e4 aina tarkemmin, miten haku tapahtuu ja ketk\u00e4 teht\u00e4v\u00e4\u00e4n voivat hakea. P\u00e4\u00e4s\u00e4\u00e4nt\u00f6isesti hallopediksi voivat hakea l\u00e4sn\u00e4olevaksi ilmoittautuneet Taideyliopiston opiskelijat t\u00e4ytt\u00e4m\u00e4ll\u00e4 hakulomakkeen osoitteessa <a href=\"http:\/\/www.taiyo.fi\/hakemus-opiskelijaedustajaksi\">www.taiyo.fi\/hakemus-opiskelijaedustajaksi<\/a>. Akatemiatason toimielimiin edustajat valitaan p\u00e4\u00e4s\u00e4\u00e4nt\u00f6isesti kyseisen akatemian opiskelijoiden keskuudesta.<\/p>\r\n<p>Hallinnon opiskelijaedustajien nimitt\u00e4minen on ylioppilaskunnan lakis\u00e4\u00e4teinen teht\u00e4v\u00e4. T\u00e4m\u00e4n vuoksi kaikki hallinnon opiskelijaedustajien valintaa koskevat asiakirjat ovat julkisia, samoin tiedot valituista opiskelijaedustajista. Lis\u00e4tietoa TaiYo:n asiakirjojen julkisuudesta saat <a href=\"https:\/\/taiyo.fi\/wp-content\/uploads\/2022\/06\/Asiakirjajulkisuuskuvaus.pdf\">Asiakirjajulkisuuskuvauksesta (linkki).<\/a><\/p>\r\n\r\n\r\n<hr class=\"wp-block-separator aligncenter is-style-default\" \/>\r\n\r\n\r\n<h3 class=\"wp-block-heading\" id=\"hallopedinatoimiminen\">Hallopedina toimiminen<\/h3>\r\n\r\n\r\n\r\n<p class=\"wp-block-paragraph\">Halloped edustaa aina kaikkia opiskelijoita, mik\u00e4 on t\u00e4rke\u00e4 teht\u00e4v\u00e4. K\u00e4yt\u00e4nn\u00f6ss\u00e4 hallopedina toimiminen koostuu p\u00e4\u00e4asiassa kokouksista ja niihin valmistautumisesta. Valmistautuminen on usein se olennaisin osa: jos materiaaleissa on jotain h\u00e4m\u00e4r\u00e4\u00e4 tai jos haluaisit muuttaa esitetty\u00e4 p\u00e4\u00e4t\u00f6st\u00e4 muttet tied\u00e4 miten, ota yhteytt\u00e4 ylioppilaskuntaan! Hallopedeill\u00e4 on oikeus hy\u00f6dynt\u00e4\u00e4 ylioppilaskunnan resursseja kohtuullisissa m\u00e4\u00e4rin. Vastaavasti hallopedill\u00e4 on velvollisuus osallistua toimielimen toimintaan. Allaolevassa pikaoppaassa on lis\u00e4\u00e4 tietoa hallopedina toimimisesta.<\/p>\r\n\r\n\r\n\r\n<p class=\"wp-block-paragraph\"><a href=\"https:\/\/taiyo.fi\/wp-content\/uploads\/2025\/07\/Opas-hallinnon-opiskelijaedustajalle-2025.pdf\">Opas hallinnon opiskelijaedustajalle 2025<\/a><\/p>\r\n\r\n\r\n<hr class=\"wp-block-separator\" \/>\r\n\r\n\r\n<h3 class=\"wp-block-heading\" id=\"keskeisimm\u00e4thallopedit\">Keskeisimm\u00e4t hallinnon opiskelijaedustajat<\/h3>\r\n\r\n\r\n\r\n\r\n\r\n<p class=\"wp-block-paragraph\"><strong>Taideyliopiston hallitus<\/strong><br \/>Heidi Backstr\u00f6m<br \/>Jesse H\u00e4yh\u00e4<br \/><br \/><\/p>\r\n\r\n\r\n\r\n<p class=\"wp-block-paragraph\"><strong>Taideyliopiston yliopistokollegio<br \/><\/strong>Gabriel Thiam (KuvA), <em>varaj\u00e4sen Angelica Begazo (SibA)\u00a0<\/em><br \/>Ellenor Rose Nish (KuvA), <em>varaj\u00e4sen Malcolm af Donner (KuvA)<\/em><br \/>Sara Pollari (TeaK), <em>varaj\u00e4sen Omotola Adeshina (SibA)<\/em><br aria-hidden=\"true\" \/>Olavi Ermala (TeaK), <em>varaj\u00e4sen B\u00e1lint Barcsai (TeaK)<\/em><br \/>Oula Hyle (SibA), <em>varaj\u00e4sen Mira Laine (SibA)<\/em><br \/>Javier Navarro Lara (SibA),<em> varaj\u00e4sen Maissi Uusitalo (SibA)\u00a0<br \/><br \/><\/em><\/p>\r\n<p><strong>Taideyliopiston perustutkintokoulutuksen johtoryhm\u00e4 (PJORY)<br \/><\/strong>Teea Aarnio<br \/>Moona Ranta<br \/><br \/><\/p>\r\n<p><strong>Tutkintolautakunta<br \/><\/strong>Oula Hyle<br \/>Anna Kirvesniemi (varaj\u00e4sen)<br \/><br \/><\/p>\r\n<p><strong>Taideyliopiston tutkimuksen ja tohtorikoulutuksen johtoryhm\u00e4<br \/><\/strong>Jaime Belmonte<br \/><br \/><\/p>\r\n\r\n\r\n\r\n\r\n\r\n<p class=\"wp-block-paragraph\"><strong>Kuvataideakatemian johtokunta<\/strong><br \/><em>1.1.2026-31.12.2026<br \/><\/em>Jaakko Pennanen<br \/>Raisa M\u00e4kinen<br \/>Peppilotta Otranen<\/p>\r\n\r\n\r\n\r\n\r\n\r\n<p class=\"wp-block-paragraph\"><strong>Sibelius-Akatemian johtokunta<br \/><\/strong><em>1.1.2026-31.12.2026<br \/><\/em>Joanna Hilve<br \/>Kikko Siltanen<br \/>Cris Arroyo Perez<br \/>Artturi Vuorinen (varaj\u00e4sen)<\/p>\r\n\r\n\r\n\r\n\r\n\r\n<p class=\"wp-block-paragraph\"><strong>Teatterikorkeakoulun johtokunta<br \/><\/strong><em>1.1.2026-31.12.2026<br \/><\/em>B\u00e1lint Barcsai<br \/>Moona Ranta<br \/>Antti Kulmala<br \/>Hanna Pajala-Assefa (varaj\u00e4sen)<\/p>\r\n\r\n\r\n\r\n<p class=\"wp-block-paragraph\"><strong>Teatterikorkeakoulun opetusneuvosto<\/strong><br \/>Olavi Ermala<br \/>Julia Kr\u00f3l<br \/>Li Krook (varaj\u00e4sen)<br \/>B\u00e1lint Barcsai (varaj\u00e4sen)<br \/><br \/><\/p>\r\n\r\n\r\n\r\n<p class=\"wp-block-paragraph\"><strong>Teatterikorkeakoulun tutkimusneuvosto<\/strong><br \/>Riina Hannuksela<br \/><em>varaj\u00e4senen paikka auki<\/em><\/p>\r\n<p>&nbsp;<\/p>\r\n\r\n\r\n\r\n<p class=\"wp-block-paragraph\">S\u00e4hk\u00f6postiosoitteet ovat muotoa [etunimi.sukunimi@uniarts.fi].<\/p>\r\n\r\n\r\n<hr class=\"wp-block-separator\" \/>\r\n\r\n\r\n<h3 class=\"wp-block-heading\" id=\"avoimethallopedpaikat\">Avoimet halloped-paikat<\/h3>\r\n\r\n\r\n\r\n<p class=\"wp-block-paragraph\"><strong>Avoimet halloped-paikat l\u00f6yd\u00e4t <a href=\"https:\/\/taiyo.fi\/avoimet-luottamuspaikat\/\">t\u00e4\u00e4lt\u00e4<\/a><\/strong><\/p>\r\n","protected":false},"excerpt":{"rendered":"<p>Mik\u00e4 halloped?Hakeminen hallopediksiHallopedina toimiminenKeskeisimm\u00e4t hallopeditAvoimet halloped-paikat Mik\u00e4 halloped? Hallinnon opiskelijaedustajat eli hallopedit ovat ylioppilaskunnan nimitt\u00e4mi\u00e4 opiskelijoita, jotka toimivat yliopiston eri toimielimiss\u00e4 edustamassa [&hellip;]<\/p>\n","protected":false},"author":13,"featured_media":0,"parent":296,"menu_order":60,"comment_status":"open","ping_status":"open","template":"","meta":{"_coblocks_attr":"","_coblocks_dimensions":"","_coblocks_responsive_height":"","_coblocks_accordion_ie_support":"","_crdt_document":"","advanced_seo_description":"","jetpack_seo_html_title":"","jetpack_seo_noindex":false,"footnotes":""},"class_list":["post-321","page","type-page","status-publish","hentry"],"jetpack_sharing_enabled":true,"jetpack_shortlink":"https:\/\/wp.me\/P2w00X-5b","jetpack_likes_enabled":true,"amp_enabled":true,"_links":{"self":[{"href":"https:\/\/taiyo.fi\/en\/wp-json\/wp\/v2\/pages\/321","targetHints":{"allow":["GET"]}}],"collection":[{"href":"https:\/\/taiyo.fi\/en\/wp-json\/wp\/v2\/pages"}],"about":[{"href":"https:\/\/taiyo.fi\/en\/wp-json\/wp\/v2\/types\/page"}],"author":[{"embeddable":true,"href":"https:\/\/taiyo.fi\/en\/wp-json\/wp\/v2\/users\/13"}],"replies":[{"embeddable":true,"href":"https:\/\/taiyo.fi\/en\/wp-json\/wp\/v2\/comments?post=321"}],"version-history":[{"count":71,"href":"https:\/\/taiyo.fi\/en\/wp-json\/wp\/v2\/pages\/321\/revisions"}],"predecessor-version":[{"id":15994,"href":"https:\/\/taiyo.fi\/en\/wp-json\/wp\/v2\/pages\/321\/revisions\/15994"}],"up":[{"embeddable":true,"href":"https:\/\/taiyo.fi\/en\/wp-json\/wp\/v2\/pages\/296"}],"wp:attachment":[{"href":"https:\/\/taiyo.fi\/en\/wp-json\/wp\/v2\/media?parent=321"}],"curies":[{"name":"wp","href":"https:\/\/api.w.org\/{rel}","templated":true}]}}