{"id":316,"date":"2013-02-08T13:28:51","date_gmt":"2013-02-08T11:28:51","guid":{"rendered":"http:\/\/taiyo.fi\/?page_id=316"},"modified":"2026-03-09T19:51:22","modified_gmt":"2026-03-09T17:51:22","slug":"sektorit-ja-jaostot","status":"publish","type":"page","link":"https:\/\/taiyo.fi\/en\/ylioppilaskunta\/sektorit-ja-jaostot\/","title":{"rendered":"Academy Committees and Department Clubs"},"content":{"rendered":"<h2>Academy Committees<\/h2>\n<p>Three academy-specific committees (jaosto in Finnish) operate under the University of the Arts Student Union: Academy of Fine Arts committee, Sibelius Academy committee and Theatre Academy committee. Each committee operates as a link between the students of its academy, organises academy-specific events, maintains the student traditions of the academy, and also participates in supervising the interests of its field and its students to the best of its ability.<\/p>\n<p>For additional information on the committees and their activities, please contact the committee chairs:<\/p>\n<p><strong>KuvA committee<\/strong>:<\/p>\n<p>Interested in the work of Kuva committee? Contact the committee's contact persons:<\/p>\n<p>Saga Suni (saga.suni@uniarts.fi)<\/p>\n<p>&nbsp;<\/p>\n<p><strong>SibA-jaosto \u2013 SibA United<\/strong><\/p>\n<p>SibA United on Sibelius-Akatemian opiskelijoiden ainej\u00e4rjest\u00f6jen ja opiskelijaedustajien liitto, joka keskittyy yhteisten tapahtumien luomiseen ja kehitt\u00e4miseen SibAn kampuksilla. Toimimme TaiYon rohkaisemana jaoston asemassa! Kutsumme kaikkin opiskelijat matalalla kynnyksell\u00e4 mukaan tomintaamme, avoimiin kokouksiin ja varsinaisee tapahtumatuotantoon.<\/p>\n<p>S\u00e4hk\u00f6posti: siba.jaosto@uniarts.fi<br \/>\nInstagram: @siba.united<\/p>\n<p>Puheenjohtaja: Maissi Uusitalo maissi.uusitalo@uniarts.fi<br \/>\nVarapuheenjohtaja: Ville Halkosalmi ville.halkosalmi@uniarts.fi<\/p>\n<p>&nbsp;<\/p>\n<p><strong>TeaK committee<\/strong><\/p>\n<p>Want to participate on the committee's work? Contact the chairs!<\/p>\n<p>Maija Antikainen, teak.jaosto-pj (at) uniarts.fi<\/p>\n<p>&nbsp;<\/p>\n<div data-olk-copy-source=\"MessageBody\"><strong>UADoRe<br \/>\n<\/strong><br \/>\nTaideyliopiston v\u00e4it\u00f6stutkijat &#8211; Uniarts Doctoral Researchers<\/div>\n<div data-olk-copy-source=\"MessageBody\"><\/div>\n<div data-olk-copy-source=\"MessageBody\">Committee for Uniarts doctoral researchers.\u00a0<\/div>\n<div>Please be in touch: uniarts.dore@uniarts.fi<\/div>\n<div><\/div>\n<h2>Department Clubs<\/h2>\n<p>Department clubs are student organisations aimed at bringing together students of the same subject or field, promoting their interests and organising activities. In addition to student union activities, you can experience traditional student culture through department clubs, and at the same time you can influence the affairs of your own field of study and department.<\/p>\n<p>Taideyliopistossa ainej\u00e4rjest\u00f6j\u00e4 toimii t\u00e4ll\u00e4 hetkell\u00e4 l\u00e4hinn\u00e4 Sibelius-Akatemiassa, jonka ainej\u00e4rjest\u00f6t on esitelty alla. Lis\u00e4ksi Teatterikorkeakoulussa toimii valo- ja \u00e4\u00e4nisuunnittelun opiskelijoiden yhdistys V\u00c4Sy.<\/p>\n<h3>Kamus<\/h3>\n<p>The purpose of the club is to promote the interests of folk music students and to act as a link between staff and students. The club also promotes the well-being of students by organising jam sessions, parties and other recreational activities and by taking part in artistic conversation within the Academy. The club participates in the teachers\u2019 weekly meetings and reports on the topics discussed to the students.<\/p>\n<p>Puheenjohtajana toimii vuonna 2025 Kerttu Luotamo (kerttu.luotamo (at) uniarts.fi)<\/p>\n<h3>Kimu ry<\/h3>\n<p>Kimu ry toimii Sibelius-Akatemian kirkkomusiikin ja urkujen aineryhm\u00e4n opiskelijoiden etuj\u00e4rjest\u00f6n\u00e4 ja edist\u00e4\u00e4 j\u00e4sentens\u00e4 v\u00e4list\u00e4 yhteistoimintaa. Kimu ry:n varsinaisiksi j\u00e4seniksi voivat liitty\u00e4 Sibelius-Akatemian Helsingin kirkkomusiikin ja urkujen aineryhm\u00e4n tutkinto-opiskelijat ja kannatusj\u00e4seniksi kaikki halukkaat.<\/p>\n<p>The club organises fun recreational activities such as trips, gatherings and matin\u00e9es for the department\u2019s members. Kimu also engages in active dialogue with the department\u2019s leadership and oversees matters related to studies.<\/p>\n<p>Yhdistyksen teht\u00e4vi\u00e4 hoitaa eri vuosikurssien opiskelijoista koostuva hallitus, joka valitaan vuosikokouksessa syyslukukaudella. Tapahtumista tiedotetaan joko N-talon kellarikerroksen \u201dKimun mutkan\u201d ilmoitustaulun tai s\u00e4hk\u00f6postilistan kautta. Vuonna 2025 Kimu ry:n puheenjohtajana toimii Susanna Rantakyl\u00e4 (susanna.rantakyla (at) uniarts.fi).<\/p>\n<h3>Kukko ry<\/h3>\n<p>Kukko promotes and oversees the well-being of its members. The department club strives to bridge the gap between the students and the staff and works in close cooperation with the department staff. Kukko\u2019s mission is to make the study environment more functional and fun for everyone.<\/p>\n<p>Besides taking care of student affairs, Kukko also organises recreational events, concerts and fun parties that increase students\u2019 well-being and positive attitude towards life.<\/p>\n<p>Vuonna 2025 Kukko ry:t\u00e4 johtaa Martin Iivarinen.<br \/>\nS\u00e4hk\u00f6postiosoite: rykukko@gmail.com<\/p>\n<h3>Kumulaatio ry<\/h3>\n<div class=\"x_elementToProof\" data-olk-copy-source=\"MessageBody\">Taideyliopiston Sein\u00e4joen yksik\u00f6ss\u00e4 k\u00e4ynnistyi vuonna 2022 kulttuurisen musiikintutkimuksen koulutusohjelma, jonka opiskelijoiden ainej\u00e4rjest\u00f6n\u00e4 toimii Kumulaatio, eli Kulttuurisen musiikintutkimuksen opiskelijat ry.<\/div>\n<div><\/div>\n<div class=\"x_elementToProof\">Kumulaatio edist\u00e4\u00e4 j\u00e4sentens\u00e4 etuja ja yhteis\u00f6n rakentumista j\u00e4rjest\u00e4m\u00e4ll\u00e4 tapahtumia, keskustelemalla koulutusohjelman opettajien kanssa sek\u00e4 osallistumalla Taideyliopiston opiskelijakulttuurin muodostamiseen yhteisty\u00f6ss\u00e4 muiden ainej\u00e4rjest\u00f6jen kanssa.<\/div>\n<div class=\"x_elementToProof\">Kumulaation varsinaisiksi j\u00e4seniksi voivat liitty\u00e4 kaikki Sibelius-Akatemian opiskelijat ja vaihto-opiskelijat. Toiminnastaan Kumulaatio tiedottaa j\u00e4seni\u00e4\u00e4n s\u00e4hk\u00f6postin ja WhatsAppin v\u00e4lityksell\u00e4 sek\u00e4 sosiaalisessa mediassa (@kumulaatiory).<\/div>\n<div><\/div>\n<div class=\"x_elementToProof\">Kumulaation toimintaa py\u00f6ritt\u00e4\u00e4 hallitus, jonka puheenjohtajana toimii Suvi Vendelin.<\/div>\n<div class=\"x_elementToProof\">Kumulaation s\u00e4hk\u00f6posti: kumulaatio.ry@gmail.com<\/div>\n<h3>Maine ry<\/h3>\n<div>\n<div dir=\"auto\"><span data-olk-copy-source=\"MessageBody\">Maine ry on vuonna 2005 perustettu Sibelius-Akatemian musiikkikasvattajien opiskelijoiden ainej\u00e4rjest\u00f6, jonka perusj\u00e4seniksi voivat liitty\u00e4 kaikki Sibelius-Akatemiassa musiikkikasvatuksen aineryhm\u00e4ss\u00e4 tutkintoa suorittavat opiskelijat. My\u00f6s vaihto-opiskelijat ovat tervetulleita liittym\u00e4\u00e4n ainej\u00e4rjest\u00f6\u00f6n.<\/span><\/div>\n<div dir=\"auto\">\n<div>\n<p dir=\"auto\">Maine ry:n teht\u00e4v\u00e4n\u00e4 on huolehtia j\u00e4sentens\u00e4 opiskeluaikaisesta hyvinvoinnista j\u00e4rjest\u00e4m\u00e4ll\u00e4 tapahtumia ja muuta virkistystoimintaa sek\u00e4 toimia musiikkikasvatuksen opiskelijoiden edunajajana. Maine ry ottaa kantaa j\u00e4senist\u00f6\u00e4\u00e4n koskevaan koulutuspoliittiseen keskusteluun niin Taideyliopistossa kuin laajemmalti yhteiskunnassa. J\u00e4rjest\u00f6 toimii yhteisty\u00f6ss\u00e4 muiden Sibelius-Akatemian ainej\u00e4rjest\u00f6jen, Taideyliopiston ylioppilaskunnan ja muiden SOOL:in eli Suomen Opettajaksi Opiskelevien Liiton alaisten ainej\u00e4rjest\u00f6jen kanssa.<\/p>\n<p dir=\"auto\">Maine ry tiedottaa j\u00e4seni\u00e4\u00e4n ajankohtaisista asioista ja tapahtumista s\u00e4hk\u00f6postitse, sosiaalisessa mediassa (@maineryofficial) ja WhatsApp-yhteis\u00f6n kautta. Maine ry:n vuosikokoukset j\u00e4rjestet\u00e4\u00e4n kev\u00e4\u00e4ll\u00e4 ja syksyll\u00e4. Syksyn kokouksessa j\u00e4senist\u00f6 valitsee keskuudestaan hallituksen seuraavan vuoden ajalle. Voit tutustua Maine ry:n hallitukseen osoitteessa\u00a0<a title=\"Alkuper\u00e4inen URL-osoite: https:\/\/maine.nettisivut.fi\/. Napsauta tai napauta, jos luotat t\u00e4h\u00e4n linkkiin.\" href=\"https:\/\/eur03.safelinks.protection.outlook.com\/?url=https%3A%2F%2Fmaine.nettisivut.fi%2F&amp;data=05%7C02%7Cester.sundstrom%40uniarts.fi%7Ce80bd2a30536457cb45608dd42f29eae%7C6d91fdaf2bb0431db89064c148694bac%7C0%7C0%7C638740332014218784%7CUnknown%7CTWFpbGZsb3d8eyJFbXB0eU1hcGkiOnRydWUsIlYiOiIwLjAuMDAwMCIsIlAiOiJXaW4zMiIsIkFOIjoiTWFpbCIsIldUIjoyfQ%3D%3D%7C0%7C%7C%7C&amp;sdata=Mb8LZEVvjjxM5ijb9LwlhCD7DD8A3xF1LStmqx2kXyE%3D&amp;reserved=0\" target=\"_blank\" rel=\"noopener noreferrer\" data-auth=\"Verified\" data-linkindex=\"0\">https:\/\/maine.nettisivut.fi<\/a>.<\/p>\n<p dir=\"auto\">Maine ry:n s\u00e4hk\u00f6postiosoite on\u00a0<a title=\"mailto:maineen.oma@gmail.com\" href=\"mailto:maineen.oma@gmail.com\" data-linkindex=\"1\">maineen.oma@gmail.com<\/a>.<\/p>\n<p dir=\"auto\">\n<\/div>\n<\/div>\n<\/div>\n<h3>Sakko ry<\/h3>\n<p>Taideyliopiston Sibelius-Akatemian Kuopion osaston opiskelijoiden oma opiskelijayhdistys SAKKO ry, eli Sibelius-Akatemian Kuopion opiskelijat ry, on perustettu vuonna 1989. SAKKO ry toimii opiskelijoiden edunvalvontaj\u00e4rjest\u00f6n\u00e4, sek\u00e4 j\u00e4rjest\u00e4\u00e4 mm. vapaa-ajan toimintaa, retki\u00e4 ja opintomatkoja.<\/p>\n<p>Yhdistyksen puheenjohtaja ja hallitus valitaan vuosittain syksyll\u00e4 yleiskokouksessa. Hallitukseen kuuluu puheenjohtajan lis\u00e4ksi nelj\u00e4 j\u00e4sent\u00e4 sek\u00e4 ensimm\u00e4isen vuosikurssin tarkkailijaj\u00e4sen. Hallituksen teht\u00e4viin kuuluu olla opiskelijoiden tukena ja \u00e4\u00e4nitorvena.<\/p>\n<p>Sakko ry:n puheenjohtajana toimii <strong>Lilja Airas (lilja.airas (at) uniarts.fi)<\/strong><\/p>\n<h3>Sima ry<\/h3>\n<p>SIMA (Sibelius Academy Managers of Arts) was founded in 2007, when the Arts Management programme in SibA turned 10 years. The club promotes the students in Arts Management and helps them with their ambitions, be they social, artistic, societal or other. It also wants to promote the national and international visibility of Arts Management as a field of study.<\/p>\n<p>All registered Arts Management students are welcome to join as full members, as are exchange students studying in the Master\u2019s programme for at least three months, as long as they accept the rules of the department club.<\/p>\n<p>SIMA ry:t\u00e4 py\u00f6ritt\u00e4\u00e4 hallitus, jonka puheenjohtajana toimii Kara Koskinen (<strong>kara.koskinen (at) uniarts.fi<\/strong>)<\/p>\n<h3>Unisono ry<\/h3>\n<p>Unisono ry on Sibelius-Akatemian klassisen musiikin instrumenttiopiskelijoiden ainej\u00e4rjest\u00f6. Ota yhteytt\u00e4: unisonory@gmail.com<\/p>","protected":false},"excerpt":{"rendered":"<p>Jaostot Taideyliopiston ylioppilaskunnan alaisuudessa toimii kolme akatemiakohtaista\u00a0 jaostoa: Kuvataideakatemian jaosto, Sibelius-Akatemian jaosto ja Teatterikorkeakoulun jaosto. Jaostot toimivat oman akatemiansa opiskelijoiden yhdyssiteen\u00e4, huolehtivat [&hellip;]<\/p>\n","protected":false},"author":13,"featured_media":0,"parent":296,"menu_order":40,"comment_status":"open","ping_status":"open","template":"","meta":{"_coblocks_attr":"","_coblocks_dimensions":"","_coblocks_responsive_height":"","_coblocks_accordion_ie_support":"","_crdt_document":"","advanced_seo_description":"","jetpack_seo_html_title":"","jetpack_seo_noindex":false,"footnotes":""},"class_list":["post-316","page","type-page","status-publish","hentry"],"jetpack_sharing_enabled":true,"jetpack_shortlink":"https:\/\/wp.me\/P2w00X-56","jetpack_likes_enabled":true,"amp_enabled":true,"_links":{"self":[{"href":"https:\/\/taiyo.fi\/en\/wp-json\/wp\/v2\/pages\/316","targetHints":{"allow":["GET"]}}],"collection":[{"href":"https:\/\/taiyo.fi\/en\/wp-json\/wp\/v2\/pages"}],"about":[{"href":"https:\/\/taiyo.fi\/en\/wp-json\/wp\/v2\/types\/page"}],"author":[{"embeddable":true,"href":"https:\/\/taiyo.fi\/en\/wp-json\/wp\/v2\/users\/13"}],"replies":[{"embeddable":true,"href":"https:\/\/taiyo.fi\/en\/wp-json\/wp\/v2\/comments?post=316"}],"version-history":[{"count":92,"href":"https:\/\/taiyo.fi\/en\/wp-json\/wp\/v2\/pages\/316\/revisions"}],"predecessor-version":[{"id":16130,"href":"https:\/\/taiyo.fi\/en\/wp-json\/wp\/v2\/pages\/316\/revisions\/16130"}],"up":[{"embeddable":true,"href":"https:\/\/taiyo.fi\/en\/wp-json\/wp\/v2\/pages\/296"}],"wp:attachment":[{"href":"https:\/\/taiyo.fi\/en\/wp-json\/wp\/v2\/media?parent=316"}],"curies":[{"name":"wp","href":"https:\/\/api.w.org\/{rel}","templated":true}]}}