{"id":310,"date":"2013-02-08T13:16:14","date_gmt":"2013-02-08T11:16:14","guid":{"rendered":"http:\/\/taiyo.fi\/?page_id=310"},"modified":"2026-01-09T11:36:23","modified_gmt":"2026-01-09T09:36:23","slug":"hallitus","status":"publish","type":"page","link":"https:\/\/taiyo.fi\/en\/ylioppilaskunta\/hallitus\/","title":{"rendered":"The Board"},"content":{"rendered":"<p>The Executive Board leads the every day affairs TaiYo. In practice, the board is responsible for the Plan of Work for the year, arranging events, speaking on behalf of the union, representing the union and making sure the interests of art students are advanced. The Board is chosen for a calendar year by the Representative Council, to whom the Board is accountable for their actions.<\/p>\r\n<p class=\"translation-block\">The Board usually meets once a week during semesters. The meetings\u2019 lists of decisions are published on this website under <a href=\"http:\/\/taiyo.fi\/en\/ylioppilaskunta\/ilmoitustaulu\/\" target=\"_self\">Notice Board<\/a>(only in Finnish).<\/p>\r\n\r\n<h3 class=\"wp-block-heading\"><strong>TaiYo:n hallitus 2026<\/strong><\/h3>\r\n<p><strong>Mikko Aaltio<\/strong><br \/><strong>chair of the board<br \/><\/strong><em>Kest\u00e4v\u00e4 kehitys &amp; ymp\u00e4srist\u00f6<\/em><br \/>taiyo-pj (at) uniarts.fi<br \/><br \/><strong>Victoria Sofia Gasca<br \/><\/strong><strong>vice chair of the board<br \/><\/strong><i>Vapaan taiteen tila, kansainv\u00e4liset opiskelijat<\/i><strong><br \/><\/strong>victoria.gasca.guzman (at) uniarts.fi<br \/><br \/><strong>Baraka Issabu<br \/>vice chair of the board<br \/><\/strong><i><em>Sosiaalipolitiikka<\/em><br \/><\/i>baraka.issabu (at) uniarts.fi<br \/><br \/><strong>Markus Snellman<br \/><\/strong><i>Taide- ja kulttuuripolitiikka, koulutuspolitiikka<br \/><\/i>markus.snellman (at) uniarts.fi<br \/><br \/><strong>Mathias Waenerberg<\/strong><em><br \/>Taide- ja kulttuuripolitiikka, koulutuspolitiikka<br \/><\/em>mathias.waenerberg (at) uniarts.fi<\/p>\r\n<p><strong>Tea Sir\u00e9n<br \/><\/strong><em>Viestint\u00e4, tapahtumat<\/em><br \/>tea.siren (at) uniarts.fi<\/p>\r\n<p><strong>Milena Albanese<br \/><\/strong><em>Jaostot ja j\u00e4rjest\u00f6t, tuutorointi, tapahtumat<\/em><br \/>milena.albanese (at) uniarts.fi<\/p>\r\n<p>\r\n\r\n<\/p>\r\n<!-- \/wp:post-content -->","protected":false},"excerpt":{"rendered":"<p>Hallitus johtaa TaiYo:n toimintaa ja arkea. K\u00e4yt\u00e4nn\u00f6ss\u00e4 hallitus vastaa toimintasuunnitelman toteuttamisesta, j\u00e4rjest\u00e4\u00e4 tapahtumia, ottaa kantaa TaiYo:n nimiss\u00e4, edustaa ylioppilaskuntaa ja huolehtii p\u00e4ivitt\u00e4in [&hellip;]<\/p>\n","protected":false},"author":13,"featured_media":0,"parent":296,"menu_order":20,"comment_status":"open","ping_status":"open","template":"","meta":{"_coblocks_attr":"","_coblocks_dimensions":"","_coblocks_responsive_height":"","_coblocks_accordion_ie_support":"","_crdt_document":"","advanced_seo_description":"","jetpack_seo_html_title":"","jetpack_seo_noindex":false,"footnotes":""},"class_list":["post-310","page","type-page","status-publish","hentry"],"jetpack_sharing_enabled":true,"jetpack_shortlink":"https:\/\/wp.me\/P2w00X-50","jetpack_likes_enabled":true,"amp_enabled":true,"_links":{"self":[{"href":"https:\/\/taiyo.fi\/en\/wp-json\/wp\/v2\/pages\/310","targetHints":{"allow":["GET"]}}],"collection":[{"href":"https:\/\/taiyo.fi\/en\/wp-json\/wp\/v2\/pages"}],"about":[{"href":"https:\/\/taiyo.fi\/en\/wp-json\/wp\/v2\/types\/page"}],"author":[{"embeddable":true,"href":"https:\/\/taiyo.fi\/en\/wp-json\/wp\/v2\/users\/13"}],"replies":[{"embeddable":true,"href":"https:\/\/taiyo.fi\/en\/wp-json\/wp\/v2\/comments?post=310"}],"version-history":[{"count":65,"href":"https:\/\/taiyo.fi\/en\/wp-json\/wp\/v2\/pages\/310\/revisions"}],"predecessor-version":[{"id":15920,"href":"https:\/\/taiyo.fi\/en\/wp-json\/wp\/v2\/pages\/310\/revisions\/15920"}],"up":[{"embeddable":true,"href":"https:\/\/taiyo.fi\/en\/wp-json\/wp\/v2\/pages\/296"}],"wp:attachment":[{"href":"https:\/\/taiyo.fi\/en\/wp-json\/wp\/v2\/media?parent=310"}],"curies":[{"name":"wp","href":"https:\/\/api.w.org\/{rel}","templated":true}]}}