{"id":299,"date":"2013-02-08T13:01:49","date_gmt":"2013-02-08T11:01:49","guid":{"rendered":"http:\/\/taiyo.fi\/?page_id=299"},"modified":"2013-02-08T13:01:49","modified_gmt":"2013-02-08T11:01:49","slug":"jasenille","status":"publish","type":"page","link":"https:\/\/taiyo.fi\/en\/jasenille\/","title":{"rendered":"For members"},"content":{"rendered":"<p>As a member of the student union, you can use different services offered and made possible by ArtSU.<\/p>\n<p>In this section, you can find more information about membership in the student union, the student card, student benefits and services, as well other things pertaining to student life.<\/p>","protected":false},"excerpt":{"rendered":"<p>Ylioppilaskunnan j\u00e4senen\u00e4 sinulla on oiva mahdollisuus hy\u00f6dynt\u00e4\u00e4 erilaisia ylioppilaskunnan tarjoamia ja mahdollistamia palveluita. T\u00e4st\u00e4 osiosta l\u00f6yd\u00e4t tietoa ylioppilaskunnan j\u00e4senyydest\u00e4, opiskelijakortista, j\u00e4seneduista ja [&hellip;]<\/p>\n","protected":false},"author":13,"featured_media":0,"parent":0,"menu_order":20,"comment_status":"open","ping_status":"open","template":"","meta":{"_coblocks_attr":"","_coblocks_dimensions":"","_coblocks_responsive_height":"","_coblocks_accordion_ie_support":"","_crdt_document":"","advanced_seo_description":"","jetpack_seo_html_title":"","jetpack_seo_noindex":false,"footnotes":""},"class_list":["post-299","page","type-page","status-publish","hentry"],"jetpack_sharing_enabled":true,"jetpack_shortlink":"https:\/\/wp.me\/P2w00X-4P","jetpack_likes_enabled":true,"amp_enabled":true,"_links":{"self":[{"href":"https:\/\/taiyo.fi\/en\/wp-json\/wp\/v2\/pages\/299","targetHints":{"allow":["GET"]}}],"collection":[{"href":"https:\/\/taiyo.fi\/en\/wp-json\/wp\/v2\/pages"}],"about":[{"href":"https:\/\/taiyo.fi\/en\/wp-json\/wp\/v2\/types\/page"}],"author":[{"embeddable":true,"href":"https:\/\/taiyo.fi\/en\/wp-json\/wp\/v2\/users\/13"}],"replies":[{"embeddable":true,"href":"https:\/\/taiyo.fi\/en\/wp-json\/wp\/v2\/comments?post=299"}],"version-history":[{"count":1,"href":"https:\/\/taiyo.fi\/en\/wp-json\/wp\/v2\/pages\/299\/revisions"}],"predecessor-version":[{"id":300,"href":"https:\/\/taiyo.fi\/en\/wp-json\/wp\/v2\/pages\/299\/revisions\/300"}],"wp:attachment":[{"href":"https:\/\/taiyo.fi\/en\/wp-json\/wp\/v2\/media?parent=299"}],"curies":[{"name":"wp","href":"https:\/\/api.w.org\/{rel}","templated":true}]}}