{"id":2787,"date":"2015-01-21T15:10:47","date_gmt":"2015-01-21T13:10:47","guid":{"rendered":"http:\/\/taiyo.fi\/?page_id=2787"},"modified":"2015-01-23T16:24:05","modified_gmt":"2015-01-23T14:24:05","slug":"konsts-forvaltning","status":"publish","type":"page","link":"https:\/\/taiyo.fi\/en\/pa-svenska\/konsts-forvaltning\/","title":{"rendered":"KonSts f\u00f6rvaltning"},"content":{"rendered":"<p>Den h\u00f6gsta beslutande makten i studentk\u00e5ren innehas av delegationen med 21 medlemmar som v\u00e4ljs bland KonSts medlemmar vartannat \u00e5r. Delegationen beslutar om riktlinjerna f\u00f6r studentk\u00e5ren, \u00f6vervakar studentk\u00e5rens verksamhet och ekonomi samt v\u00e4ljer ordf\u00f6rande, styrelse och generalsekreterare f\u00f6r studentk\u00e5ren. Delegationens ordf\u00f6rande tar g\u00e4rna emot \u00f6nskem\u00e5l, f\u00f6rslag och kritik.<\/p>\n<p>Styrelsen leder den praktiska verksamheten och f\u00f6r studentk\u00e5rens talan. Styrelsen byts ut varje \u00e5r och den har 6\u201310 medlemmar inklusive ordf\u00f6rande, med minst en styrelsemedlem fr\u00e5n varje akademi. Styrelsen sammantr\u00e4der en g\u00e5ng i veckan f\u00f6r att sk\u00f6ta det dagliga arbetet, arrangera fester och andra evenemang, h\u00e5lla kontakt med Konstuniversitetets f\u00f6rvaltning, m.m. Det g\u00e5r att skicka e-post till styrelsen, adressen \u00e4r taiyo-hallitus (at) uniarts.fi.<\/p>\n<p>P\u00e5 KonSts kansli arbetar en generalsekreterare och en medlemsservice- och intressebevakningssekreterare. Generalsekreteraren st\u00f6der delegationen och styrelsen i deras arbete och fungerar som sekreterare f\u00f6r dem, hen sk\u00f6ter bland annat studentk\u00e5rens ekonomi och f\u00f6rvaltning. Medlemsservice- och intressebevakningssekreteraren st\u00f6der styrelsen speciellt i fr\u00e5ga om KonSts intressebevakningsarbete och ansvarar dessutom f\u00f6r de dagliga kontorsrutinerna och kundtj\u00e4nsten.<\/p>\n<p>Studentk\u00e5ren har ocks\u00e5 ett n\u00e4ra samarbete med studentrepresentanterna i f\u00f6rvaltningen (\u201dhallopedit\u201d). De \u00e4r studerande som har blivit utsedda av studentk\u00e5ren f\u00f6r att sitta i olika universitetsorgan, d\u00e4r de representerar alla studerande vid Konstuniversitetet. Studentrepresentanterna utses efter \u00f6ppen ans\u00f6kan, ans\u00f6kningsannonser publiceras alltid p\u00e5 denna webbplats, under rubriken \u201dAvoimet luottamuspaikat\u201d (Lediga f\u00f6rtroendeposter).<\/p>\n<p>&nbsp;<\/p>","protected":false},"excerpt":{"rendered":"<p>Den h\u00f6gsta beslutande makten i studentk\u00e5ren innehas av delegationen med 21 medlemmar som v\u00e4ljs bland KonSts medlemmar vartannat \u00e5r. Delegationen beslutar om [&hellip;]<\/p>\n","protected":false},"author":13,"featured_media":0,"parent":305,"menu_order":7,"comment_status":"closed","ping_status":"open","template":"","meta":{"_coblocks_attr":"","_coblocks_dimensions":"","_coblocks_responsive_height":"","_coblocks_accordion_ie_support":"","_crdt_document":"","advanced_seo_description":"","jetpack_seo_html_title":"","jetpack_seo_noindex":false,"footnotes":""},"class_list":["post-2787","page","type-page","status-publish","hentry"],"jetpack_sharing_enabled":true,"jetpack_shortlink":"https:\/\/wp.me\/P2w00X-IX","jetpack_likes_enabled":true,"amp_enabled":true,"_links":{"self":[{"href":"https:\/\/taiyo.fi\/en\/wp-json\/wp\/v2\/pages\/2787","targetHints":{"allow":["GET"]}}],"collection":[{"href":"https:\/\/taiyo.fi\/en\/wp-json\/wp\/v2\/pages"}],"about":[{"href":"https:\/\/taiyo.fi\/en\/wp-json\/wp\/v2\/types\/page"}],"author":[{"embeddable":true,"href":"https:\/\/taiyo.fi\/en\/wp-json\/wp\/v2\/users\/13"}],"replies":[{"embeddable":true,"href":"https:\/\/taiyo.fi\/en\/wp-json\/wp\/v2\/comments?post=2787"}],"version-history":[{"count":2,"href":"https:\/\/taiyo.fi\/en\/wp-json\/wp\/v2\/pages\/2787\/revisions"}],"predecessor-version":[{"id":2833,"href":"https:\/\/taiyo.fi\/en\/wp-json\/wp\/v2\/pages\/2787\/revisions\/2833"}],"up":[{"embeddable":true,"href":"https:\/\/taiyo.fi\/en\/wp-json\/wp\/v2\/pages\/305"}],"wp:attachment":[{"href":"https:\/\/taiyo.fi\/en\/wp-json\/wp\/v2\/media?parent=2787"}],"curies":[{"name":"wp","href":"https:\/\/api.w.org\/{rel}","templated":true}]}}