{"id":2781,"date":"2015-01-21T15:07:53","date_gmt":"2015-01-21T13:07:53","guid":{"rendered":"http:\/\/taiyo.fi\/?page_id=2781"},"modified":"2020-06-18T18:14:18","modified_gmt":"2020-06-18T16:14:18","slug":"medlemsservice-och-formaner","status":"publish","type":"page","link":"https:\/\/taiyo.fi\/en\/pa-svenska\/medlemsservice-och-formaner\/","title":{"rendered":"Medlemsservice och -f\u00f6rm\u00e5ner"},"content":{"rendered":"<p>Konstuniversitetets studentk\u00e5r (KonSt) driver sina medlemmars intressen och betj\u00e4nar dem p\u00e5 m\u00e5nga s\u00e4tt. KonSt bevakar studerandes intressen och r\u00e4ttigheter p\u00e5 Konstuniversitetet och \u2013 tillsammans med andra studentk\u00e5rer \u2013 i samh\u00e4llet i stort. KonSt f\u00f6rs\u00f6ker st\u00e4rka samh\u00f6righeten mellan medlemmarna, bl.a. genom att ordna olika evenemang. KonSt st\u00f6der ocks\u00e5 medlemmarnas konstn\u00e4rliga verksamhet, bl.a. erbjuder studentk\u00e5ren lokaler f\u00f6r f\u00f6rest\u00e4llningar och utst\u00e4llningar i Rummet f\u00f6r fri konst, f\u00f6rmedlar jobb genom Konstn\u00e4rsbanken och ger bidrag f\u00f6r aktiviteter som \u00f6kar samh\u00f6righeten. I och med att man betalar studentk\u00e5rsavgiften till KonSt kan man ocks\u00e5 utnyttja SHVS h\u00e4lsov\u00e5rdsservice och Pyk\u00e4l\u00e4 ry:s r\u00e4ttshj\u00e4lp. Mera information om tj\u00e4nsterna finns p\u00e5 denna webbplats.<\/p>\n<p>P\u00e5 varje akademi har KonSt ocks\u00e5 en lokal, d\u00e4r studerande t.ex. kan l\u00e4sa tidningar, koka kaffe eller bara vara. I studentk\u00e5rsrummet i Sibelius-Akademins N-hus (Nervandersgatan 13, 4 v\u00e5n.) finns ocks\u00e5 KonSts kansli. P\u00e5 kansliet kan man sk\u00f6ta studentkorts\u00e4renden och k\u00f6pa KonSts egna produkter. D\u00e4r kan man ocks\u00e5 hyra PA-utrustning och be om r\u00e5d om allt som har med studielivet att g\u00f6ra. P\u00e5 kansliet arbetar generalsekreteraren Ville Sinnem\u00e4ki och sekreteraren f\u00f6r medlemsservice och intressebevakning Hannu Jaakkola.<\/p>\n<h3>Studentrabatter<\/h3>\n<p>Studerande f\u00e5r ett brett utbud av rabatter genom att visa studentkortet. Till exempel i kollektivtrafik ger HRT, VR och Matkahuolto vanligtvis studerande en rabatt p\u00e5 ca. 40-50% p\u00e5 sina biljetter. Det finns ocks\u00e5 flera studentrestauranger i storstadsomr\u00e5det som erbjuder lunch till l\u00e5ga priser.<\/p>\n<p>F\u00f6rutom kollektivtrafiken och lunchrabatter erbjuder m\u00e5nga aff\u00e4rer, tj\u00e4nster och kulturinstitutioner en m\u00e4ngd olika rabatter f\u00f6r studerande. Dessa studentf\u00f6rm\u00e5ner och erbjudanden hittar du p\u00e5 <a href=\"http:\/\/www.frank.fi\/sv\">Franks<\/a> webbplats. Nedan finns n\u00e5gra val av studentrabatter specifikt p\u00e5 kulturtj\u00e4nster, men fler f\u00f6rdelar och rabatter uppdateras st\u00e4ndigt p\u00e5 Franks webbplats, s\u00e5 det \u00e4r v\u00e4rt att kolla in de senaste erbjudandena!<\/p>\n<ul>\n<li>Konstuniversitetets egna produktioner \u00e4r gratis f\u00f6r studerande (exklusive n\u00e5gra SibA-konserter): som studerande vid Konstuniversitetet har du r\u00e4tt till en gratis biljett till evenemangen p\u00e5 Sibelius-Akademin och tv\u00e5 gratis biljetter till Teaterh\u00f6gskolans evenemang. Tilltr\u00e4de till Bildkonstakademins utst\u00e4llningar \u00e4r alltid gratis och SibAs examina \u00e4r offentliga och gratis evenemang.<\/li>\n<li>Bland musikinstitutioner, t.ex. Helsingfors stadsorkester, Radions symfoniorkester och Operan erbjuder studentrabatt. Dessutom \u00e4r \u00f6vningar i HSO och RSO \u00f6ppna f\u00f6r SibA-studerande.<\/li>\n<li>Teatrarna ger s\u00e5 gott som utan undantag studentrabatter.<\/li>\n<li>N\u00e4stan alla konstmuseer beviljar studentrabatt. Dessutom, t.ex. intr\u00e4de till Ateneum, Kiasma, Konstmuseet Sinebrychoff och Helsingfors Konstmuseum \u00e4r gratis vid vissa tider.<\/li>\n<li>Finnkinos biografer erbjuder studerande 10-30 % rabatt, beroende p\u00e5 visningen.<\/li>\n<li>Nothandeln <a href=\"http:\/\/www.ostinato.fi\">Ostinato<\/a>, som \u00e4r grundad av konststuderande, ger 10 % rabatt till alla studerande vid Konstuniversitetet.<\/li>\n<li>Vandrarhemmen som h\u00f6r till Suomen hostellij\u00e4rjest\u00f6 erbjuder inkvartering och hostellkort till rabatterat medlemspris.<\/li>\n<li>Hundratals fler studentrabatter finns p\u00e5 <a href=\"http:\/\/frank.fi\/sv\">Franks<\/a> webbplats, t.ex. resor, tidskrifter, kl\u00e4der, Maccar, hotell och restauranger. G\u00e5 och titta!<\/li>\n<\/ul>","protected":false},"excerpt":{"rendered":"<p>Konstuniversitetets studentk\u00e5r (KonSt) driver sina medlemmars intressen och betj\u00e4nar dem p\u00e5 m\u00e5nga s\u00e4tt. KonSt bevakar studerandes intressen och r\u00e4ttigheter p\u00e5 Konstuniversitetet och [&hellip;]<\/p>\n","protected":false},"author":13,"featured_media":0,"parent":305,"menu_order":4,"comment_status":"closed","ping_status":"open","template":"","meta":{"_coblocks_attr":"","_coblocks_dimensions":"","_coblocks_responsive_height":"","_coblocks_accordion_ie_support":"","_crdt_document":"","advanced_seo_description":"","jetpack_seo_html_title":"","jetpack_seo_noindex":false,"footnotes":""},"class_list":["post-2781","page","type-page","status-publish","hentry"],"jetpack_sharing_enabled":true,"jetpack_shortlink":"https:\/\/wp.me\/P2w00X-IR","jetpack_likes_enabled":true,"amp_enabled":true,"_links":{"self":[{"href":"https:\/\/taiyo.fi\/en\/wp-json\/wp\/v2\/pages\/2781","targetHints":{"allow":["GET"]}}],"collection":[{"href":"https:\/\/taiyo.fi\/en\/wp-json\/wp\/v2\/pages"}],"about":[{"href":"https:\/\/taiyo.fi\/en\/wp-json\/wp\/v2\/types\/page"}],"author":[{"embeddable":true,"href":"https:\/\/taiyo.fi\/en\/wp-json\/wp\/v2\/users\/13"}],"replies":[{"embeddable":true,"href":"https:\/\/taiyo.fi\/en\/wp-json\/wp\/v2\/comments?post=2781"}],"version-history":[{"count":8,"href":"https:\/\/taiyo.fi\/en\/wp-json\/wp\/v2\/pages\/2781\/revisions"}],"predecessor-version":[{"id":7709,"href":"https:\/\/taiyo.fi\/en\/wp-json\/wp\/v2\/pages\/2781\/revisions\/7709"}],"up":[{"embeddable":true,"href":"https:\/\/taiyo.fi\/en\/wp-json\/wp\/v2\/pages\/305"}],"wp:attachment":[{"href":"https:\/\/taiyo.fi\/en\/wp-json\/wp\/v2\/media?parent=2781"}],"curies":[{"name":"wp","href":"https:\/\/api.w.org\/{rel}","templated":true}]}}