{"id":2777,"date":"2015-01-21T15:05:54","date_gmt":"2015-01-21T13:05:54","guid":{"rendered":"http:\/\/taiyo.fi\/?page_id=2777"},"modified":"2021-07-12T17:49:08","modified_gmt":"2021-07-12T15:49:08","slug":"medlemsavgift","status":"publish","type":"page","link":"https:\/\/taiyo.fi\/en\/pa-svenska\/medlemsavgift\/","title":{"rendered":"Medlemsavgift"},"content":{"rendered":"<p>Alla grundexamensstuderande som avl\u00e4gger kandidat- eller magisterexamen vid Konstuniversitetet h\u00f6r automatiskt till Konstuniversitetets studentk\u00e5r. Alla grundexamensstuderande ska betala medlemsavgift till KonSt d\u00e5 de g\u00f6r sin n\u00e4rvaroanm\u00e4lan f\u00f6r terminen eller l\u00e4s\u00e5ret. Anm\u00e4lningstiden \u00e4r 2.5\u201310.8 varje \u00e5r, och Konstuniversitetet ger n\u00e4rmare anvisningar om anm\u00e4lningen. Forskarstuderande, utbytesstuderande som studerar vid Konstuniversitetet i minst 3 m\u00e5nader samt studerande som genomg\u00e5r separata pedagogikstudier f\u00f6r l\u00e4rare eller i vissa fall kompletterande studier kan om de vill bli medlemmar i KonSt genom att betala medlemsavgiften. Det kan g\u00f6ras n\u00e4r som helst under \u00e5ret.<\/p>\n<p>Kom ih\u00e5g att k\u00e5ravgiften, d.v.s. medlemsavgiften till studentk\u00e5ren, inte \u00e4r n\u00e5gon terminsavgift till universitetet, utan n\u00e5got helt annat. KonSt \u00e4r precis som alla andra studentk\u00e5rer en offentligr\u00e4ttslig sammanslutning som har till uppgift att fungera som f\u00f6renande l\u00e4nk mellan studenterna och bevaka deras intressen. Studentk\u00e5ren \u00e4r inte en del av Konstuniversitetets f\u00f6rvaltning, den \u00e4r b\u00e5de ekonomiskt och f\u00f6rvaltningsm\u00e4ssigt sett helt sj\u00e4lvst\u00e4ndig. Studentk\u00e5ren finansierar sin verksamhet med k\u00e5ravgifterna. KonSts delegation best\u00e4mmer \u00e5rligen hur stor studentk\u00e5rsavgiften ska vara \u2013 KonSt har en av l\u00e4gsta k\u00e5ravgifterna i landet.<\/p>\n<h4>SHVS-avgiften betalas separat<\/h4>\n<p>Fr.o.m. 1.1.2021 betalas SHVS-h\u00e4lsov\u00e5rdsavgiften inte l\u00e4ngre som en del av studentk\u00e5rens medlemsavgift, men dessutom kommer studeranden att betala den obligatoriska SHVS-avgiften separat till FPA. Mera information: <a href=\"https:\/\/www.kela.fi\/web\/sv\/halsovardsavgift-for-hogskolestuderande?inheritRedirect=true\">H\u00e4lsov\u00e5rdsavgift f\u00f6rh\u00f6gskolestuderande<\/a>.<\/p>\n<p>F\u00f6r\u00e4ndringen \u00e4r baserad p\u00e5 en lag\u00e4ndring som ocks\u00e5 ger yrkesh\u00f6gskolestuderande tillg\u00e5ng till SHVS-tj\u00e4nster, men tyv\u00e4rr kommer utbytesstudenter att f\u00f6rlora sin r\u00e4tt att anv\u00e4nda dem. F\u00f6r\u00e4ndringen kommer inte att p\u00e5verka forskarstuderandes medlemsavgifter eller tj\u00e4nster p\u00e5 n\u00e5got s\u00e4tt.<\/p>\n<h4>Medlemsavgift f\u00f6r forskarstuderande<\/h4>\n<p>F\u00f6r forskarstuderande \u00e4r medlemskapet i studentk\u00e5ren frivilligt, men rekommendabelt. Forskarstuderande kan inte utnyttja SHVS service och rabatterna som de f\u00e5r med studentkortet \u00e4r lite mera begr\u00e4nsade, s\u00e5 d\u00e4rf\u00f6r \u00e4r k\u00e5ravgiften f\u00f6r forskarstuderande betydligt l\u00e4gre \u00e4n f\u00f6r grundexamensstuderande. Genom att betala medlemsavgiften f\u00f6r forskarstuderande f\u00e5r man r\u00e4tt att utnyttja alla KonSts egna tj\u00e4nster (bidrag, Konstn\u00e4rsbanken, r\u00e4ttshj\u00e4lp osv.) och med studentkortet f\u00f6r forskarstuderande f\u00e5r man ocks\u00e5 rabatt p\u00e5 studentrestaurangerna och bl.a. p\u00e5 m\u00e5nga kulturinstitutioner. Forskarstuderande som blir medlemmar av studentk\u00e5ren kan ocks\u00e5 utnyttja alla f\u00f6rm\u00e5ner och rabatter p\u00e5 studenternas f\u00f6rm\u00e5nstj\u00e4nst <a href=\"https:\/\/frank.fi\/sv\/\">Frank<\/a>, s\u00e5 redan det kan spara m\u00e5nga slantar. Studentk\u00e5ren uppm\u00e4rksammar ocks\u00e5 forskarstuderande i sin intressebevakning.<\/p>\n<h2>Anvisningar f\u00f6r betalning av medlemsavgift<\/h2>\n<h5><span style=\"text-decoration: underline;\">L\u00e4s\u00e5ret 2020\u20132021 \u00e4r medlemsavgiften i KonSt f\u00f6ljande:<\/span><\/h5>\n<ul>\n<li>Studerande p\u00e5 grundexamensniv\u00e5, medlemsavgift f\u00f6r hela l\u00e4s\u00e5ret 62,00 \u20ac<\/li>\n<li>Studerande p\u00e5 grundexamensniv\u00e5, medlemsavgift f\u00f6r h\u00f6st- eller v\u00e5rterminen 31,00 \u20ac<\/li>\n<li>Forskarstuderande, medlemsavgift f\u00f6r hela l\u00e4s\u00e5ret 42,00 \u20ac (frivillig)<\/li>\n<li>Forskarstuderande, medlemsavgift f\u00f6r h\u00f6st- eller v\u00e5rterminen 21,00 \u20ac (frivillig)<\/li>\n<\/ul>\n<p><strong>OBS:<\/strong> Som forskarstuderande r\u00e4knas bara de som studerar f\u00f6r licentiat- och doktorsexamen. Alla andra (t.ex de som studerar f\u00f6r magisterexamen eller genomg\u00e5r separata pedagogikstudier f\u00f6r l\u00e4rare) studerar p\u00e5 grundexamensniv\u00e5!<\/p>\n<h5><span style=\"text-decoration: underline;\">L\u00e4ttast betalar du via Peppi. <strong>N\u00e4rvaroanm\u00e4lan sker 3-10.8. P.g.a. byte av studieregistersystem kan man inte g\u00f6ra n\u00e4rvaroanm\u00e4lan online 21.6 &#8211; 2.8.2021.<\/strong><\/span><\/h5>\n<p>Allra l\u00e4ttast g\u00e5r det att betala k\u00e5ravgiften via <a href=\"http:\/\/student.peppi.uniarts.fi\">Peppi<\/a>, d\u00e4r du samtidigt kan g\u00f6ra din n\u00e4rvaroanm\u00e4lan och sedan inte beh\u00f6ver g\u00f6ra n\u00e5gra andra anm\u00e4lningar. Om du inte kan betala och anm\u00e4la dig via Peppi kan k\u00e5ravgiften till KonSt ocks\u00e5 betalas med bankgiro till kontot som n\u00e4mns h\u00e4r nedan, eller kontant och med kort till KonSts kansli (<a href=\"http:\/\/taiyo.fi\/en\/pa-svenska\/kontakt\/\">kontaktuppgifter<\/a>) \u2013\u00a0men i s\u00e5 fall ska du ocks\u00e5 f\u00f6ra kvittot p\u00e5 betald medlemsavgift och <a href=\"https:\/\/artsi.uniarts.fi\/documents\/10184\/2754269\/TAIY+Student+form.docx\/575a58c1-60bf-4d4e-8f1d-043578996fcb\">anm\u00e4lningsblanketten<\/a> till studietj\u00e4nster p\u00e5 din egen akademi, annars registreras inte din anm\u00e4lning!<\/p>\n<h5><span style=\"text-decoration: underline;\">Om du betalar med bankgiro ist\u00e4llet f\u00f6r att anv\u00e4nda Peppi ska du anv\u00e4nda f\u00f6ljande betalningsuppgifter:<\/span><\/h5>\n<p><strong>Mottagare:<\/strong> Konstuniversitetets studentk\u00e5r<br \/>\n<strong>Kontonummer:<\/strong>\u00a0FI77 5780 3820 1287 90 (BIC: OKOYFIHH)<br \/>\n<strong>Referensnummer:<\/strong> 20132<\/p>\n<p><strong>OBS 1:<\/strong> Om medlemsavgiften betalas fr\u00e5n n\u00e5got annan \u00e4n studerandens eget konto ska man i meddelandef\u00e4ltet skriva \u201dmedlemsavgift\u201d och den studerandes namn.<br \/>\n<strong>OBS 2:<\/strong> Om du har gl\u00f6mt bort att anm\u00e4la dig under anm\u00e4lningstiden och du tvingas betala en \u00e5terinskrivningsavgift ska du notera att den ska betalas till ett annat konto! \u00c5terinskrivningsavgiften (35 \u20ac) betalas till Konstuniversitetet (allts\u00e5 inte till KonSt), kontonummer FI16 1745 3000 1578 77.<\/p>\n<h5><span style=\"text-decoration: underline;\">Utvecklingssamarbetsavgiften betalas separat till FSF:s konto!<\/span><\/h5>\n<p>KonSt uppmuntrar sina medlemmar att g\u00f6ra en donation p\u00e5 minst 5 \u20ac till Finlands studentk\u00e5rers f\u00f6rbunds (FSF) insamling i samband med l\u00e4s\u00e5rsanm\u00e4lan f\u00f6r att f\u00f6rb\u00e4ttra utbildningsf\u00f6rh\u00e5llanden i utvecklingsl\u00e4nder (n\u00e4rmare information p\u00e5 adressen <a href=\"http:\/\/syl.fi\/syl\/kehitysyhteistyo\">syl.fi\/syl\/kehitysyhteistyo<\/a>). Enligt Polisstyrelsens beslut kan man inte betala utvecklingssamarbetsavgiften i samband med studentk\u00e5rsavgiften, och i st\u00e4llet ska man betala avgiften separat till FSF:s insamlingskonto. D\u00e4rf\u00f6r uppmuntrar vi alla, oavsett om man anm\u00e4ler sig som n\u00e4rvarande eller fr\u00e5nvarande, att g\u00f6ra en donation direkt till kontot Danske FI04 8000 1501 1968 45 (Mottagare Finlands studentk\u00e5rers f\u00f6rbund rf, meddelande \u201dKehitysyhteisty\u00f6lahjoitus\u201d).<\/p>\n<h2>\u00c5terbetalning av medlemsavgiften<\/h2>\n<p>Om du redan har gjort n\u00e4rvaroanm\u00e4lan, men \u00e4ndrar den till en fr\u00e5nvaroanm\u00e4lan, eller om du tar tillbaka din anm\u00e4lan, avst\u00e5r fr\u00e5n din r\u00e4tt att avl\u00e4gga examen eller om du redan \u00e4r n\u00e4rvaroanm\u00e4ld f\u00f6r n\u00e4sta termin d\u00e5 du blir utexaminerad kan du anh\u00e5lla om \u00e5terbetalning av studentk\u00e5rsavgiften f\u00f6r den aktuella perioden. F\u00f6r h\u00f6stterminens del m\u00e5ste man anh\u00e5lla om \u00e5terbetalning <strong>senast 30.9 <\/strong>och f\u00f6r v\u00e5rterminens del <strong>senast 31.1<\/strong>, efter det \u00e5terbetalas avgiften inte.<\/p>\n<p>Ans\u00f6kan om \u00e5terbetalning g\u00f6rs p\u00e5 studentk\u00e5rens kansli under dess \u00f6ppettider. F\u00f6r ans\u00f6kan ska du skriva ut och fylla i blanketten som hittas via l\u00e4nken h\u00e4r nedan (du f\u00e5r den ocks\u00e5 p\u00e5 studentk\u00e5rens kansli) och visa upp kvitto p\u00e5 betald medlemsavgift och dessutom ta med studentkortet, s\u00e5 att l\u00e4s\u00e5rsdekalen kan avl\u00e4gsnas fr\u00e5n det. D\u00e5 du ans\u00f6ker om \u00e5terbetalning m\u00e5ste din nya anm\u00e4lningsstatus redan synas i studentregistret. KonSts kansli kan vid behov ge mera information.<\/p>\n<p>Blanketten f\u00f6r ans\u00f6kan om \u00e5terbetalning av studentk\u00e5rsavgiften kan laddas ner <a title=\"J\u00e4senmaksun palautushakemus 2020-21 EN\" href=\"https:\/\/taiyo.fi\/wp-content\/uploads\/2021\/06\/Jasenmaksun-palautushakemus-2021-22-EN.pdf\">h\u00e4r<\/a> p\u00e5 engelska och <a href=\"https:\/\/taiyo.fi\/wp-content\/uploads\/2021\/06\/Jasenmaksun-palautushakemus-2021-22.pdf\">h\u00e4r<\/a> p\u00e5 finska.<\/p>","protected":false},"excerpt":{"rendered":"<p>Alla grundexamensstuderande som avl\u00e4gger kandidat- eller magisterexamen vid Konstuniversitetet h\u00f6r automatiskt till Konstuniversitetets studentk\u00e5r. Alla grundexamensstuderande ska betala medlemsavgift till KonSt d\u00e5 [&hellip;]<\/p>\n","protected":false},"author":13,"featured_media":0,"parent":305,"menu_order":2,"comment_status":"closed","ping_status":"open","template":"","meta":{"_coblocks_attr":"","_coblocks_dimensions":"","_coblocks_responsive_height":"","_coblocks_accordion_ie_support":"","_crdt_document":"","advanced_seo_description":"","jetpack_seo_html_title":"","jetpack_seo_noindex":false,"footnotes":""},"class_list":["post-2777","page","type-page","status-publish","hentry"],"jetpack_sharing_enabled":true,"jetpack_shortlink":"https:\/\/wp.me\/P2w00X-IN","jetpack_likes_enabled":true,"amp_enabled":true,"_links":{"self":[{"href":"https:\/\/taiyo.fi\/en\/wp-json\/wp\/v2\/pages\/2777","targetHints":{"allow":["GET"]}}],"collection":[{"href":"https:\/\/taiyo.fi\/en\/wp-json\/wp\/v2\/pages"}],"about":[{"href":"https:\/\/taiyo.fi\/en\/wp-json\/wp\/v2\/types\/page"}],"author":[{"embeddable":true,"href":"https:\/\/taiyo.fi\/en\/wp-json\/wp\/v2\/users\/13"}],"replies":[{"embeddable":true,"href":"https:\/\/taiyo.fi\/en\/wp-json\/wp\/v2\/comments?post=2777"}],"version-history":[{"count":30,"href":"https:\/\/taiyo.fi\/en\/wp-json\/wp\/v2\/pages\/2777\/revisions"}],"predecessor-version":[{"id":9937,"href":"https:\/\/taiyo.fi\/en\/wp-json\/wp\/v2\/pages\/2777\/revisions\/9937"}],"up":[{"embeddable":true,"href":"https:\/\/taiyo.fi\/en\/wp-json\/wp\/v2\/pages\/305"}],"wp:attachment":[{"href":"https:\/\/taiyo.fi\/en\/wp-json\/wp\/v2\/media?parent=2777"}],"curies":[{"name":"wp","href":"https:\/\/api.w.org\/{rel}","templated":true}]}}