{"id":2775,"date":"2015-01-21T15:04:56","date_gmt":"2015-01-21T13:04:56","guid":{"rendered":"http:\/\/taiyo.fi\/?page_id=2775"},"modified":"2020-06-12T18:51:59","modified_gmt":"2020-06-12T16:51:59","slug":"kontakt","status":"publish","type":"page","link":"https:\/\/taiyo.fi\/en\/pa-svenska\/kontakt\/","title":{"rendered":"Kontakt"},"content":{"rendered":"<p><strong>KonSts kansli<\/strong><br \/>Bes\u00f6ksadress: Nervandersgatan 13, 4 v\u00e5n., 00100 Helsingfors<br \/>Postadress: PB 36, 00097 Konstuniversitetet<\/p>\n<p><strong>Kansliet \u00e4r st\u00e4ngt t.o.m. 31.7.2020.<\/strong> Under sommarlovet \u00e4r ocks\u00e5 kansliets telefon ur bruk och e-poster svaras med f\u00f6rdr\u00f6jning. Nya l\u00e4s\u00e5rsdekaler delas ut i kansliet fr.o.m. 3.8.<\/p>\n<p><strong>Kansliets \u00f6ppettider fr.o.m. 1.8.2020<\/strong><br \/>M\u00e5 kl. 13-15<br \/>Ti kl. 13-15<br \/>On kl. 14-18<br \/>To kl. 13-15<br \/>Fr kl. 13-15<\/p>\n<p><strong>Under perioden 17.8-11.9 ska kansliet ha l\u00e4ngre \u00f6ppettider*: <\/strong>m\u00e5-ti &amp; to-fr kl. 12-16 och on kl. 12-18.<\/p>\n<p>P\u00e5 Bildkonstakademin och Teaterh\u00f6gskolan finns det ocks\u00e5 <strong>separata utdelningspunkter f\u00f6r l\u00e4s\u00e5rsdekaler prelimin\u00e4rt under perioden 20.8-2.9*:<\/strong><br \/>&#8211; <strong>Utdelningspunkten p\u00e5 TeaK<\/strong> (Aspn\u00e4sgatan 6) har \u00f6ppet m\u00e5-fre kl. 11-13<br \/>&#8211; <strong>Utdelningspunkten p\u00e5 KuvA<\/strong> (Elim\u00e4gatan 25 A) har \u00f6ppet m\u00e5-fre kl. 14-16<\/p>\n<p><em>* Om Konstuniversitetets undervisning och anv\u00e4ndning av lokaler forts\u00e4tter normalt i b\u00f6rjan av h\u00f6stterminen.<\/em><\/p>\n<p><strong>Medlemsservice- och intressebevakningssekreterare<br \/><\/strong><em>Hannu Jaakkola<\/em><br \/><em>taiyo (at) uniarts.fi<\/em><br \/><em>tfn 040 710 4298 (under kansliets \u00f6ppettider)<\/em><\/p>\n<p><strong>Generalsekreterare<br \/><\/strong><em>Ville Sinnem\u00e4ki<\/em><br \/><em>taiyo-paasihteeri (at) uniarts.fi<\/em><br \/><em>tfn 040 710 4296<\/em><\/p>\n<p><strong>Ordf\u00f6rande<br \/><\/strong><em>Sofia Charifi<\/em><br \/><em>taiyo-pj (at) uniarts.fi<\/em><br \/><em>tfn\u00a0040 710 4297<\/em><\/p>\n<p><strong>Styrelsemedlemmar<\/strong><br \/><a href=\"http:\/\/taiyo.fi\/en\/ylioppilaskunta\/hallitus\/\">Ansvarsomr\u00e5den och kontaktuppgifter<\/a><\/p>\n<p><strong>Rummet f\u00f6r fri konst<\/strong><strong><br \/><\/strong>Skyddsrummet i Katri Valas park, S\u00f6rn\u00e4s<br \/>(ing\u00e5ng vid Vilhelmsbergsgr\u00e4nd 16)<br \/><em>Koordinator Teppo Vesikukka<\/em><br \/><em>info (at) vapaantaiteentila.fi<\/em><br \/><em>tfn 040 710 4227<\/em><br \/><a href=\"http:\/\/www.vapaantaiteentila.fi\/en\/\">www.vapaantaiteentila.fi\/en\/<\/a><\/p>\n<p><strong>Trakasserikontaktpersoner<br \/><\/strong><em>Camilla Rantanen (TeaK), camilla.rantanen (at) uniarts.fi, tfn 0400 717 071<br \/>Sofia Suomalainen (SibA), sofia.suomalainen (at) uniarts.fi, tfn 050 430 0061<br \/><\/em>Tv\u00e5 ytterligare trakasserikontaktpersoner b\u00f6rjar sin uppgift i mars 2020.<\/p>\n\n\n<p class=\"wp-block-paragraph\"><\/p>","protected":false},"excerpt":{"rendered":"<p>KonSts kansliBes\u00f6ksadress: Nervandersgatan 13, 4 v\u00e5n., 00100 HelsingforsPostadress: PB 36, 00097 Konstuniversitetet Kansliet \u00e4r st\u00e4ngt t.o.m. 31.7.2020. Under sommarlovet \u00e4r ocks\u00e5 kansliets [&hellip;]<\/p>\n","protected":false},"author":13,"featured_media":0,"parent":305,"menu_order":1,"comment_status":"closed","ping_status":"open","template":"","meta":{"_coblocks_attr":"","_coblocks_dimensions":"","_coblocks_responsive_height":"","_coblocks_accordion_ie_support":"","_crdt_document":"","advanced_seo_description":"","jetpack_seo_html_title":"","jetpack_seo_noindex":false,"footnotes":""},"class_list":["post-2775","page","type-page","status-publish","hentry"],"jetpack_sharing_enabled":true,"jetpack_shortlink":"https:\/\/wp.me\/P2w00X-IL","jetpack_likes_enabled":true,"amp_enabled":true,"_links":{"self":[{"href":"https:\/\/taiyo.fi\/en\/wp-json\/wp\/v2\/pages\/2775","targetHints":{"allow":["GET"]}}],"collection":[{"href":"https:\/\/taiyo.fi\/en\/wp-json\/wp\/v2\/pages"}],"about":[{"href":"https:\/\/taiyo.fi\/en\/wp-json\/wp\/v2\/types\/page"}],"author":[{"embeddable":true,"href":"https:\/\/taiyo.fi\/en\/wp-json\/wp\/v2\/users\/13"}],"replies":[{"embeddable":true,"href":"https:\/\/taiyo.fi\/en\/wp-json\/wp\/v2\/comments?post=2775"}],"version-history":[{"count":57,"href":"https:\/\/taiyo.fi\/en\/wp-json\/wp\/v2\/pages\/2775\/revisions"}],"predecessor-version":[{"id":7686,"href":"https:\/\/taiyo.fi\/en\/wp-json\/wp\/v2\/pages\/2775\/revisions\/7686"}],"up":[{"embeddable":true,"href":"https:\/\/taiyo.fi\/en\/wp-json\/wp\/v2\/pages\/305"}],"wp:attachment":[{"href":"https:\/\/taiyo.fi\/en\/wp-json\/wp\/v2\/media?parent=2775"}],"curies":[{"name":"wp","href":"https:\/\/api.w.org\/{rel}","templated":true}]}}