{"id":2744,"date":"2015-01-14T15:32:34","date_gmt":"2015-01-14T13:32:34","guid":{"rendered":"http:\/\/taiyo.fi\/?page_id=2744"},"modified":"2015-01-14T15:32:34","modified_gmt":"2015-01-14T13:32:34","slug":"arkisto-2014","status":"publish","type":"page","link":"https:\/\/taiyo.fi\/en\/ylioppilaskunta\/ilmoitustaulu\/arkisto-2014\/","title":{"rendered":"Arkisto 2014"},"content":{"rendered":"<p><strong>Toimintaa ohjaavat dokumentit<br \/>\n<\/strong><a href=\"http:\/\/taiyo.fi\/wp-content\/uploads\/2012\/06\/toimintasuunnitelma-2014-lopullinen.pdf\">Taideyliopiston ylioppilaskunnan toimintasuunnitelma 2014<\/a><strong><br \/>\n<\/strong><a href=\"http:\/\/taiyo.fi\/wp-content\/uploads\/2012\/06\/talousarvio-2014.pdf\">Taideyliopiston ylioppilaskunnan talousarvio 2014<\/a><\/p>\n<p><strong>Lausunnot ja kannanotot<\/strong><br \/>\n<a href=\"http:\/\/taiyo.fi\/wp-content\/uploads\/2012\/06\/taiyon-lausunto-henkilc3b6stc3b6sc3a4c3a4ntc3b6luonnoksesta.pdf\">Lausunto Taideyliopiston henkil\u00f6st\u00f6s\u00e4\u00e4nt\u00f6luonnoksesta<br \/>\n<\/a><a href=\"http:\/\/taiyo.fi\/wp-content\/uploads\/2012\/06\/taiyon-lausunto-uudesta-henkilc3b6stc3b6sc3a4c3a4ntc3b6luonnoksesta.pdf\">Lausunto Taideyliopiston henkil\u00f6st\u00f6s\u00e4\u00e4nn\u00f6n versiosta 6.0<br \/>\n<\/a><a href=\"https:\/\/taiyo.fi\/wp-content\/uploads\/2014\/11\/taiyon-lausunto-lukukausimaksuista-okm.pdf\">Lausunto Opetus- ja kulttuuriministeri\u00f6lle lukukausimaksuista 21.11.2014<\/a><\/p>\n<p><strong>Edustajiston p\u00e4\u00e4t\u00f6sluettelot<\/strong><br \/>\n<a href=\"http:\/\/taiyo.fi\/wp-content\/uploads\/2012\/06\/2014_01_edustajisto_pc3a4c3a4tc3b6sluettelo.pdf\">Edustajiston kokous 1\/14 P\u00e4\u00e4t\u00f6sluettelo<br \/>\n<\/a><a href=\"http:\/\/taiyo.fi\/wp-content\/uploads\/2012\/06\/2014_02_edustajisto_pc3a4c3a4tc3b6sluettelo.pdf\">Edustajiston kokous 2\/14 P\u00e4\u00e4t\u00f6sluettelo<br \/>\n<\/a><a href=\"https:\/\/taiyo.fi\/wp-content\/uploads\/2014\/11\/2014_03_edustajisto_pc3a4c3a4tc3b6sluettelo.pdf\">Edustajiston kokous 3\/14 P\u00e4\u00e4t\u00f6sluettelo<\/a><br \/>\n<a href=\"https:\/\/taiyo.fi\/wp-content\/uploads\/2014\/12\/2014_04_edustajisto_pc3a4c3a4tc3b6sluettelo.pdf\">Edustajiston kokous 4\/14 P\u00e4\u00e4t\u00f6sluettelo<br \/>\n<\/a><a href=\"https:\/\/taiyo.fi\/wp-content\/uploads\/2014\/12\/2014_05_edustajisto_pc3a4c3a4tc3b6sluettelo.pdf\">Edustajiston kokous 5\/14 P\u00e4\u00e4t\u00f6sluettelo<\/a><a href=\"https:\/\/taiyo.fi\/wp-content\/uploads\/2014\/12\/2014_04_edustajisto_pc3a4c3a4tc3b6sluettelo.pdf\"><br \/>\n<\/a><\/p>\n<p><strong>Edustajiston kokouskutsut<br \/>\n<\/strong><a href=\"http:\/\/taiyo.fi\/wp-content\/uploads\/2014\/03\/2014_01_edustajisto_kokouskutsu.pdf\">Edustajiston kokous 1\/14 Kokouskutsu<strong><br \/>\n<\/strong><\/a><a href=\"http:\/\/taiyo.fi\/wp-content\/uploads\/2012\/06\/2014_02_edustajisto_kokouskutsu.pdf\">Edustajiston kokous 2\/14 Kokouskutsu<br \/>\n<\/a><a href=\"https:\/\/taiyo.fi\/wp-content\/uploads\/2014\/10\/2014_03_edustajisto_kokouskutsu.pdf\">Edustajiston kokous 3\/14 Kokouskutsu<br \/>\n<\/a><a href=\"https:\/\/taiyo.fi\/wp-content\/uploads\/2014\/11\/2014_04_edustajisto_kokouskutsu.pdf\">Edustajiston kokous 4\/14 Kokouskutsu<br \/>\n<\/a><a href=\"https:\/\/taiyo.fi\/wp-content\/uploads\/2014\/12\/2014_05_edustajisto_kokouskutsu.pdf\">Edustajiston kokous 5\/14 Kokouskutsu<\/a><\/p>\n<p><strong>Hallituksen p\u00e4\u00e4t\u00f6sluettelot<br \/>\n<\/strong><a href=\"http:\/\/taiyo.fi\/wp-content\/uploads\/2014\/01\/2014_01_pc3a4c3a4tc3b6sluettelo_hallitus.pdf\">Hallituksen kokous 1\/14 P\u00e4\u00e4t\u00f6sluettelo<br \/>\n<\/a><a href=\"http:\/\/taiyo.fi\/wp-content\/uploads\/2014\/01\/2014_02_pc3a4c3a4tc3b6sluettelo_hallitus.pdf\">Hallituksen kokous 2\/14 P\u00e4\u00e4t\u00f6sluettelo<br \/>\n<\/a><a style=\"line-height:1.5;\" href=\"http:\/\/taiyo.fi\/wp-content\/uploads\/2012\/06\/2014_03_pc3a4c3a4tc3b6sluettelo_hallitus.pdf\">Hallituksen kokous 3\/14 P\u00e4\u00e4t\u00f6sluettelo<br \/>\n<\/a><a href=\"http:\/\/taiyo.fi\/wp-content\/uploads\/2012\/06\/2014_04_pc3a4c3a4tc3b6sluettelo_hallitus.pdf\">Hallituksen kokous 4\/14 P\u00e4\u00e4t\u00f6sluettelo<br \/>\n<\/a><a style=\"line-height:1.5;\" href=\"http:\/\/taiyo.fi\/wp-content\/uploads\/2012\/06\/2014_05_pc3a4c3a4tc3b6sluettelo_hallitus.pdf\">Hallituksen kokous 5\/14 P\u00e4\u00e4t\u00f6sluettelo<br \/>\n<\/a><a style=\"line-height:1.5;\" href=\"http:\/\/taiyo.fi\/wp-content\/uploads\/2012\/06\/2014_06_pc3a4c3a4tc3b6sluettelo_hallitus.pdf\">Hallituksen kokous 6\/14 P\u00e4\u00e4t\u00f6sluettelo<br \/>\n<\/a><a style=\"line-height:1.5;\" href=\"http:\/\/taiyo.fi\/wp-content\/uploads\/2012\/06\/2014_07_pc3a4c3a4tc3b6sluettelo_hallitus.pdf\">Hallituksen kokous 7\/14 P\u00e4\u00e4t\u00f6sluettelo<br \/>\n<\/a><a style=\"line-height:1.5;\" href=\"http:\/\/taiyo.fi\/wp-content\/uploads\/2012\/06\/2014_08_pc3a4c3a4tc3b6sluettelo_hallitus.pdf\">Hallituksen kokous 8\/14 P\u00e4\u00e4t\u00f6sluettelo<br \/>\n<\/a><a href=\"http:\/\/taiyo.fi\/wp-content\/uploads\/2012\/06\/2014_09_pc3a4c3a4tc3b6sluettelo_hallitus.pdf\">Hallituksen kokous 9\/14 P\u00e4\u00e4t\u00f6sluettelo<br \/>\n<\/a><a style=\"line-height:1.5;\" href=\"http:\/\/taiyo.fi\/wp-content\/uploads\/2012\/06\/2014_10_pc3a4c3a4tc3b6sluettelo_hallitus.pdf\">Hallituksen kokous 10\/14 P\u00e4\u00e4t\u00f6sluettelo<br \/>\n<\/a><a style=\"line-height:1.5;\" href=\"http:\/\/taiyo.fi\/wp-content\/uploads\/2012\/06\/2014_11_pc3a4c3a4tc3b6sluettelo_hallitus.pdf\">Hallituksen kokous 11\/14 P\u00e4\u00e4t\u00f6sluettelo<br \/>\n<\/a><a style=\"line-height:1.5;\" href=\"http:\/\/taiyo.fi\/wp-content\/uploads\/2012\/06\/2014_12_pc3a4c3a4tc3b6sluettelo_hallitus.pdf\">Hallituksen kokous 12\/14 P\u00e4\u00e4t\u00f6sluettelo<br \/>\n<\/a><a style=\"line-height:1.5;\" href=\"http:\/\/taiyo.fi\/wp-content\/uploads\/2012\/06\/2014_13_pc3a4c3a4tc3b6sluettelo_hallitus.pdf\">Hallituksen kokous 13\/14 P\u00e4\u00e4t\u00f6sluettelo<br \/>\n<\/a><a style=\"line-height:1.5;\" href=\"http:\/\/taiyo.fi\/wp-content\/uploads\/2012\/06\/2014_14_pc3a4c3a4tc3b6sluettelo_hallitus.pdf\">Hallituksen kokous 14\/14 P\u00e4\u00e4t\u00f6sluettelo<br \/>\n<\/a><a style=\"line-height:1.5;\" href=\"http:\/\/taiyo.fi\/wp-content\/uploads\/2012\/06\/2014_15_pc3a4c3a4tc3b6sluettelo_hallitus.pdf\">Hallituksen kokous 15\/14 P\u00e4\u00e4t\u00f6sluettelo<br \/>\n<\/a><a style=\"line-height:1.5;\" href=\"http:\/\/taiyo.fi\/wp-content\/uploads\/2012\/06\/2014_16_pc3a4c3a4tc3b6sluettelo_hallitus.pdf\">Hallituksen kokous 16\/14 P\u00e4\u00e4t\u00f6sluettelo<br \/>\n<\/a><a style=\"line-height:1.5;\" href=\"http:\/\/taiyo.fi\/wp-content\/uploads\/2012\/06\/2014_17_pc3a4c3a4tc3b6sluettelo_hallitus.pdf\">Hallituksen kokous 17\/14 P\u00e4\u00e4t\u00f6sluettelo<br \/>\n<\/a><a href=\"http:\/\/taiyo.fi\/wp-content\/uploads\/2012\/06\/2014_18_pc3a4c3a4tc3b6sluettelo_hallitus.pdf\">Hallituksen kokous 18\/14 P\u00e4\u00e4t\u00f6sluettelo<br \/>\n<\/a><a href=\"http:\/\/taiyo.fi\/wp-content\/uploads\/2012\/06\/2014_19_pc3a4c3a4tc3b6sluettelo_hallitus.pdf\">Hallituksen kokous 19\/14 P\u00e4\u00e4t\u00f6sluettelo<br \/>\n<\/a><a style=\"line-height:1.5;\" href=\"http:\/\/taiyo.fi\/wp-content\/uploads\/2012\/06\/2014_20_pc3a4c3a4tc3b6sluettelo_hallitus.pdf\">Hallituksen kokous 20\/14 P\u00e4\u00e4t\u00f6sluettelo<br \/>\n<\/a><a href=\"http:\/\/taiyo.fi\/wp-content\/uploads\/2014\/08\/2014_21_pc3a4c3a4tc3b6sluettelo_hallitus.pdf\">Hallituksen kokous 21\/14 P\u00e4\u00e4t\u00f6sluettelo<br \/>\n<\/a><a style=\"line-height:1.5;\" href=\"http:\/\/taiyo.fi\/wp-content\/uploads\/2014\/08\/2014_22_pc3a4c3a4tc3b6sluettelo_hallitus.pdf\">Hallituksen kokous 22\/14 P\u00e4\u00e4t\u00f6sluettelo<br \/>\n<\/a><a style=\"line-height:1.5;\" href=\"http:\/\/taiyo.fi\/wp-content\/uploads\/2014\/08\/2014_23_pc3a4c3a4tc3b6sluettelo_hallitus.pdf\">Hallituksen kokous 23\/14 P\u00e4\u00e4t\u00f6sluettelo<br \/>\n<\/a><a href=\"http:\/\/taiyo.fi\/wp-content\/uploads\/2014\/09\/2014_24_pc3a4c3a4tc3b6sluettelo_hallitus.pdf\">Hallituksen kokous 24\/14 P\u00e4\u00e4t\u00f6sluettelo<br \/>\n<\/a><a href=\"http:\/\/taiyo.fi\/wp-content\/uploads\/2014\/09\/2014_25_pc3a4c3a4tc3b6sluettelo_hallitus.pdf\">Hallituksen kokous 25\/14 P\u00e4\u00e4t\u00f6sluettelo<br \/>\n<\/a><a href=\"http:\/\/taiyo.fi\/wp-content\/uploads\/2014\/09\/2014_26_pc3a4c3a4tc3b6sluettelo_hallitus.pdf\">Hallituksen kokous 26\/14 P\u00e4\u00e4t\u00f6sluettelo<br \/>\n<\/a><a href=\"http:\/\/taiyo.fi\/wp-content\/uploads\/2014\/09\/2014_27_pc3a4c3a4tc3b6sluettelo_hallitus.pdf\">Hallituksen kokous 27\/14 P\u00e4\u00e4t\u00f6sluettelo<br \/>\n<\/a><a href=\"http:\/\/taiyo.fi\/wp-content\/uploads\/2014\/09\/2014_28_pc3a4c3a4tc3b6sluettelo_hallitus.pdf\">Hallituksen kokous 28\/14 P\u00e4\u00e4t\u00f6sluettelo<br \/>\n<\/a><a href=\"https:\/\/taiyo.fi\/wp-content\/uploads\/2014\/10\/2014_29_pc3a4c3a4tc3b6sluettelo_hallitus.pdf\">Hallituksen kokous 29\/14 P\u00e4\u00e4t\u00f6sluettelo<br \/>\n<\/a><a href=\"https:\/\/taiyo.fi\/wp-content\/uploads\/2014\/10\/2014_30_pc3a4c3a4tc3b6sluettelo_hallitus.pdf\">Hallituksen kokous 30\/14 P\u00e4\u00e4t\u00f6sluettelo<br \/>\n<\/a><a href=\"https:\/\/taiyo.fi\/wp-content\/uploads\/2014\/10\/2014_31_pc3a4c3a4tc3b6sluettelo_hallitus.pdf\">Hallituksen kokous 31\/14 P\u00e4\u00e4t\u00f6sluettelo<br \/>\n<\/a><a href=\"https:\/\/taiyo.fi\/wp-content\/uploads\/2014\/10\/2014_32_pc3a4c3a4tc3b6sluettelo_hallitus.pdf\">Hallituksen kokous 32\/14 P\u00e4\u00e4t\u00f6sluettelo<br \/>\n<\/a><a href=\"https:\/\/taiyo.fi\/wp-content\/uploads\/2014\/11\/2014_33_pc3a4c3a4tc3b6sluettelo_hallitus.pdf\">Hallituksen kokous 33\/14 P\u00e4\u00e4t\u00f6sluettelo<br \/>\n<\/a><a href=\"https:\/\/taiyo.fi\/wp-content\/uploads\/2014\/11\/2014_34_pc3a4c3a4tc3b6sluettelo_hallitus.pdf\">Hallituksen kokous 34\/14 P\u00e4\u00e4t\u00f6sluettelo<br \/>\n<\/a><a href=\"https:\/\/taiyo.fi\/wp-content\/uploads\/2014\/11\/2014_35_pc3a4c3a4tc3b6sluettelo_hallitus.pdf\">Hallituksen kokous 35\/14 P\u00e4\u00e4t\u00f6sluettelo<br \/>\n<\/a><a style=\"line-height:1.5;\" href=\"https:\/\/taiyo.fi\/wp-content\/uploads\/2014\/12\/2014_36_pc3a4c3a4tc3b6sluettelo_hallitus.pdf\">Hallituksen kokous 36\/14 P\u00e4\u00e4t\u00f6sluettelo<br \/>\n<\/a><a href=\"https:\/\/taiyo.fi\/wp-content\/uploads\/2014\/12\/2014_37_pc3a4c3a4tc3b6sluettelo_hallitus.pdf\">Hallituksen kokous 37\/14 P\u00e4\u00e4t\u00f6sluettelo<br \/>\n<\/a><a href=\"https:\/\/taiyo.fi\/wp-content\/uploads\/2014\/12\/2014_38_pc3a4c3a4tc3b6sluettelo_hallitus.pdf\">Hallituksen kokous 38\/14 P\u00e4\u00e4t\u00f6sluettelo<\/a><\/p>\n<p>&nbsp;<\/p>","protected":false},"excerpt":{"rendered":"<p>Toimintaa ohjaavat dokumentit Taideyliopiston ylioppilaskunnan toimintasuunnitelma 2014 Taideyliopiston ylioppilaskunnan talousarvio 2014 Lausunnot ja kannanotot Lausunto Taideyliopiston henkil\u00f6st\u00f6s\u00e4\u00e4nt\u00f6luonnoksesta Lausunto Taideyliopiston henkil\u00f6st\u00f6s\u00e4\u00e4nn\u00f6n versiosta 6.0 [&hellip;]<\/p>\n","protected":false},"author":13,"featured_media":0,"parent":2,"menu_order":0,"comment_status":"closed","ping_status":"open","template":"","meta":{"_coblocks_attr":"","_coblocks_dimensions":"","_coblocks_responsive_height":"","_coblocks_accordion_ie_support":"","_crdt_document":"","advanced_seo_description":"","jetpack_seo_html_title":"","jetpack_seo_noindex":false,"footnotes":""},"class_list":["post-2744","page","type-page","status-publish","hentry"],"jetpack_sharing_enabled":true,"jetpack_shortlink":"https:\/\/wp.me\/P2w00X-Ig","jetpack_likes_enabled":true,"amp_enabled":true,"_links":{"self":[{"href":"https:\/\/taiyo.fi\/en\/wp-json\/wp\/v2\/pages\/2744","targetHints":{"allow":["GET"]}}],"collection":[{"href":"https:\/\/taiyo.fi\/en\/wp-json\/wp\/v2\/pages"}],"about":[{"href":"https:\/\/taiyo.fi\/en\/wp-json\/wp\/v2\/types\/page"}],"author":[{"embeddable":true,"href":"https:\/\/taiyo.fi\/en\/wp-json\/wp\/v2\/users\/13"}],"replies":[{"embeddable":true,"href":"https:\/\/taiyo.fi\/en\/wp-json\/wp\/v2\/comments?post=2744"}],"version-history":[{"count":1,"href":"https:\/\/taiyo.fi\/en\/wp-json\/wp\/v2\/pages\/2744\/revisions"}],"predecessor-version":[{"id":2745,"href":"https:\/\/taiyo.fi\/en\/wp-json\/wp\/v2\/pages\/2744\/revisions\/2745"}],"up":[{"embeddable":true,"href":"https:\/\/taiyo.fi\/en\/wp-json\/wp\/v2\/pages\/2"}],"wp:attachment":[{"href":"https:\/\/taiyo.fi\/en\/wp-json\/wp\/v2\/media?parent=2744"}],"curies":[{"name":"wp","href":"https:\/\/api.w.org\/{rel}","templated":true}]}}