{"id":2552,"date":"2014-10-30T17:20:50","date_gmt":"2014-10-30T15:20:50","guid":{"rendered":"http:\/\/taiyo.fi\/?page_id=2552"},"modified":"2023-09-25T09:59:49","modified_gmt":"2023-09-25T07:59:49","slug":"taiteilijapankki","status":"publish","type":"page","link":"https:\/\/taiyo.fi\/en\/taiteilijapankki\/","title":{"rendered":"Artist Directory"},"content":{"rendered":"<p>The Artist Directory of the University of the Arts Student Union is a meeting place for those interested in buying art and for young artists. There you can find a party band for your wedding, an improvisation group for your birthday party or an art teacher for your child! All those who put up a notice are students of the University of the Arts Helsinki, so they are at least on their way to the top of their field. The University of the Arts Helsinki includes under one roof the Sibelius Academy, the Theatre Academy and the Academy of Fine Arts, so through the Artist Directory, it is possible to find musicians from classical to pop, jazz and folk as well as actors, dancers and visual artists.<\/p>\r\n<p>Please note that the Artist Directory only operates through this website and only by publishing notices put up by students interested in temporary jobs. Besides the information shown here, the University of the Arts Student Union has no contact details of other performers or teachers or information on individual artists\u2019 financial requirements or their availability at specific times. That is to say, we do not act as an intermediary between clients and artists who put up notices and we cannot provide additional information on them. If you want more information on an individual performer or teacher, you should directly contact that person through the contact details on the notice. There are no uniform rules or price lists for the services of the Artist Directory; each artist specifies the services they offer and their monetary requirements. No separate commission is charged for the use of the Artist Directory; the service is free for both the client and the person who puts up the notice.<\/p>\r\n<p>Taiteilijapankki palvelee ensisijaisesti yksityishenkil\u00f6it\u00e4. Jos etsit esiintyj\u00e4\u00e4 esimerkiksi yrityksesi tai j\u00e4rjest\u00f6si juhlaan tai kaipaat alusta loppuun asti tuotettua huippulaatuista musiikin ohjelmapalvelua, ota yhteytt\u00e4 Taideyliopiston Sibelius-Akatemian ohjelmapalvelu <a href=\"https:\/\/primo.uniarts.fi\/\">Primoon (linkki)<\/a>.<\/p>\r\n<p>&nbsp;<\/p>\r\n<h3 class=\"wp-block-heading\">Tutustu taiteilijoihin: <a href=\"https:\/\/taiyo.fi\/en\/category\/taiteilijapankki\/\">Kaikki ilmoitukset &#8211; All posts<\/a>\u00a0<\/h3>\r\n<p>&nbsp;<\/p>\r\n<p>Members of the University of the Arts Student Union can put up their notices for the Artist Directory <a href=\"https:\/\/taiyo.fi\/en\/taiteilijapankki\/ilmoitus\/\">here<\/a>.<\/p>\r\n<p>&nbsp;<\/p>","protected":false},"excerpt":{"rendered":"<p>Taideyliopiston ylioppilaskunnan Taiteilijapankki on taiteesta kiinnostuneiden tilaajien ja nuorten taiteilijoiden kohtauspaikka. T\u00e4\u00e4lt\u00e4 l\u00f6yd\u00e4t niin bileb\u00e4ndin h\u00e4ihisi, improryhm\u00e4n syntt\u00e4reillesi kuin kuviksenopettajan lapsellesi! Kaikki [&hellip;]<\/p>\n","protected":false},"author":13,"featured_media":0,"parent":0,"menu_order":0,"comment_status":"closed","ping_status":"open","template":"","meta":{"_coblocks_attr":"","_coblocks_dimensions":"","_coblocks_responsive_height":"","_coblocks_accordion_ie_support":"","_crdt_document":"","advanced_seo_description":"","jetpack_seo_html_title":"","jetpack_seo_noindex":false,"footnotes":""},"class_list":["post-2552","page","type-page","status-publish","hentry"],"jetpack_sharing_enabled":true,"jetpack_shortlink":"https:\/\/wp.me\/P2w00X-Fa","jetpack_likes_enabled":true,"amp_enabled":true,"_links":{"self":[{"href":"https:\/\/taiyo.fi\/en\/wp-json\/wp\/v2\/pages\/2552","targetHints":{"allow":["GET"]}}],"collection":[{"href":"https:\/\/taiyo.fi\/en\/wp-json\/wp\/v2\/pages"}],"about":[{"href":"https:\/\/taiyo.fi\/en\/wp-json\/wp\/v2\/types\/page"}],"author":[{"embeddable":true,"href":"https:\/\/taiyo.fi\/en\/wp-json\/wp\/v2\/users\/13"}],"replies":[{"embeddable":true,"href":"https:\/\/taiyo.fi\/en\/wp-json\/wp\/v2\/comments?post=2552"}],"version-history":[{"count":40,"href":"https:\/\/taiyo.fi\/en\/wp-json\/wp\/v2\/pages\/2552\/revisions"}],"predecessor-version":[{"id":12789,"href":"https:\/\/taiyo.fi\/en\/wp-json\/wp\/v2\/pages\/2552\/revisions\/12789"}],"wp:attachment":[{"href":"https:\/\/taiyo.fi\/en\/wp-json\/wp\/v2\/media?parent=2552"}],"curies":[{"name":"wp","href":"https:\/\/api.w.org\/{rel}","templated":true}]}}