{"id":16251,"date":"2026-04-16T12:04:13","date_gmt":"2026-04-16T10:04:13","guid":{"rendered":"https:\/\/taiyo.fi\/?page_id=16251"},"modified":"2026-04-21T11:44:49","modified_gmt":"2026-04-21T09:44:49","slug":"taidewappu","status":"publish","type":"page","link":"https:\/\/taiyo.fi\/en\/taidewappu\/","title":{"rendered":"TaideWappu"},"content":{"rendered":"<p>TaideWappu 2026<\/p>\n<div>The students of Uniarts will celebrate the biggest student festival of the year for an entire week, from April 24 to May 1! Mark the dates in your calendar and follow TaiYo\u2019s weekly newsletter and Instagram @taiyoartsu to get the hottest updates about the events!<\/div>\n<div><\/div>\n<div><span style=\"text-decoration: underline;\"><strong>24.4. Blackout V2: Wappu party<\/strong><\/span><\/div>\n<div>\n<p>Aloitamme Taidewapun 2026 n\u00e4ytt\u00e4v\u00e4sti! Perjantaina 24. p\u00e4iv\u00e4 tarjoilemme teille Unisono ry:n toisen BLACKOUT-bileillan. T\u00e4n\u00e4 kev\u00e4\u00e4n\u00e4 tapahtuma on entist\u00e4 suurempi, parempi ja \u00e4\u00e4nekk\u00e4\u00e4mpi. Tule Suvilahteen tanssimaan y\u00f6 l\u00e4pi parhaassa mahdollisessa seurassa.<\/p>\n<p>Tapahtumapaikka: Magito, Kaasutehtaankatu 1, 00540 Helsinki (eritt\u00e4in helppo saapua metrolla tai bussilla)<\/p>\n<\/div>\n<div>Milloin: 24.4.2026 \/\/ 20:00\u201303:00<br \/>\nSis\u00e4\u00e4np\u00e4\u00e4sy: 8\u20ac\/10\u20ac (TaiYo \/ ei-j\u00e4sen)<br \/>\nPukukoodi: Vappu<\/div>\n<div><\/div>\n<div><span style=\"text-decoration: underline;\"><strong>28.4. Football Derby 2026: T\u00f6\u00f6l\u00f6 vs. S\u00f6rn\u00e4inen<\/strong><\/span><\/div>\n<div>\n<p>Juhlimme vappua my\u00f6s t\u00e4n\u00e4 vuonna tulisella jalkapallo-ottelulla T\u00f6\u00f6l\u00f6n kampuksen (SibA) ja S\u00f6rn\u00e4isten kampuksen (TeaK &amp; KuvA) opiskelijoiden v\u00e4lill\u00e4, nimitt\u00e4in kyseess\u00e4 on toinen Uniarts-derby koskaan!<\/p>\n<p>Tapahtuma on avoin kaikille Taideyliopiston opiskelijoille. Joukkueiden ilmoittautumiset l\u00f6ytyv\u00e4t QR-koodin kautta, TaiYon verkkosivuilta (linkki biossa) sek\u00e4 viikoittaisesta uutiskirjeest\u00e4.<\/p>\n<p>\ud83c\udfc6Jos pelaaminen ei ole sinun juttusi, tule kannustamaan oma joukkueesi voittoon!<\/p>\n<p><strong>MIT\u00c4:<\/strong> Jalkapallo-derby 2026 \u2013 T\u00f6\u00f6l\u00f6 vs. S\u00f6rn\u00e4inen<br \/>\n<strong>MILLOIN:<\/strong> 28.4. alkaen klo 18.30<br \/>\n<strong>MISS\u00c4:<\/strong> Johanneksen kentt\u00e4, Merimiehenkatu 2<\/p>\n<\/div>\n<div><\/div>\n<div><span style=\"text-decoration: underline;\"><strong>29.4. Mukappro x TaideWappu<\/strong><\/span><\/div>\n<div>\n<p>Perinteinen opiskelijatapahtuma musiikkikasvatuksen opiskelijoiden j\u00e4rjest\u00e4m\u00e4n\u00e4!<\/p>\n<p>Mukapprot on rento baarikierros Kampin alueella. Voit suorittaa kierroksen omalla tavallasi \u2013 nauttimalla juomia (my\u00f6s alkoholittomia vaihtoehtoja on tarjolla) tai sy\u00f6m\u00e4ll\u00e4 jotain matkan varrella. Voit my\u00f6s yhdistell\u00e4 n\u00e4it\u00e4 haluamallasi tavalla! Osassa paikoista on tarjolla my\u00f6s karaokea.<\/p>\n<p>Ilmoittautuminen QR-koodin kautta tai nettisivuillamme (linkki biossa)<br \/>\nEik\u00f6 sinulla ole joukkuetta? Ei h\u00e4t\u00e4\u00e4 \u2013 j\u00e4rjest\u00e4mme sinulle joukkueen, jotta kukaan ei j\u00e4\u00e4 yksin \ud83d\ude42<\/p>\n<p><strong>MIT\u00c4:<\/strong> Mukappro-baarikierros<br \/>\n<strong>MILLOIN:<\/strong> 29.4. alkaen klo 18.00<br \/>\n<strong>MISS\u00c4:<\/strong> Reitti Kampissa, l\u00e4ht\u00f6piste Musiikkitalon 3. kerroksessa<br \/>\n<strong>PUKUKOODI:<\/strong> Haalarit \/ vappu<br \/>\n<strong>ILMOITTAUTUMINEN:\u00a0<\/strong><a href=\"https:\/\/docs.google.com\/forms\/d\/e\/1FAIpQLSe2hZAny2S061RVv_ceO4w6T87Zhezrpw0-3YmRhwffJs1ZCw\/viewform\" target=\"_blank\" rel=\"noopener\" data-cke-saved-href=\"https:\/\/docs.google.com\/forms\/d\/e\/1FAIpQLSe2hZAny2S061RVv_ceO4w6T87Zhezrpw0-3YmRhwffJs1ZCw\/viewform\">https:\/\/docs.google.com\/forms\/d\/e\/1FAIpQLSe2hZAny2S061RVv_ceO4w6T87Zhezrpw0-3YmRhwffJs1ZCw\/viewform<\/a><br \/>\n<strong>HINTA:<\/strong> 5\u20ac\/7\u20ac<\/p>\n<\/div>\n<div><\/div>\n<div><span style=\"text-decoration: underline;\"><strong>1.5. TaiYon teltta Ullanlinnanm\u00e4ell\u00e4<\/strong><\/span><\/div>\n<div>\n<p>Tule viett\u00e4m\u00e4\u00e4n vappua Kaivopuiston Ullanlinnanm\u00e4elle yhdess\u00e4 TaiYon kanssa\ud83c\udf88<\/p>\n<p>TaiYo pystytt\u00e4\u00e4 perinteisen vapputelttansa Ullanlinnanm\u00e4elle vappup\u00e4iv\u00e4n\u00e4 1.5. kello 9 alkaen ja jakaa munkkeja sek\u00e4 simaa taiyolaisille! T\u00e4n\u00e4 vuonna teltassa my\u00f6s myynniss\u00e4 rajoitettu er\u00e4 EEPPISI\u00c4 TAIYO-HAALARIMERKKEJ\u00c4!<\/p>\n<p><strong>\ud83c\udfaa<\/strong>TaiYon teltta pysytytet\u00e4\u00e4n aamuyhdeks\u00e4lt\u00e4 Ullanlinnanm\u00e4elle ja tunnistat teltan TaiYo-bannereista!<\/p>\n<p><strong>MIT\u00c4:<\/strong> TaiYon perinteinen vapputeltta<br \/>\n<strong>MILLOIN:<\/strong> 1.5. klo 9\u201315<br \/>\n<strong>MISS\u00c4:<\/strong> Ullanlinnanm\u00e4ell\u00e4 Kaivopuistossa<\/p>\n<\/div>\n<div><\/div>\n<div><\/div>","protected":false},"excerpt":{"rendered":"<p>TaideWappu 2026 Taideyliopisto opiskelijat juhlivat viikon mittaista, vuoden suurinta opiskelijafestivaalia 24. huhtikuuta\u20131. toukokuuta! Merkitse p\u00e4iv\u00e4m\u00e4\u00e4r\u00e4t kalenteriisi ja seuraa TaiYon viikkotiedotetta sek\u00e4 Instagramia [&hellip;]<\/p>\n","protected":false},"author":13,"featured_media":0,"parent":0,"menu_order":0,"comment_status":"closed","ping_status":"closed","template":"","meta":{"_coblocks_attr":"","_coblocks_dimensions":"","_coblocks_responsive_height":"","_coblocks_accordion_ie_support":"","_crdt_document":"","advanced_seo_description":"","jetpack_seo_html_title":"","jetpack_seo_noindex":false,"footnotes":""},"class_list":["post-16251","page","type-page","status-publish","hentry"],"jetpack_sharing_enabled":true,"jetpack_shortlink":"https:\/\/wp.me\/P2w00X-4e7","jetpack_likes_enabled":true,"amp_enabled":true,"_links":{"self":[{"href":"https:\/\/taiyo.fi\/en\/wp-json\/wp\/v2\/pages\/16251","targetHints":{"allow":["GET"]}}],"collection":[{"href":"https:\/\/taiyo.fi\/en\/wp-json\/wp\/v2\/pages"}],"about":[{"href":"https:\/\/taiyo.fi\/en\/wp-json\/wp\/v2\/types\/page"}],"author":[{"embeddable":true,"href":"https:\/\/taiyo.fi\/en\/wp-json\/wp\/v2\/users\/13"}],"replies":[{"embeddable":true,"href":"https:\/\/taiyo.fi\/en\/wp-json\/wp\/v2\/comments?post=16251"}],"version-history":[{"count":12,"href":"https:\/\/taiyo.fi\/en\/wp-json\/wp\/v2\/pages\/16251\/revisions"}],"predecessor-version":[{"id":16302,"href":"https:\/\/taiyo.fi\/en\/wp-json\/wp\/v2\/pages\/16251\/revisions\/16302"}],"wp:attachment":[{"href":"https:\/\/taiyo.fi\/en\/wp-json\/wp\/v2\/media?parent=16251"}],"curies":[{"name":"wp","href":"https:\/\/api.w.org\/{rel}","templated":true}]}}