{"id":15906,"date":"2026-01-08T14:44:31","date_gmt":"2026-01-08T12:44:31","guid":{"rendered":"https:\/\/taiyo.fi\/?page_id=15906"},"modified":"2026-01-15T13:42:29","modified_gmt":"2026-01-15T11:42:29","slug":"arkisto-2025","status":"publish","type":"page","link":"https:\/\/taiyo.fi\/en\/ylioppilaskunta\/ilmoitustaulu\/arkisto-2025\/","title":{"rendered":"Arkisto 2025"},"content":{"rendered":"<p><strong>Vaaliasiakirjat 2025<\/strong><\/p>\n<p><a href=\"https:\/\/taiyo.fi\/wp-content\/uploads\/2025\/11\/elec-result-2025.pdf\">Result of the Representative Council By-Election 2025<\/a><\/p>\n<p><a href=\"https:\/\/taiyo.fi\/wp-content\/uploads\/2025\/10\/Lopullinen-ehdokaslista-2025.pdf\">The final list of candidates 2025<\/a><\/p>\n<p><a href=\"https:\/\/taiyo.fi\/wp-content\/uploads\/2025\/10\/Elected-without-elections-2025.pdf\">Chosen to the Representative Council without elections 2025<\/a><\/p>\n<p><a href=\"https:\/\/taiyo.fi\/wp-content\/uploads\/2025\/08\/Elections-Declaration.pdf\">Election Declaration 2025<\/a><br \/>\n<a href=\"https:\/\/taiyo.fi\/wp-content\/uploads\/2025\/10\/Amendment-to-the-election-declaration-7.10.2025.pdf\">Amendment to the election declaration 7 October 2025<\/a><\/p>\n<p><a href=\"https:\/\/taiyo.fi\/wp-content\/uploads\/2025\/10\/Advertising-regulations-2025.pdf\">Election advertising regulations<\/a><\/p>\n<p><strong>Keskusvaalilautakunnan asiakirjat 2025<\/strong><\/p>\n<p><a href=\"https:\/\/taiyo.fi\/wp-content\/uploads\/2025\/08\/KVL-list-of-decisions-1-2025.pdf\">Elections Committee List of Decisions 1-2025<\/a><br \/>\n<a href=\"https:\/\/taiyo.fi\/wp-content\/uploads\/2025\/10\/KVL-paatosluettelo-2-2025.pdf\">Keskusvaalilautakunnan p\u00e4\u00e4t\u00f6sluettelo 2-2025<\/a><br \/>\n<a href=\"https:\/\/taiyo.fi\/wp-content\/uploads\/2025\/10\/KVL-paatosluettelo-3-2025.pdf\">Keskusvaalilautakunnan p\u00e4\u00e4t\u00f6sluettelo 3-2025<\/a><br \/>\n<a href=\"https:\/\/taiyo.fi\/wp-content\/uploads\/2025\/10\/KVL-paatosluettelo-4-2025.pdf\">Keskusvaalilautakunnan p\u00e4\u00e4t\u00f6sluettelo 4-2025<\/a><br \/>\n<a href=\"https:\/\/taiyo.fi\/wp-content\/uploads\/2025\/11\/KVL-paatosluettelo-5-2025.pdf\">Keskusvaalilautakunnan p\u00e4\u00e4t\u00f6sluettelo 5-2025<\/a><\/p>\n<p><strong>Representative Council's Call for Meetings 2025<\/strong><\/p>\n<p><a href=\"https:\/\/taiyo.fi\/wp-content\/uploads\/2025\/05\/Edustajiston-kokouskutsu-ja-esityslista-1-2025-1.pdf\">Edustajiston kokouskutsu ja esityslista 1-2025<\/a><br \/>\n<a href=\"https:\/\/taiyo.fi\/wp-content\/uploads\/2025\/11\/RepCo-Notice-of-Meeting-and-Agenda-2-2025-unofficial-translation.pdf\">Representative Council Notice of Meeting and Agenda 2-2025<\/a><br \/>\n<a href=\"https:\/\/taiyo.fi\/wp-content\/uploads\/2025\/11\/Notice-of-meeting-and-agenda-3-2025.pdf\">Notice of meeting and agenda 3-2025<\/a><br \/>\n<a href=\"https:\/\/taiyo.fi\/wp-content\/uploads\/2025\/12\/Edustajiston-kokouskutsu-ja-esityslista-4-2025-1-%E2%80%93-kopio.pdf\">Edustajiston kokouskutsu ja esityslista 4-2025<\/a><\/p>\n<p><strong>Representative Council's Lists of Decisions 2025<br \/>\n<\/strong><\/p>\n<p><a href=\"https:\/\/taiyo.fi\/wp-content\/uploads\/2025\/05\/Edustajiston-paatosluettelo-1-2025.pdf\">Edustajiston p\u00e4\u00e4t\u00f6sluettelo 1-2025<\/a><br \/>\n<a href=\"https:\/\/taiyo.fi\/wp-content\/uploads\/2025\/11\/2-2025-Edustajiston-paatosluettelo.pdf\">Edustajiston p\u00e4\u00e4t\u00f6sluettelo 2-2025<\/a><br \/>\n<a href=\"https:\/\/taiyo.fi\/wp-content\/uploads\/2025\/12\/3-2025-Edusjatiston-paatosluettelo.pdf\">Edustajiston p\u00e4\u00e4t\u00f6sluettelo 3-2025<\/a><br \/>\n<a href=\"https:\/\/taiyo.fi\/wp-content\/uploads\/2025\/12\/4-2025-Edustajiston-paatosluettelo.pdf\">Edustajiston p\u00e4\u00e4t\u00f6sluettelo 4-2025<\/a><\/p>\n<p><strong>Board Lists of Decisions 2025<\/strong><\/p>\n<p><a href=\"https:\/\/taiyo.fi\/wp-content\/uploads\/2025\/01\/Board-List-of-decisions-1-2025-unofficial-translation.pdf\">Board List of Decisions 1-2025<\/a><br \/>\n<a href=\"https:\/\/taiyo.fi\/wp-content\/uploads\/2025\/01\/Board-List-of-decisions-2-2025-unofficial-translation.pdf\">Board List of Decisions 2-2025<\/a><br \/>\n<a href=\"https:\/\/taiyo.fi\/wp-content\/uploads\/2025\/01\/Board-List-of-decisions-3-2025-unofficial-translation-2.pdf\">Board List Of Decisions 3-2025<\/a><br \/>\n<a href=\"https:\/\/taiyo.fi\/wp-content\/uploads\/2025\/02\/Board-List-of-decisions-4-2025.pdf\">Board List of Decisions 4-2025<\/a><br \/>\n<a href=\"https:\/\/taiyo.fi\/wp-content\/uploads\/2025\/02\/Board-List-of-Decisions-5-2025.pdf\">Board List of Decisions 5-2025<\/a><br \/>\n<a href=\"https:\/\/taiyo.fi\/wp-content\/uploads\/2025\/02\/Board-list-of-decisions-6-2025.pdf\">Board List of Decisions 6-2025<\/a><br \/>\n<a href=\"https:\/\/taiyo.fi\/wp-content\/uploads\/2025\/03\/Board-list-of-decisions-7-2025.pdf\">Board List of Decisions 7-2025<\/a><br \/>\n<a href=\"https:\/\/taiyo.fi\/wp-content\/uploads\/2025\/03\/Board-List-of-Decisions-8-2025.pdf\">Board List of Decisions 8-2025<\/a><br \/>\n<a href=\"https:\/\/taiyo.fi\/wp-content\/uploads\/2025\/03\/The-Board-List-of-Decisions-9-2025.pdf\">Board List of Desicions 9-2025<\/a><br \/>\n<a href=\"https:\/\/taiyo.fi\/wp-content\/uploads\/2025\/04\/The-Board-List-of-Decision-10-2025.pdf\">Board List of Decisions 10-2025<\/a><br \/>\n<a href=\"https:\/\/taiyo.fi\/wp-content\/uploads\/2025\/04\/Hallituksen-paatosluettelo_11-2025.pdf\">Board List of Decicions 11-2025<\/a><br \/>\n<a href=\"https:\/\/taiyo.fi\/wp-content\/uploads\/2025\/04\/Board-List-of-Decisions-12-2025.pdf\">Board List of Decisions 12-2025<\/a><br \/>\n<a href=\"https:\/\/taiyo.fi\/wp-content\/uploads\/2025\/04\/Board-List-of-Decisions-13-2025.pdf\">Board List of Desicions 13-2025<\/a><br \/>\n<a href=\"https:\/\/taiyo.fi\/wp-content\/uploads\/2025\/05\/Board-List-of-Decisions-14-2025.pdf\">Board List of Desicions 14-2025<\/a><br \/>\n<a href=\"https:\/\/taiyo.fi\/wp-content\/uploads\/2025\/05\/Hallituksen-paatosluettelo-14-2025_.pdf\">Board List of Decisions 15-2025<\/a><br \/>\n<a href=\"https:\/\/taiyo.fi\/wp-content\/uploads\/2025\/08\/Hallituksen-paatosluettelo-16-2025_.pdf\">Board List of Decisions 16-2025<\/a><br \/>\n<a href=\"https:\/\/taiyo.fi\/wp-content\/uploads\/2025\/09\/Board-List-Of-Decisions-17-2025.pdf\">Board List of Decisions 17-2025<\/a><br \/>\n<a href=\"https:\/\/taiyo.fi\/wp-content\/uploads\/2025\/09\/Board-List-Of-Decisions-_18-2025.pdf\">Board List of Decisions 18-2025<\/a><br \/>\n<a href=\"https:\/\/taiyo.fi\/wp-content\/uploads\/2025\/09\/Board-List-Of-Decisions-19-2025.asd_.pdf\">Board List of Decisions 19-2025<\/a><br \/>\n<a href=\"https:\/\/taiyo.fi\/wp-content\/uploads\/2025\/09\/Board-List-Of-Decisions-20-2025_.pdf\">Board List of Decisions 20-2025<\/a><br \/>\n<a href=\"https:\/\/taiyo.fi\/wp-content\/uploads\/2025\/09\/21_25_Hallituksen-kokouksen-paatosluettelo.pdf\">Board List of Decisions 21-2025<\/a><br \/>\n<a href=\"https:\/\/taiyo.fi\/wp-content\/uploads\/2025\/09\/Board-List-Of-Decisions-22-2025.asd_.pdf\">Board List of Decisions 22-2025<\/a><br \/>\n<a href=\"https:\/\/taiyo.fi\/wp-content\/uploads\/2025\/10\/Board-List-Of-Decisions-23-2025.pdf\">Board List of Decisions 23-2025<\/a><br \/>\n<a href=\"https:\/\/taiyo.fi\/wp-content\/uploads\/2025\/10\/Board-List-Of-Decisions-22-2025.asd_.pdf\">Board List of Decisions 24-2025<\/a><br \/>\n<a href=\"https:\/\/taiyo.fi\/wp-content\/uploads\/2025\/10\/Board-List-Of-Decisions-25-2025.pdf\">Board List of Decisions 25-2025<\/a><br \/>\n<a href=\"https:\/\/taiyo.fi\/wp-content\/uploads\/2025\/11\/Board-List-Of-Decisions-26-2025.pdf\">Board List of Decisions 26-2025<\/a><br \/>\n<a href=\"https:\/\/taiyo.fi\/wp-content\/uploads\/2025\/11\/Board-List-Of-Decisions-27-2025.pdf\">Board List of Decisions 27-2025<\/a><br \/>\n<a href=\"https:\/\/taiyo.fi\/wp-content\/uploads\/2025\/11\/Board-List-Of-Decisions-28-2025.pdf\">Board List of Decisions 28-2025<\/a><br \/>\n<a href=\"https:\/\/taiyo.fi\/wp-content\/uploads\/2025\/11\/Board-List-Of-Decisions-29-2025-2.pdf\">Board List of Decisions 29-2025<\/a><br \/>\n<a href=\"https:\/\/taiyo.fi\/wp-content\/uploads\/2025\/11\/Board-List-Of-Decisions-30-2025.pdf\">Board List of Decisions 30-2025<\/a><br \/>\n<a href=\"https:\/\/taiyo.fi\/wp-content\/uploads\/2025\/12\/31-2025-Board-List-Of-Decisions.pdf\">Board List of Decisions 31-2025<\/a><br \/>\n<a href=\"https:\/\/taiyo.fi\/wp-content\/uploads\/2025\/12\/Board-List-Of-Decisions-32-2025_.pdf\">Board List of Decisions 32-2025<\/a><\/p>\n<p><strong>Avustukset 2025<\/strong><\/p>\n<p><a href=\"https:\/\/taiyo.fi\/wp-content\/uploads\/2025\/10\/Decision_TaiYo-grants-fall-2025.pdf\">TaiYo's grants, fall 2025<\/a><br \/>\n<a href=\"https:\/\/taiyo.fi\/wp-content\/uploads\/2025\/03\/Decision_-TaiYos-grants-spring-2025.pdf\">TaiYo's grants, spring 2025<\/a><br \/>\n<a href=\"https:\/\/taiyo.fi\/wp-content\/uploads\/2025\/06\/Allocation-of-grants-additional-proposal-spring-2025.pdf\">TaiYo's grants, spring 2025, extra allocation<\/a><\/p>","protected":false},"excerpt":{"rendered":"<p>Vaaliasiakirjat 2025 T\u00e4ydennysvaalin tulos 2025 (5.11.2025) Lopullinen ehdokaslista 2025 Valittu ilman vaaleja 2025 Vaalijulistus 2025 T\u00e4ydennys vaalijulistukseen 7.10.2025 Vaalimainonnan ohjeet Keskusvaalilautakunnan asiakirjat [&hellip;]<\/p>\n","protected":false},"author":13,"featured_media":0,"parent":2,"menu_order":0,"comment_status":"closed","ping_status":"closed","template":"page-templates\/page_fullwidth.php","meta":{"_coblocks_attr":"","_coblocks_dimensions":"","_coblocks_responsive_height":"","_coblocks_accordion_ie_support":"","_crdt_document":"","advanced_seo_description":"","jetpack_seo_html_title":"","jetpack_seo_noindex":false,"footnotes":""},"class_list":["post-15906","page","type-page","status-publish","hentry"],"jetpack_sharing_enabled":true,"jetpack_shortlink":"https:\/\/wp.me\/P2w00X-48y","jetpack_likes_enabled":true,"amp_enabled":false,"_links":{"self":[{"href":"https:\/\/taiyo.fi\/en\/wp-json\/wp\/v2\/pages\/15906","targetHints":{"allow":["GET"]}}],"collection":[{"href":"https:\/\/taiyo.fi\/en\/wp-json\/wp\/v2\/pages"}],"about":[{"href":"https:\/\/taiyo.fi\/en\/wp-json\/wp\/v2\/types\/page"}],"author":[{"embeddable":true,"href":"https:\/\/taiyo.fi\/en\/wp-json\/wp\/v2\/users\/13"}],"replies":[{"embeddable":true,"href":"https:\/\/taiyo.fi\/en\/wp-json\/wp\/v2\/comments?post=15906"}],"version-history":[{"count":4,"href":"https:\/\/taiyo.fi\/en\/wp-json\/wp\/v2\/pages\/15906\/revisions"}],"predecessor-version":[{"id":15937,"href":"https:\/\/taiyo.fi\/en\/wp-json\/wp\/v2\/pages\/15906\/revisions\/15937"}],"up":[{"embeddable":true,"href":"https:\/\/taiyo.fi\/en\/wp-json\/wp\/v2\/pages\/2"}],"wp:attachment":[{"href":"https:\/\/taiyo.fi\/en\/wp-json\/wp\/v2\/media?parent=15906"}],"curies":[{"name":"wp","href":"https:\/\/api.w.org\/{rel}","templated":true}]}}