{"id":1564,"date":"2013-10-09T10:34:38","date_gmt":"2013-10-09T08:34:38","guid":{"rendered":"http:\/\/taiyo.fi\/?page_id=1564"},"modified":"2019-10-24T15:21:39","modified_gmt":"2019-10-24T13:21:39","slug":"ehdokkaat","status":"publish","type":"page","link":"https:\/\/taiyo.fi\/en\/edustajistovaalit\/ehdokkaat\/","title":{"rendered":"Candidates"},"content":{"rendered":"<div>\n<h4>LOPULLINEN EHDOKASLISTA<br \/>Taideyliopiston ylioppilaskunnan edustajistovaalit 2019<\/h4>\n<h4>SLUTLIGA KANDIDATLISTAN<br \/>Konstuniversitetets studentk\u00e5rs delegationsval 2019<\/h4>\n<h4>FINAL LIST OF CANDIDATES<br \/>University of the Arts Student Union Representative Council Election 2019<\/h4>\n<p>\u00a0<\/p>\n<p><strong>Vaaliliitto \/ Valf\u00f6rbund \/ Coalition: KUVA VAALILIITTO<\/strong><\/p>\n<p><strong>2<\/strong>\u00a0 \u00a0Pilvi Hyv\u00e4ri\u00a0 <em>(tila-aikataiteet \/ tid-rumkonst \/ time and space arts)<br \/><\/em><strong>3<\/strong>\u00a0 \u00a0Nikolay Kotov\u00a0 <em>(tila-aikataiteet \/ tid-rumkonst \/ time and space arts)<br \/><\/em><strong>4<\/strong>\u00a0 \u00a0Hanna Kyt\u00f6\u00a0 <em>(maalaustaide \/ m\u00e5leri \/ painting)<br \/><\/em><strong>5<\/strong>\u00a0 \u00a0Tatu Liimatainen\u00a0 <em>(taidegrafiikka \/ konstgrafik \/ printmaking)<br \/><\/em><strong>6<\/strong>\u00a0 \u00a0Iiri Poteri\u00a0 <em>(tila-aikataiteet \/ tid-rumkonst \/ time and space arts)<br \/><\/em><strong>7<\/strong>\u00a0 \u00a0Oskari Ruuska\u00a0 <em>(tila-aikataiteet \/ tid-rumkonst \/ time and space arts)<br \/><\/em><strong>8<\/strong>\u00a0 \u00a0Aleksi Salminen\u00a0 <em>(tila-aikataiteet \/ tid-rumkonst \/ time and space arts)<br \/><\/em><strong>9<\/strong>\u00a0 \u00a0Daniel Villodas Palpa\u00a0 <em>(kuvataide \/ bildkonst \/ fine arts)<\/em><\/p>\n<p><strong>Vaaliliitto \/ Valf\u00f6rbund \/ Coalition: TEAK VAALILIITTO<\/strong><\/p>\n<p><strong>10<\/strong>\u00a0 \u00a0Lyydia Johansson\u00a0 <em>(valosuunnittelu \/ ljusdesign \/ lighting design)<br \/><\/em><strong>11<\/strong>\u00a0 \u00a0Patrik Kumpulainen\u00a0 <em>(sk\u00e5despelarkonst \/ acting, in Swedish)<br \/><\/em><strong>12<\/strong>\u00a0 \u00a0Verna Laine\u00a0 <em>(teatteriopettaja \/ teaterpedagogik \/ theatre pedagogy)<br \/><\/em><strong>13<\/strong>\u00a0 \u00a0Sara-Maria Pirhonen\u00a0 <em>(sk\u00e5despelarkonst \/ acting, in Swedish)<br \/><\/em><strong>14<\/strong>\u00a0 \u00a0N\u00f3ra Varga\u00a0 <em>(teatteriopettaja \/ teaterpedagogik \/ theatre pedagogy)<\/em><\/p>\n<p><strong>Vaaliliitto \/ Valf\u00f6rbund \/ Coalition: SIBELIUS-AKATEMIAN VAALILIITTO<\/strong><\/p>\n<p><strong>15<\/strong>\u00a0 \u00a0Ossi Hiltunen\u00a0 <em>(s\u00e4vellys \/ komposition \/ composition)<br \/><\/em><strong>16<\/strong>\u00a0 \u00a0Julia Junttila\u00a0 <em>(fagotti \/ fagott \/ bassoon)<br \/><\/em><strong>17<\/strong>\u00a0 \u00a0Sini Kaartinen\u00a0 <em>(arts management)<br \/><\/em><strong>18<\/strong>\u00a0 \u00a0Heli Notkonen\u00a0 <em>(kantele)<br \/><\/em><strong>19<\/strong>\u00a0 \u00a0Roosa Punkari\u00a0 <em>(musiikkikasvatus \/ <\/em><em>musikpedagogik \/ <\/em><em>music education)<br \/><\/em><strong>20<\/strong>\u00a0 \u00a0Maija Ruusukallio\u00a0 <em>(musiikkikasvatus \/ <\/em><em>musikpedagogik \/ <\/em><em>music education)<br \/><\/em><strong>21<\/strong>\u00a0 \u00a0Vertti Tapanainen\u00a0 <em>(fagotti \/ fagott \/ bassoon)<br \/><\/em><strong>22<\/strong>\u00a0 \u00a0Sakari Topi\u00a0 <em>(laulutaide \/ s\u00e5ngkonst \/ vocal arts)<br \/><\/em><strong>23<\/strong>\u00a0 \u00a0Koenraad van de Velde\u00a0 <em>(saksofoni \/ saxofon \/ saxophone)<br \/><\/em><strong>24<\/strong>\u00a0 \u00a0Vilma Virtanen\u00a0 <em>(musiikkikasvatus \/ <\/em><em>musikpedagogik \/ <\/em><em>music education)<\/em><\/p>\n<p>\u00a0<\/p>\n<\/div>\n<div>\n<h3>Vaalikone &#8211; Valkompass &#8211; Voting aid application<\/h3>\n<p>Sopivan ehdokkaan l\u00f6yt\u00e4miseksi TaiYo tarjoaa j\u00e4sentens\u00e4 k\u00e4ytt\u00f6\u00f6n my\u00f6s vaalikoneen, jossa voi tutustua ehdokkaiden esittelyihin ja vertailla ehdokkaiden n\u00e4kemyksi\u00e4 ylioppilaskunnasta, Taideyliopistosta ja suomalaisesta koulutusj\u00e4rjestelm\u00e4st\u00e4. Vaalikone l\u00f6ytyy osoitteesta <a href=\"https:\/\/apps.myzef.com\/resources\/syl\/c3jb5l\/index.html\">https:\/\/apps.myzef.com\/resources\/syl\/c3jb5l\/index.html<\/a>.<\/p>\n<p>F\u00f6r att finna en l\u00e4mplig kandidat kan du anv\u00e4nda KonSts valkompass, d\u00e4r man kan l\u00e4sa kandidaternas presentationer och j\u00e4mf\u00f6ra deras \u00e5sikter om studentk\u00e5ren, Konstuniversitetet och finska utbildningssystemet (ocks\u00e5 p\u00e5 svenska). Valkompassen finns p\u00e5 adressen <a href=\"https:\/\/apps.myzef.com\/resources\/syl\/c3jb5l\/index.html\">https:\/\/apps.myzef.com\/resources\/syl\/c3jb5l\/index.html<\/a>.<\/p>\n<p>To help you find a suitable candidate, you are welcome to use ArtSU\u2019s voting aid application. In the application, you can read candidates\u2019 presentations and compare their views on the student union, the University of the Arts and the Finnish education system (also in English). The application can be found at <a href=\"https:\/\/apps.myzef.com\/resources\/syl\/c3jb5l\/index.html\">https:\/\/apps.myzef.com\/resources\/syl\/c3jb5l\/index.html<\/a>.<\/p>\n<p>\u00a0<\/p>\n<\/div>\n\n\n<p class=\"wp-block-paragraph\"><\/p>","protected":false},"excerpt":{"rendered":"<p>LOPULLINEN EHDOKASLISTATaideyliopiston ylioppilaskunnan edustajistovaalit 2019 SLUTLIGA KANDIDATLISTANKonstuniversitetets studentk\u00e5rs delegationsval 2019 FINAL LIST OF CANDIDATESUniversity of the Arts Student Union Representative Council Election [&hellip;]<\/p>\n","protected":false},"author":13,"featured_media":0,"parent":1342,"menu_order":0,"comment_status":"closed","ping_status":"open","template":"","meta":{"_coblocks_attr":"","_coblocks_dimensions":"","_coblocks_responsive_height":"","_coblocks_accordion_ie_support":"","_crdt_document":"","advanced_seo_description":"","jetpack_seo_html_title":"","jetpack_seo_noindex":false,"footnotes":""},"class_list":["post-1564","page","type-page","status-publish","hentry"],"jetpack_sharing_enabled":true,"jetpack_shortlink":"https:\/\/wp.me\/P2w00X-pe","jetpack_likes_enabled":true,"amp_enabled":true,"_links":{"self":[{"href":"https:\/\/taiyo.fi\/en\/wp-json\/wp\/v2\/pages\/1564","targetHints":{"allow":["GET"]}}],"collection":[{"href":"https:\/\/taiyo.fi\/en\/wp-json\/wp\/v2\/pages"}],"about":[{"href":"https:\/\/taiyo.fi\/en\/wp-json\/wp\/v2\/types\/page"}],"author":[{"embeddable":true,"href":"https:\/\/taiyo.fi\/en\/wp-json\/wp\/v2\/users\/13"}],"replies":[{"embeddable":true,"href":"https:\/\/taiyo.fi\/en\/wp-json\/wp\/v2\/comments?post=1564"}],"version-history":[{"count":17,"href":"https:\/\/taiyo.fi\/en\/wp-json\/wp\/v2\/pages\/1564\/revisions"}],"predecessor-version":[{"id":6782,"href":"https:\/\/taiyo.fi\/en\/wp-json\/wp\/v2\/pages\/1564\/revisions\/6782"}],"up":[{"embeddable":true,"href":"https:\/\/taiyo.fi\/en\/wp-json\/wp\/v2\/pages\/1342"}],"wp:attachment":[{"href":"https:\/\/taiyo.fi\/en\/wp-json\/wp\/v2\/media?parent=1564"}],"curies":[{"name":"wp","href":"https:\/\/api.w.org\/{rel}","templated":true}]}}