{"id":15266,"date":"2025-08-25T15:52:30","date_gmt":"2025-08-25T13:52:30","guid":{"rendered":"https:\/\/taiyo.fi\/?page_id=15266"},"modified":"2025-10-22T13:05:29","modified_gmt":"2025-10-22T11:05:29","slug":"keskusvaalilautakunta","status":"publish","type":"page","link":"https:\/\/taiyo.fi\/en\/vaalit\/keskusvaalilautakunta\/","title":{"rendered":"Elections Committee"},"content":{"rendered":"<p>The Elections Committee is in charge of running the elections.<\/p>\n<h4>Elections Committee 2025<\/h4>\n<p>Artturi Vuorinen (chairperson)<br \/>\nElli Kujansuu (vice chairperson)<br \/>\nSara Koiranen<br \/>\nWilljam Tigerstedt<\/p>\n<p>The secretary general of the Student Union Jane K\u00e4rn\u00e4 acts as the secretary of the Elections Committee.<\/p>\n<p>&nbsp;<\/p>\n<h4>Documents of the Elections Committee<\/h4>\n<p><strong>Lists of Decisions<\/strong><\/p>\n<p><a href=\"https:\/\/taiyo.fi\/wp-content\/uploads\/2025\/08\/KVL-list-of-decisions-1-2025.pdf\">Elections Committee List of Decisions (only in Finnish)<\/a> (11.8.)<br \/>\n<a href=\"https:\/\/taiyo.fi\/wp-content\/uploads\/2025\/10\/KVL-paatosluettelo-2-2025.pdf\">KVL p\u00e4\u00e4t\u00f6sluettelo 2-2025<\/a> (7.10.)<br \/>\n<a href=\"https:\/\/taiyo.fi\/wp-content\/uploads\/2025\/10\/KVL-paatosluettelo-3-2025.pdf\">KVL p\u00e4\u00e4t\u00f6sluettelo 3-2025<\/a> (13.-14.10.)<\/p>\n<p><strong>Official documents of the elections<\/strong><\/p>\n<p><a href=\"https:\/\/taiyo.fi\/wp-content\/uploads\/2025\/10\/Lopullinen-ehdokaslista-2025.pdf\">The final list of candidates 2025<\/a><\/p>\n<p><a href=\"https:\/\/taiyo.fi\/wp-content\/uploads\/2025\/10\/Elected-without-elections-2025.pdf\">Elected to the Representative Council without elections 2025<\/a><\/p>\n<p><a href=\"https:\/\/taiyo.fi\/wp-content\/uploads\/2025\/08\/Elections-Declaration.pdf\">Election Declaration 2025<\/a><br \/>\n<a href=\"https:\/\/taiyo.fi\/wp-content\/uploads\/2025\/10\/Amendment-to-the-election-declaration-7.10.2025.pdf\">Amendment to the election declaration 7 October 2025<\/a><\/p>\n<p><a href=\"https:\/\/taiyo.fi\/wp-content\/uploads\/2025\/10\/Advertising-regulations-2025.pdf\">Election advertising regulations 2025<\/a><\/p>","protected":false},"excerpt":{"rendered":"<p>Keskusvaalilautakunta vastaa vaalien toteutumisesta. Keskusvaalilautakunnan kokoonpano 2025 Artturi Vuorinen (puheenjohtaja) Elli Kujansuu (varapuheenjohtaja) Sara Koiranen Willjam Tigerstedt Keskusvaalilautakunnan sihteerin\u00e4 toimii ylioppilaskunnan p\u00e4\u00e4sihteeri [&hellip;]<\/p>\n","protected":false},"author":16,"featured_media":0,"parent":15196,"menu_order":4,"comment_status":"closed","ping_status":"closed","template":"","meta":{"_coblocks_attr":"","_coblocks_dimensions":"","_coblocks_responsive_height":"","_coblocks_accordion_ie_support":"","_crdt_document":"","advanced_seo_description":"","jetpack_seo_html_title":"","jetpack_seo_noindex":false,"footnotes":""},"class_list":["post-15266","page","type-page","status-publish","hentry"],"jetpack_sharing_enabled":true,"jetpack_shortlink":"https:\/\/wp.me\/P2w00X-3Ye","jetpack_likes_enabled":true,"amp_enabled":true,"_links":{"self":[{"href":"https:\/\/taiyo.fi\/en\/wp-json\/wp\/v2\/pages\/15266","targetHints":{"allow":["GET"]}}],"collection":[{"href":"https:\/\/taiyo.fi\/en\/wp-json\/wp\/v2\/pages"}],"about":[{"href":"https:\/\/taiyo.fi\/en\/wp-json\/wp\/v2\/types\/page"}],"author":[{"embeddable":true,"href":"https:\/\/taiyo.fi\/en\/wp-json\/wp\/v2\/users\/16"}],"replies":[{"embeddable":true,"href":"https:\/\/taiyo.fi\/en\/wp-json\/wp\/v2\/comments?post=15266"}],"version-history":[{"count":11,"href":"https:\/\/taiyo.fi\/en\/wp-json\/wp\/v2\/pages\/15266\/revisions"}],"predecessor-version":[{"id":15557,"href":"https:\/\/taiyo.fi\/en\/wp-json\/wp\/v2\/pages\/15266\/revisions\/15557"}],"up":[{"embeddable":true,"href":"https:\/\/taiyo.fi\/en\/wp-json\/wp\/v2\/pages\/15196"}],"wp:attachment":[{"href":"https:\/\/taiyo.fi\/en\/wp-json\/wp\/v2\/media?parent=15266"}],"curies":[{"name":"wp","href":"https:\/\/api.w.org\/{rel}","templated":true}]}}