{"id":15255,"date":"2025-08-25T15:47:57","date_gmt":"2025-08-25T13:47:57","guid":{"rendered":"https:\/\/taiyo.fi\/?page_id=15255"},"modified":"2025-10-07T20:01:52","modified_gmt":"2025-10-07T18:01:52","slug":"vaaliliitot-ja-vaalirenkaat","status":"publish","type":"page","link":"https:\/\/taiyo.fi\/en\/vaalit\/vaaliliitot-ja-vaalirenkaat\/","title":{"rendered":"Coalitions and alliances"},"content":{"rendered":"<p>TaiYon vaaleissa on k\u00e4yt\u00f6ss\u00e4 suhteellinen vaalitapa. T\u00e4ll\u00e4 sivulla kerrotaan mit\u00e4 ovat vaaliliitot ja vaalirenkaat ja miten ne voi muodostaa, sek\u00e4 esitell\u00e4\u00e4n mahdolliset tiedossa olevat vaaliliitot.<\/p>\n<h2>Vaaliliitto<\/h2>\n<h3>Mik\u00e4 on vaaliliitto?<\/h3>\n<ul>\n<li aria-setsize=\"-1\" data-leveltext=\"\uf0b7\" data-font=\"Symbol\" data-listid=\"2\" data-list-defn-props=\"{&quot;335552541&quot;:1,&quot;335559685&quot;:720,&quot;335559991&quot;:360,&quot;469769226&quot;:&quot;Symbol&quot;,&quot;469769242&quot;:[8226],&quot;469777803&quot;:&quot;left&quot;,&quot;469777804&quot;:&quot;\uf0b7&quot;,&quot;469777815&quot;:&quot;hybridMultilevel&quot;}\" data-aria-posinset=\"1\" data-aria-level=\"1\"><span data-contrast=\"none\">Vaaliliitto on kahden tai useamman ehdokkaan muodostama ryhm\u00e4, joka perustetaan vaaliliittosopimuslomakkeella 13<strong>.10.2025 klo 14:00<\/strong> menness\u00e4.<\/span><span data-ccp-props=\"{&quot;134233117&quot;:false,&quot;134233118&quot;:false,&quot;335551550&quot;:1,&quot;335551620&quot;:1,&quot;335559738&quot;:0,&quot;335559739&quot;:0}\">\u00a0<\/span><\/li>\n<li aria-setsize=\"-1\" data-leveltext=\"\uf0b7\" data-font=\"Symbol\" data-listid=\"2\" data-list-defn-props=\"{&quot;335552541&quot;:1,&quot;335559685&quot;:720,&quot;335559991&quot;:360,&quot;469769226&quot;:&quot;Symbol&quot;,&quot;469769242&quot;:[8226],&quot;469777803&quot;:&quot;left&quot;,&quot;469777804&quot;:&quot;\uf0b7&quot;,&quot;469777815&quot;:&quot;hybridMultilevel&quot;}\" data-aria-posinset=\"1\" data-aria-level=\"1\">Kuhunkin vaaliliittoon voi kuulua korkeintaan se m\u00e4\u00e4r\u00e4 ehdokkaita kuin vaaleissa valitaan, eli TaiYon vaalien tapauksessa 2-15.<\/li>\n<li aria-setsize=\"-1\" data-leveltext=\"\uf0b7\" data-font=\"Symbol\" data-listid=\"2\" data-list-defn-props=\"{&quot;335552541&quot;:1,&quot;335559685&quot;:720,&quot;335559991&quot;:360,&quot;469769226&quot;:&quot;Symbol&quot;,&quot;469769242&quot;:[8226],&quot;469777803&quot;:&quot;left&quot;,&quot;469777804&quot;:&quot;\uf0b7&quot;,&quot;469777815&quot;:&quot;hybridMultilevel&quot;}\" data-aria-posinset=\"1\" data-aria-level=\"1\"><span data-contrast=\"none\">Jokaisen ehdokkaan tulee ilmoittaa omassa ehdokasilmoituslomakkeessaan mik\u00e4li on sopinut kuuluvansa vaaliliittoon, ja antaa n\u00e4in suostumuksensa vaaliliittoon kuulumisesta.<\/span><span data-ccp-props=\"{&quot;134233117&quot;:false,&quot;134233118&quot;:false,&quot;335551550&quot;:1,&quot;335551620&quot;:1,&quot;335559738&quot;:0,&quot;335559739&quot;:0}\">\u00a0<\/span><\/li>\n<li aria-setsize=\"-1\" data-leveltext=\"\uf0b7\" data-font=\"Symbol\" data-listid=\"2\" data-list-defn-props=\"{&quot;335552541&quot;:1,&quot;335559685&quot;:720,&quot;335559991&quot;:360,&quot;469769226&quot;:&quot;Symbol&quot;,&quot;469769242&quot;:[8226],&quot;469777803&quot;:&quot;left&quot;,&quot;469777804&quot;:&quot;\uf0b7&quot;,&quot;469777815&quot;:&quot;hybridMultilevel&quot;}\" data-aria-posinset=\"1\" data-aria-level=\"1\"><span data-contrast=\"none\">Vaaliliiton sis\u00e4isess\u00e4 paikkajaossa k\u00e4ytet\u00e4\u00e4n vertauslukuj\u00e4rjestelm\u00e4\u00e4, joka perustuu ehdokkaiden saamiin \u00e4\u00e4niin. Liiton kokonais\u00e4\u00e4nim\u00e4\u00e4r\u00e4 vaikuttaa siihen, kuinka monta ehdokasta siit\u00e4 voidaan valita edustajistoon.\u00a0<\/span><\/li>\n<li aria-setsize=\"-1\" data-leveltext=\"\uf0b7\" data-font=\"Symbol\" data-listid=\"2\" data-list-defn-props=\"{&quot;335552541&quot;:1,&quot;335559685&quot;:720,&quot;335559991&quot;:360,&quot;469769226&quot;:&quot;Symbol&quot;,&quot;469769242&quot;:[8226],&quot;469777803&quot;:&quot;left&quot;,&quot;469777804&quot;:&quot;\uf0b7&quot;,&quot;469777815&quot;:&quot;hybridMultilevel&quot;}\" data-aria-posinset=\"1\" data-aria-level=\"1\"><span data-contrast=\"none\">Ehdokas voi kuulua korkeintaan yhteen (1) vaaliliittoon. Ehdolle voi l\u00e4hte\u00e4 my\u00f6s kuulumatta vaaliliittoon.<\/span><span data-ccp-props=\"{&quot;134233117&quot;:false,&quot;134233118&quot;:false,&quot;335551550&quot;:1,&quot;335551620&quot;:1,&quot;335559738&quot;:0,&quot;335559739&quot;:0}\">\u00a0<\/span><\/li>\n<li aria-setsize=\"-1\" data-leveltext=\"\uf0b7\" data-font=\"Symbol\" data-listid=\"2\" data-list-defn-props=\"{&quot;335552541&quot;:1,&quot;335559685&quot;:720,&quot;335559991&quot;:360,&quot;469769226&quot;:&quot;Symbol&quot;,&quot;469769242&quot;:[8226],&quot;469777803&quot;:&quot;left&quot;,&quot;469777804&quot;:&quot;\uf0b7&quot;,&quot;469777815&quot;:&quot;hybridMultilevel&quot;}\" data-aria-posinset=\"1\" data-aria-level=\"1\"><span data-contrast=\"none\">Jos yksitt\u00e4inen ehdokas ei ilmoita kuuluvansa vaaliliittoon, t\u00e4m\u00e4n katsotaan muodostavan vaaliliittojen kokonais\u00e4\u00e4nim\u00e4\u00e4rien laskennassa oma vaaliliittonsa.\u00a0<\/span><span data-ccp-props=\"{&quot;134233117&quot;:false,&quot;134233118&quot;:false,&quot;335551550&quot;:1,&quot;335551620&quot;:1,&quot;335559738&quot;:0,&quot;335559739&quot;:0}\">\u00a0<\/span><\/li>\n<\/ul>\n<h3><strong>Miten vaaliliitto perustetaan?<\/strong><\/h3>\n<p><span data-contrast=\"auto\"> Vaaliliitto muodostetaan t\u00e4ytt\u00e4m\u00e4ll\u00e4 vaaliliittosopimuslomake.<\/span><\/p>\n<p><a href=\"https:\/\/forms.office.com\/e\/fcPx8GMfbB\"><span data-contrast=\"auto\">Linkki vaaliliittosopimukseen<\/span><\/a><\/p>\n<p><span data-contrast=\"auto\"> Vaaliliittosopimuksessa tulee luetella kaikki kyseiseen vaaliliittoon kuuluvat ehdokkaat. Vaaliliiton e<\/span><span data-contrast=\"auto\">hdokkaiden on ilmoitettava vaaliliittoon liittymisest\u00e4 my\u00f6s omassa ehdokasilmoituslomakkeessaan tai vaihtoehtoisesti ehdokkaan asiahenkil\u00f6n on allekirjoitettava vaaliliittosopimus. <\/span><strong>\u00a0<\/strong>Mik\u00e4li vaaliliitto haluaa lis\u00e4t\u00e4 ehdokkaita vaaliliittoon lomakkeen t\u00e4ytt\u00e4misen j\u00e4lkeen, olkaa yhteydess\u00e4 taiyo.vaalit@uniarts.fi. <span data-contrast=\"auto\">Vaaliliittosopimusta voi t\u00e4ydent\u00e4\u00e4 ehdokasasettelun loppuun <strong>13.10. klo 14 asti.<\/strong><\/span><\/p>\n<p><span data-contrast=\"auto\">Vaaliliittosopimuksessa on annettava jollekin vaalissa \u00e4\u00e4nioikeutetulle henkil\u00f6lle valtuutus toimia vaaliliiton asiahenkil\u00f6n\u00e4. Asiahenkil\u00f6lle nimet\u00e4\u00e4n my\u00f6s varahenkil\u00f6.\u00a0<\/span><\/p>\n<h4>Tiedossa olevat vaaliliitot<\/h4>\n<p>T\u00e4h\u00e4n ker\u00e4t\u00e4\u00e4n tieto vaaliliitoista ehdokasasettelun edetess\u00e4.<\/p>\n<p>Mik\u00e4li haluat perustaa vaaliliiton (esimerkiksi omalle kampuksellesi, akatemiallesi, alallesi), johon muut ehdokkaat voivat tietyn tai tietyt ehdot t\u00e4ytt\u00e4ess\u00e4\u00e4n liitty\u00e4, ole yhteydess\u00e4 ylioppilaskuntaan mahdollisimman pian (taiyo.vaalit@uniarts.fi), jotta voimme julkaista vaaliliittosi kuvauksen t\u00e4ss\u00e4 ja mahdolliset kiinnostuneet voivat olla sinuun yhteydess\u00e4!<\/p>\n<h2>Vaalirengas<\/h2>\n<p><strong>Mik\u00e4 on vaalirengas?\u00a0<\/strong><\/p>\n<ul>\n<li aria-setsize=\"-1\" data-leveltext=\"%1.\" data-font=\"Segoe UI\" data-listid=\"2\" data-list-defn-props=\"{&quot;335552541&quot;:0,&quot;335559685&quot;:720,&quot;335559991&quot;:360,&quot;469769242&quot;:[65533,0],&quot;469777803&quot;:&quot;left&quot;,&quot;469777804&quot;:&quot;%1.&quot;,&quot;469777815&quot;:&quot;hybridMultilevel&quot;}\" data-aria-posinset=\"1\" data-aria-level=\"1\"><span data-contrast=\"none\">Vaalirengas on kahden tai useamman vaaliliiton muodostama yhteenliittym\u00e4.<\/span><span data-ccp-props=\"{&quot;134233117&quot;:false,&quot;134233118&quot;:false,&quot;335551550&quot;:1,&quot;335551620&quot;:1,&quot;335559738&quot;:0,&quot;335559739&quot;:0}\">\u00a0<\/span><\/li>\n<\/ul>\n<ul>\n<li aria-setsize=\"-1\" data-leveltext=\"%1.\" data-font=\"Segoe UI\" data-listid=\"2\" data-list-defn-props=\"{&quot;335552541&quot;:0,&quot;335559685&quot;:720,&quot;335559991&quot;:360,&quot;469769242&quot;:[65533,0],&quot;469777803&quot;:&quot;left&quot;,&quot;469777804&quot;:&quot;%1.&quot;,&quot;469777815&quot;:&quot;hybridMultilevel&quot;}\" data-aria-posinset=\"2\" data-aria-level=\"1\"><span data-contrast=\"none\">Vaalirenkaan sis\u00e4ll\u00e4 paikat jaetaan ensin renkaan vaaliliittojen kesken, ja t\u00e4m\u00e4n j\u00e4lkeen vaaliliittojen sis\u00e4ll\u00e4 ehdokkaille. Rengas ei siis vaikuta liittojen sis\u00e4iseen ehdokasj\u00e4rjestykseen, vaan siihen, miten paikkoja jaetaan vaalilistojen v\u00e4lill\u00e4.\u00a0<\/span><span data-ccp-props=\"{&quot;134233117&quot;:false,&quot;134233118&quot;:false,&quot;335551550&quot;:1,&quot;335551620&quot;:1,&quot;335559738&quot;:0,&quot;335559739&quot;:0}\">\u00a0<\/span><\/li>\n<\/ul>\n<ul>\n<li aria-setsize=\"-1\" data-leveltext=\"%1.\" data-font=\"Segoe UI\" data-listid=\"2\" data-list-defn-props=\"{&quot;335552541&quot;:0,&quot;335559685&quot;:720,&quot;335559991&quot;:360,&quot;469769242&quot;:[65533,0],&quot;469777803&quot;:&quot;left&quot;,&quot;469777804&quot;:&quot;%1.&quot;,&quot;469777815&quot;:&quot;hybridMultilevel&quot;}\" data-aria-posinset=\"4\" data-aria-level=\"1\"><span data-contrast=\"none\">Kaikkien vaalirenkaaseen kuuluvien vaaliliittojen on vahvistettava kuuluvansa vaalirenkaaseen, ilmoittamalla siit\u00e4 vaaliliittosopimuslomakkeessaan. Mik\u00e4li vaaliliitto liittyy vaalirenkaaseen vaaliliittosopimuksen t\u00e4ytt\u00e4misen j\u00e4lkeen, olkaa yhteydess\u00e4 p\u00e4\u00e4sihteeriin: taiyo.vaalit@uniarts.fi<\/span><\/li>\n<\/ul>\n<h3>Miten vaalirengas muodostetaan?<\/h3>\n<p>Vaalirengas muodostetaan t\u00e4ytt\u00e4m\u00e4ll\u00e4 vaalirengassopimuslomake <strong>ma 13.10. klo 14:00 menness\u00e4.<\/strong><\/p>\n<p><a href=\"https:\/\/forms.office.com\/e\/2kbaaAQ5Eh\">Linkki vaalirengassopimuslomakkeeseen<\/a><\/p>\n<p>Kunkin vaalirenkaaseen kuuluvat vaaliliiton on ilmaistava tahtonsa kuulua vaalirenkaaseen my\u00f6s omassa vaaliliittosopimuksessaan. Mik\u00e4li vaalirengas muodostetaan vasta vaaliliittosopimuksen l\u00e4hett\u00e4misen j\u00e4lkeen, olkaa yhteydess\u00e4 taiyo.vaalit@uniarts.fi <strong>ma 13.10.klo 14:00 menness\u00e4.<\/strong><\/p>\n","protected":false},"excerpt":{"rendered":"<p>TaiYon vaaleissa on k\u00e4yt\u00f6ss\u00e4 suhteellinen vaalitapa. T\u00e4ll\u00e4 sivulla kerrotaan mit\u00e4 ovat vaaliliitot ja vaalirenkaat ja miten ne voi muodostaa, sek\u00e4 esitell\u00e4\u00e4n mahdolliset [&hellip;]<\/p>\n","protected":false},"author":16,"featured_media":0,"parent":15196,"menu_order":3,"comment_status":"closed","ping_status":"closed","template":"","meta":{"_coblocks_attr":"","_coblocks_dimensions":"","_coblocks_responsive_height":"","_coblocks_accordion_ie_support":"","_crdt_document":"","advanced_seo_description":"","jetpack_seo_html_title":"","jetpack_seo_noindex":false,"footnotes":""},"class_list":["post-15255","page","type-page","status-publish","hentry"],"jetpack_sharing_enabled":true,"jetpack_shortlink":"https:\/\/wp.me\/P2w00X-3Y3","jetpack_likes_enabled":true,"amp_enabled":true,"_links":{"self":[{"href":"https:\/\/taiyo.fi\/en\/wp-json\/wp\/v2\/pages\/15255","targetHints":{"allow":["GET"]}}],"collection":[{"href":"https:\/\/taiyo.fi\/en\/wp-json\/wp\/v2\/pages"}],"about":[{"href":"https:\/\/taiyo.fi\/en\/wp-json\/wp\/v2\/types\/page"}],"author":[{"embeddable":true,"href":"https:\/\/taiyo.fi\/en\/wp-json\/wp\/v2\/users\/16"}],"replies":[{"embeddable":true,"href":"https:\/\/taiyo.fi\/en\/wp-json\/wp\/v2\/comments?post=15255"}],"version-history":[{"count":14,"href":"https:\/\/taiyo.fi\/en\/wp-json\/wp\/v2\/pages\/15255\/revisions"}],"predecessor-version":[{"id":15476,"href":"https:\/\/taiyo.fi\/en\/wp-json\/wp\/v2\/pages\/15255\/revisions\/15476"}],"up":[{"embeddable":true,"href":"https:\/\/taiyo.fi\/en\/wp-json\/wp\/v2\/pages\/15196"}],"wp:attachment":[{"href":"https:\/\/taiyo.fi\/en\/wp-json\/wp\/v2\/media?parent=15255"}],"curies":[{"name":"wp","href":"https:\/\/api.w.org\/{rel}","templated":true}]}}