{"id":15251,"date":"2025-08-25T15:10:12","date_gmt":"2025-08-25T13:10:12","guid":{"rendered":"https:\/\/taiyo.fi\/?page_id=15251"},"modified":"2025-11-11T13:16:15","modified_gmt":"2025-11-11T11:16:15","slug":"aanesta","status":"publish","type":"page","link":"https:\/\/taiyo.fi\/en\/vaalit\/aanesta\/","title":{"rendered":"Vote"},"content":{"rendered":"<p>&nbsp;<\/p>\n<p>Vote in the Representative Council elections: <a href=\"https:\/\/vaalit.trevea.fi\/taiyo\/\">LINK TO VOTING<\/a><\/p>\n<p><span class=\"TextRun SCXW201213061 BCX0\" lang=\"FI-FI\" xml:lang=\"FI-FI\" data-contrast=\"none\"><span class=\"NormalTextRun SCXW201213061 BCX0\">The election dates of the elections are <\/span><\/span><\/p>\n<ul>\n<li><span class=\"TextRun SCXW201213061 BCX0\" lang=\"FI-FI\" xml:lang=\"FI-FI\" data-contrast=\"none\"><span class=\"NormalTextRun SCXW201213061 BCX0\">Thursday 30 October <\/span><\/span><\/li>\n<li><span class=\"TextRun SCXW201213061 BCX0\" lang=\"FI-FI\" xml:lang=\"FI-FI\" data-contrast=\"none\"><span class=\"NormalTextRun SCXW201213061 BCX0\">Tuesday 4 November and<\/span><\/span><\/li>\n<li><span class=\"TextRun SCXW201213061 BCX0\" lang=\"FI-FI\" xml:lang=\"FI-FI\" data-contrast=\"none\"><span class=\"NormalTextRun SCXW201213061 BCX0\">Wednesday 5 November <\/span><\/span><\/li>\n<\/ul>\n<p><span class=\"TextRun SCXW201213061 BCX0\" lang=\"FI-FI\" xml:lang=\"FI-FI\" data-contrast=\"none\"><span class=\"NormalTextRun SCXW201213061 BCX0\">Voting is open on election days<\/span><span class=\"NormalTextRun ContextualSpellingAndGrammarErrorV2Themed SCXW201213061 BCX0\">\u00e4 <\/span><span class=\"NormalTextRun ContextualSpellingAndGrammarErrorV2Themed SCXW201213061 BCX0\">klo 8-<\/span><span class=\"NormalTextRun ContextualSpellingAndGrammarErrorV2Themed SCXW201213061 BCX0\">20<\/span><span class=\"NormalTextRun SCXW201213061 BCX0\">Voting happens online<\/span><span class=\"NormalTextRun SpellingErrorV2Themed SCXW201213061 BCX0\">\u00e4 <\/span><span class=\"NormalTextRun SpellingErrorV2Themed SCXW201213061 BCX0\">uniar<\/span><span class=\"NormalTextRun SpellingErrorV2Themed SCXW201213061 BCX0\">ts<\/span><span class=\"NormalTextRun SCXW201213061 BCX0\">-tunnuksilla.\u00a0<\/span><\/span><span class=\"LineBreakBlob BlobObject DragDrop SCXW201213061 BCX0\"><br class=\"SCXW201213061 BCX0\" \/><\/span><span class=\"LineBreakBlob BlobObject DragDrop SCXW201213061 BCX0\"><span class=\"SCXW201213061 BCX0\">\u00a0<\/span><br class=\"SCXW201213061 BCX0\" \/><\/span><span class=\"TextRun SCXW201213061 BCX0\" lang=\"FI-FI\" xml:lang=\"FI-FI\" data-contrast=\"none\"><span class=\"NormalTextRun SCXW201213061 BCX0\">Eligible to vote are all<\/span><span class=\"NormalTextRun ContextualSpellingAndGrammarErrorV2Themed SCXW201213061 BCX0\">i <\/span><span class=\"NormalTextRun ContextualSpellingAndGrammarErrorV2Themed SCXW201213061 BCX0\">members of the student union who have enrolled as present for the academic year by 6 October.<\/span><\/span><\/p>\n<p>Meaning, <span class=\"TextRun SCXW201213061 BCX0\" lang=\"FI-FI\" xml:lang=\"FI-FI\" data-contrast=\"none\"><span class=\"NormalTextRun SCXW201213061 BCX0\">students who are completing a bachelor's or master's degree at Uniarts, and exchange students and doctoral researchers who have voluntarily joined and paid the membership fee. Each person has one (1) vote.<\/span><\/span><span class=\"LineBreakBlob BlobObject DragDrop SCXW201213061 BCX0\"><span class=\"SCXW201213061 BCX0\">\u00a0<\/span><br class=\"SCXW201213061 BCX0\" \/><\/span><span class=\"LineBreakBlob BlobObject DragDrop SCXW201213061 BCX0\"><span class=\"SCXW201213061 BCX0\">\u00a0<\/span><\/span><\/p>\n<p><span class=\"LineBreakBlob BlobObject DragDrop SCXW201213061 BCX0\">The final list of candidates for the Representative Council elecitons: <a href=\"https:\/\/taiyo.fi\/wp-content\/uploads\/2025\/10\/Lopullinen-ehdokaslista-2025.pdf\">The final list of candidates 2025<\/a><\/span><\/p>","protected":false},"excerpt":{"rendered":"<p>&nbsp; \u00c4\u00e4nest\u00e4 Taideyliopiston ylioppilaskunnan edustajistovaaleissa: LINKKI \u00c4\u00c4NESTYKSEEN Edustajistovaalien \u00e4\u00e4nestysp\u00e4iv\u00e4t ovat torstai 30.10., tiistai 4.11. ja keskiviikko 5.11. \u00c4\u00e4nestys on auki \u00e4\u00e4nestysp\u00e4ivin\u00e4 klo [&hellip;]<\/p>\n","protected":false},"author":16,"featured_media":0,"parent":15196,"menu_order":1,"comment_status":"closed","ping_status":"closed","template":"","meta":{"_coblocks_attr":"","_coblocks_dimensions":"","_coblocks_responsive_height":"","_coblocks_accordion_ie_support":"","_crdt_document":"","advanced_seo_description":"","jetpack_seo_html_title":"","jetpack_seo_noindex":false,"footnotes":""},"class_list":["post-15251","page","type-page","status-publish","hentry"],"jetpack_sharing_enabled":true,"jetpack_shortlink":"https:\/\/wp.me\/P2w00X-3XZ","jetpack_likes_enabled":true,"amp_enabled":true,"_links":{"self":[{"href":"https:\/\/taiyo.fi\/en\/wp-json\/wp\/v2\/pages\/15251","targetHints":{"allow":["GET"]}}],"collection":[{"href":"https:\/\/taiyo.fi\/en\/wp-json\/wp\/v2\/pages"}],"about":[{"href":"https:\/\/taiyo.fi\/en\/wp-json\/wp\/v2\/types\/page"}],"author":[{"embeddable":true,"href":"https:\/\/taiyo.fi\/en\/wp-json\/wp\/v2\/users\/16"}],"replies":[{"embeddable":true,"href":"https:\/\/taiyo.fi\/en\/wp-json\/wp\/v2\/comments?post=15251"}],"version-history":[{"count":9,"href":"https:\/\/taiyo.fi\/en\/wp-json\/wp\/v2\/pages\/15251\/revisions"}],"predecessor-version":[{"id":15681,"href":"https:\/\/taiyo.fi\/en\/wp-json\/wp\/v2\/pages\/15251\/revisions\/15681"}],"up":[{"embeddable":true,"href":"https:\/\/taiyo.fi\/en\/wp-json\/wp\/v2\/pages\/15196"}],"wp:attachment":[{"href":"https:\/\/taiyo.fi\/en\/wp-json\/wp\/v2\/media?parent=15251"}],"curies":[{"name":"wp","href":"https:\/\/api.w.org\/{rel}","templated":true}]}}