{"id":15196,"date":"2025-08-10T19:10:26","date_gmt":"2025-08-10T17:10:26","guid":{"rendered":"https:\/\/taiyo.fi\/?page_id=15196"},"modified":"2025-11-05T21:50:59","modified_gmt":"2025-11-05T19:50:59","slug":"vaalit","status":"publish","type":"page","link":"https:\/\/taiyo.fi\/en\/vaalit\/","title":{"rendered":"Representative Council Elections 2025"},"content":{"rendered":"<p>&nbsp;<\/p>\n<h2><a href=\"https:\/\/i0.wp.com\/taiyo.fi\/wp-content\/uploads\/2025\/11\/Tarvitsemme-yhteisoja-1.png?ssl=1\"><img data-recalc-dims=\"1\" loading=\"lazy\" decoding=\"async\" data-attachment-id=\"15638\" data-permalink=\"https:\/\/taiyo.fi\/en\/vaalit\/tarvitsemme-yhteisoja-1\/\" data-orig-file=\"https:\/\/i0.wp.com\/taiyo.fi\/wp-content\/uploads\/2025\/11\/Tarvitsemme-yhteisoja-1.png?fit=1920%2C1080&amp;ssl=1\" data-orig-size=\"1920,1080\" data-comments-opened=\"0\" data-image-meta=\"{&quot;aperture&quot;:&quot;0&quot;,&quot;credit&quot;:&quot;&quot;,&quot;camera&quot;:&quot;&quot;,&quot;caption&quot;:&quot;&quot;,&quot;created_timestamp&quot;:&quot;0&quot;,&quot;copyright&quot;:&quot;&quot;,&quot;focal_length&quot;:&quot;0&quot;,&quot;iso&quot;:&quot;0&quot;,&quot;shutter_speed&quot;:&quot;0&quot;,&quot;title&quot;:&quot;&quot;,&quot;orientation&quot;:&quot;0&quot;}\" data-image-title=\"Tarvitsemme yhteis\u00f6j\u00e4 (1)\" data-image-description=\"\" data-image-caption=\"\" data-medium-file=\"https:\/\/i0.wp.com\/taiyo.fi\/wp-content\/uploads\/2025\/11\/Tarvitsemme-yhteisoja-1.png?fit=300%2C169&amp;ssl=1\" data-large-file=\"https:\/\/i0.wp.com\/taiyo.fi\/wp-content\/uploads\/2025\/11\/Tarvitsemme-yhteisoja-1.png?fit=700%2C394&amp;ssl=1\" class=\"alignnone size-full wp-image-15638\" src=\"https:\/\/i0.wp.com\/taiyo.fi\/wp-content\/uploads\/2025\/11\/Tarvitsemme-yhteisoja-1.png?resize=1170%2C658&#038;ssl=1\" alt=\"\" width=\"1170\" height=\"658\" srcset=\"https:\/\/i0.wp.com\/taiyo.fi\/wp-content\/uploads\/2025\/11\/Tarvitsemme-yhteisoja-1.png?w=1920&amp;ssl=1 1920w, https:\/\/i0.wp.com\/taiyo.fi\/wp-content\/uploads\/2025\/11\/Tarvitsemme-yhteisoja-1.png?resize=300%2C169&amp;ssl=1 300w, https:\/\/i0.wp.com\/taiyo.fi\/wp-content\/uploads\/2025\/11\/Tarvitsemme-yhteisoja-1.png?resize=700%2C394&amp;ssl=1 700w, https:\/\/i0.wp.com\/taiyo.fi\/wp-content\/uploads\/2025\/11\/Tarvitsemme-yhteisoja-1.png?resize=768%2C432&amp;ssl=1 768w, https:\/\/i0.wp.com\/taiyo.fi\/wp-content\/uploads\/2025\/11\/Tarvitsemme-yhteisoja-1.png?resize=1536%2C864&amp;ssl=1 1536w, https:\/\/i0.wp.com\/taiyo.fi\/wp-content\/uploads\/2025\/11\/Tarvitsemme-yhteisoja-1.png?resize=18%2C10&amp;ssl=1 18w, https:\/\/i0.wp.com\/taiyo.fi\/wp-content\/uploads\/2025\/11\/Tarvitsemme-yhteisoja-1.png?resize=1000%2C563&amp;ssl=1 1000w, https:\/\/i0.wp.com\/taiyo.fi\/wp-content\/uploads\/2025\/11\/Tarvitsemme-yhteisoja-1.png?resize=230%2C129&amp;ssl=1 230w, https:\/\/i0.wp.com\/taiyo.fi\/wp-content\/uploads\/2025\/11\/Tarvitsemme-yhteisoja-1.png?resize=350%2C197&amp;ssl=1 350w, https:\/\/i0.wp.com\/taiyo.fi\/wp-content\/uploads\/2025\/11\/Tarvitsemme-yhteisoja-1.png?resize=480%2C270&amp;ssl=1 480w\" sizes=\"auto, (max-width: 1170px) 100vw, 1170px\" \/><\/a><\/h2>\n<h2>TaiYo's new Representative Council has been elected!<\/h2>\n<p>In the by-election of TaiYo's Representative Council, four members and 7 deputy members were elected to accompany the 14 members previously elected without elections. Genevieve Andersen was the candidate to receive the most votes with 84 votes. The overall turnout decreased from the previous election and was 18.74%.<\/p>\n<p><a href=\"https:\/\/taiyo.fi\/wp-content\/uploads\/2025\/11\/elec-result-2025.pdf\">Link to the election result<\/a><\/p>\n<p>&nbsp;<\/p>\n<h3>Representative Council 2025-2027<\/h3>\n<h4>Full members<\/h4>\n<p><span class=\"TextRun SCXW188835657 BCX0\" lang=\"FI-FI\" xml:lang=\"FI-FI\" data-contrast=\"auto\"><span class=\"NormalTextRun SCXW188835657 BCX0\">Mahis <\/span><span class=\"NormalTextRun SpellingErrorV2Themed SCXW188835657 BCX0\">Salim<\/span><span class=\"NormalTextRun SCXW188835657 BCX0\">,<\/span><span class=\"NormalTextRun SCXW188835657 BCX0\"> painting<\/span><span class=\"NormalTextRun SCXW188835657 BCX0\">,<\/span><em><span class=\"NormalTextRun SCXW188835657 BCX0\"> Academy of Fine Arts <\/span><\/em><\/span><span class=\"LineBreakBlob BlobObject DragDrop SCXW188835657 BCX0\"><em><span class=\"SCXW188835657 BCX0\">\u00a0<\/span><\/em><br class=\"SCXW188835657 BCX0\" \/><\/span><span class=\"TextRun SCXW188835657 BCX0\" lang=\"FI-FI\" xml:lang=\"FI-FI\" data-contrast=\"auto\"><span class=\"NormalTextRun SCXW188835657 BCX0\">Humphrey <\/span><span class=\"NormalTextRun SpellingErrorV2Themed SCXW188835657 BCX0\">Abduel<\/span> <span class=\"NormalTextRun SpellingErrorV2Themed SCXW188835657 BCX0\">Mbaruku<\/span><span class=\"NormalTextRun SpellingErrorV2Themed SCXW188835657 BCX0\">,<\/span><span class=\"NormalTextRun SCXW188835657 BCX0\"> global music<\/span><span class=\"NormalTextRun SCXW188835657 BCX0\">,<\/span><em><span class=\"NormalTextRun SCXW188835657 BCX0\"> Sibelius Academy <\/span><\/em><\/span><span class=\"LineBreakBlob BlobObject DragDrop SCXW188835657 BCX0\"><em><span class=\"SCXW188835657 BCX0\">\u00a0<\/span><\/em><br class=\"SCXW188835657 BCX0\" \/><\/span><span class=\"TextRun SCXW188835657 BCX0\" lang=\"FI-FI\" xml:lang=\"FI-FI\" data-contrast=\"auto\"><span class=\"NormalTextRun SCXW188835657 BCX0\">Jesper Autio<\/span><span class=\"NormalTextRun SCXW188835657 BCX0\">,<\/span><span class=\"NormalTextRun SCXW188835657 BCX0\"> music business<\/span><span class=\"NormalTextRun SCXW188835657 BCX0\">,<\/span><span class=\"NormalTextRun SCXW188835657 BCX0\"><em> Sibelius Academy<\/em> <\/span><\/span><span class=\"LineBreakBlob BlobObject DragDrop SpellingErrorV2Themed SCXW188835657 BCX0\"><span class=\"SCXW188835657 BCX0\">\u00a0<\/span><br class=\"SCXW188835657 BCX0\" \/><\/span><span class=\"TextRun SCXW188835657 BCX0\" lang=\"FI-FI\" xml:lang=\"FI-FI\" data-contrast=\"auto\"><span class=\"NormalTextRun SpellingErrorV2Themed SCXW188835657 BCX0\">Cris<\/span> <span class=\"NormalTextRun SpellingErrorV2Themed SCXW188835657 BCX0\">Arroyo<\/span><span class=\"NormalTextRun SCXW188835657 BCX0\"> Perez<\/span><span class=\"NormalTextRun SCXW188835657 BCX0\">,<\/span><span class=\"NormalTextRun SCXW188835657 BCX0\"> early music<\/span><span class=\"NormalTextRun SCXW188835657 BCX0\">,<\/span><em><span class=\"NormalTextRun SCXW188835657 BCX0\"> Sibelius Academy <\/span><\/em><\/span><span class=\"LineBreakBlob BlobObject DragDrop SCXW188835657 BCX0\"><span class=\"SCXW188835657 BCX0\">\u00a0<\/span><br class=\"SCXW188835657 BCX0\" \/><\/span><span class=\"TextRun SCXW188835657 BCX0\" lang=\"FI-FI\" xml:lang=\"FI-FI\" data-contrast=\"auto\"><span class=\"NormalTextRun SCXW188835657 BCX0\">Martin Iivarinen<\/span><span class=\"NormalTextRun SCXW188835657 BCX0\">,<\/span><span class=\"NormalTextRun SCXW188835657 BCX0\"> opera<\/span><span class=\"NormalTextRun SCXW188835657 BCX0\">,<\/span><span class=\"NormalTextRun SCXW188835657 BCX0\"><em> Sibelius Academy<\/em> <\/span><\/span><span class=\"LineBreakBlob BlobObject DragDrop SCXW188835657 BCX0\"><span class=\"SCXW188835657 BCX0\">\u00a0<\/span><br class=\"SCXW188835657 BCX0\" \/><\/span><span class=\"TextRun SCXW188835657 BCX0\" lang=\"FI-FI\" xml:lang=\"FI-FI\" data-contrast=\"auto\"><span class=\"NormalTextRun SCXW188835657 BCX0\">Susanna Rantakyl\u00e4<\/span><span class=\"NormalTextRun SCXW188835657 BCX0\">,<\/span><span class=\"NormalTextRun SCXW188835657 BCX0\"> church music<\/span><span class=\"NormalTextRun SCXW188835657 BCX0\">,<\/span><em><span class=\"NormalTextRun SCXW188835657 BCX0\"> Sibelius Academy <\/span><\/em><\/span><span class=\"LineBreakBlob BlobObject DragDrop SCXW188835657 BCX0\"><em><span class=\"SCXW188835657 BCX0\">\u00a0<\/span><\/em><br class=\"SCXW188835657 BCX0\" \/><\/span><span class=\"TextRun SCXW188835657 BCX0\" lang=\"FI-FI\" xml:lang=\"FI-FI\" data-contrast=\"auto\"><span class=\"NormalTextRun SCXW188835657 BCX0\">Anneli Saari<\/span><span class=\"NormalTextRun SCXW188835657 BCX0\">,<\/span><span class=\"NormalTextRun SCXW188835657 BCX0\"> music education<\/span><span class=\"NormalTextRun SCXW188835657 BCX0\">,<\/span><span class=\"NormalTextRun SCXW188835657 BCX0\"> Sibelius Academy <\/span><\/span><span class=\"LineBreakBlob BlobObject DragDrop SCXW188835657 BCX0\"><span class=\"SCXW188835657 BCX0\">\u00a0<\/span><br class=\"SCXW188835657 BCX0\" \/><\/span><span class=\"TextRun SCXW188835657 BCX0\" lang=\"FI-FI\" xml:lang=\"FI-FI\" data-contrast=\"auto\"><span class=\"NormalTextRun SCXW188835657 BCX0\">Silvia <\/span><span class=\"NormalTextRun SpellingErrorV2Themed SCXW188835657 BCX0\">Steckiewicz<\/span><span class=\"NormalTextRun SpellingErrorV2Themed SCXW188835657 BCX0\">,<\/span><span class=\"NormalTextRun SCXW188835657 BCX0\"> cultural study of music<\/span><span class=\"NormalTextRun SCXW188835657 BCX0\">,<\/span><em><span class=\"NormalTextRun SCXW188835657 BCX0\"> Sibelius Academy <\/span><\/em><\/span><span class=\"LineBreakBlob BlobObject DragDrop SCXW188835657 BCX0\"><em><span class=\"SCXW188835657 BCX0\">\u00a0<\/span><\/em><br class=\"SCXW188835657 BCX0\" \/><\/span><span class=\"TextRun SCXW188835657 BCX0\" lang=\"FI-FI\" xml:lang=\"FI-FI\" data-contrast=\"auto\"><span class=\"NormalTextRun SCXW188835657 BCX0\">Maissi Uusitalo<\/span><span class=\"NormalTextRun SCXW188835657 BCX0\">,<\/span><span class=\"NormalTextRun SCXW188835657 BCX0\"> music education<\/span><span class=\"NormalTextRun SCXW188835657 BCX0\">,<\/span><em><span class=\"NormalTextRun SCXW188835657 BCX0\"> Sibelius Academy <\/span><\/em><\/span><span class=\"LineBreakBlob BlobObject DragDrop SCXW188835657 BCX0\"><em><span class=\"SCXW188835657 BCX0\">\u00a0<\/span><\/em><br class=\"SCXW188835657 BCX0\" \/><\/span><span class=\"TextRun SCXW188835657 BCX0\" lang=\"FI-FI\" xml:lang=\"FI-FI\" data-contrast=\"auto\"><span class=\"NormalTextRun SCXW188835657 BCX0\">Maija Antikainen<\/span><span class=\"NormalTextRun SCXW188835657 BCX0\">,<\/span><span class=\"NormalTextRun SCXW188835657 BCX0\"> directing<\/span><span class=\"NormalTextRun SCXW188835657 BCX0\">,<\/span> <em><span class=\"NormalTextRun SCXW188835657 BCX0\">Theatre Academy <\/span><\/em><\/span><span class=\"LineBreakBlob BlobObject DragDrop SCXW188835657 BCX0\"><em><span class=\"SCXW188835657 BCX0\">\u00a0<\/span><\/em><br class=\"SCXW188835657 BCX0\" \/><\/span><span class=\"TextRun SCXW188835657 BCX0\" lang=\"FI-FI\" xml:lang=\"FI-FI\" data-contrast=\"auto\"><span class=\"NormalTextRun SCXW188835657 BCX0\">Jonas Kanto<\/span><span class=\"NormalTextRun SCXW188835657 BCX0\">,<\/span><span class=\"NormalTextRun SCXW188835657 BCX0\"> \u00e4\u00e4nisuunnittelu<\/span><span class=\"NormalTextRun SCXW188835657 BCX0\">,<\/span><em><span class=\"NormalTextRun SCXW188835657 BCX0\"> Theatre Academy <\/span><\/em><\/span><span class=\"LineBreakBlob BlobObject DragDrop SCXW188835657 BCX0\"><em><span class=\"SCXW188835657 BCX0\">\u00a0<\/span><\/em><br class=\"SCXW188835657 BCX0\" \/><\/span><span class=\"TextRun SCXW188835657 BCX0\" lang=\"FI-FI\" xml:lang=\"FI-FI\" data-contrast=\"auto\"><span class=\"NormalTextRun SCXW188835657 BCX0\">Pauliina Kiet\u00e4v\u00e4inen<\/span><span class=\"NormalTextRun SCXW188835657 BCX0\">,<\/span><span class=\"NormalTextRun SCXW188835657 BCX0\"> dramaturgy and playwriting<\/span><span class=\"NormalTextRun SCXW188835657 BCX0\">,<\/span><span class=\"NormalTextRun SCXW188835657 BCX0\"><em> Theatre Academy<\/em><br \/>\nVenla <\/span><span class=\"NormalTextRun SpellingErrorV2Themed SCXW188835657 BCX0\">Niitemaa<\/span><span class=\"NormalTextRun SpellingErrorV2Themed SCXW188835657 BCX0\">,<\/span><span class=\"NormalTextRun SCXW188835657 BCX0\"> dance performance<\/span><span class=\"NormalTextRun SCXW188835657 BCX0\">,<\/span><em><span class=\"NormalTextRun SCXW188835657 BCX0\"> Theatre Academy <\/span><\/em><\/span><span class=\"LineBreakBlob BlobObject DragDrop SCXW188835657 BCX0\"><em><span class=\"SCXW188835657 BCX0\">\u00a0<\/span><\/em><br class=\"SCXW188835657 BCX0\" \/><\/span><span class=\"TextRun SCXW188835657 BCX0\" lang=\"FI-FI\" xml:lang=\"FI-FI\" data-contrast=\"auto\"><span class=\"NormalTextRun SCXW188835657 BCX0\">Malla <\/span><span class=\"NormalTextRun SpellingErrorV2Themed SCXW188835657 BCX0\">Ylijurva<\/span><span class=\"NormalTextRun SpellingErrorV2Themed SCXW188835657 BCX0\">,<\/span><span class=\"NormalTextRun SCXW188835657 BCX0\"> acting<\/span><span class=\"NormalTextRun SCXW188835657 BCX0\">,<\/span><em><span class=\"NormalTextRun SCXW188835657 BCX0\"> Theatre Academy<\/span><\/em><\/span><span class=\"LineBreakBlob BlobObject DragDrop SCXW188835657 BCX0\"><em><span class=\"SCXW188835657 BCX0\">\u00a0<\/span><\/em><br class=\"SCXW188835657 BCX0\" \/><\/span><span class=\"TextRun SCXW188835657 BCX0\" lang=\"EN-US\" xml:lang=\"EN-US\" data-contrast=\"auto\"><span class=\"NormalTextRun SCXW188835657 BCX0\">Genevieve Andersen, global music, <em>Sibelius-<\/em><\/span><em><span class=\"NormalTextRun SpellingErrorV2Themed SCXW188835657 BCX0\">Akatemia<\/span><\/em><\/span><em><span class=\"EOP SCXW188835657 BCX0\" data-ccp-props=\"{&quot;134233117&quot;:false,&quot;134233118&quot;:false,&quot;335559738&quot;:240,&quot;335559739&quot;:240}\">\u00a0<\/span><\/em><\/p>\n<h4>Vice members<\/h4>\n<p><span class=\"TextRun SCXW156956796 BCX0\" lang=\"EN-US\" xml:lang=\"EN-US\" data-contrast=\"auto\"><span class=\"NormalTextRun SCXW156956796 BCX0\">Ona <\/span><span class=\"NormalTextRun SpellingErrorV2Themed SCXW156956796 BCX0\">Huczkowski<\/span><span class=\"NormalTextRun SCXW156956796 BCX0\">, <\/span><span class=\"NormalTextRun SpellingErrorV2Themed SCXW156956796 BCX0\">acting<\/span> <span class=\"NormalTextRun SpellingErrorV2Themed SCXW156956796 BCX0\">in Finnish<\/span><span class=\"NormalTextRun SCXW156956796 BCX0\">, <em>Theatre Academy<\/em><\/span><\/span><span class=\"LineBreakBlob BlobObject DragDrop SCXW156956796 BCX0\"><em><span class=\"SCXW156956796 BCX0\">\u00a0<\/span><\/em><br class=\"SCXW156956796 BCX0\" \/><\/span><span class=\"TextRun SCXW156956796 BCX0\" lang=\"EN-US\" xml:lang=\"EN-US\" data-contrast=\"auto\"><span class=\"NormalTextRun SCXW156956796 BCX0\">Li Krook, <\/span><span class=\"NormalTextRun SpellingErrorV2Themed SCXW156956796 BCX0\">acting<\/span> <span class=\"NormalTextRun SpellingErrorV2Themed SCXW156956796 BCX0\">in Swedish<\/span><span class=\"NormalTextRun SCXW156956796 BCX0\">, <em>Theatre Academy<\/em><\/span><\/span><span class=\"LineBreakBlob BlobObject DragDrop SCXW156956796 BCX0\"><em><span class=\"SCXW156956796 BCX0\">\u00a0<\/span><\/em><br class=\"SCXW156956796 BCX0\" \/><\/span><span class=\"TextRun SCXW156956796 BCX0\" lang=\"EN-US\" xml:lang=\"EN-US\" data-contrast=\"auto\"><span class=\"NormalTextRun SCXW156956796 BCX0\">Vivian WONG Wing Lam, live <\/span><span class=\"NormalTextRun SCXW156956796 BCX0\">art<\/span><span class=\"NormalTextRun SCXW156956796 BCX0\"> and performance studies, <em>Theatre Academy<\/em><\/span><\/span><span class=\"LineBreakBlob BlobObject DragDrop SCXW156956796 BCX0\"><em><span class=\"SCXW156956796 BCX0\">\u00a0<\/span><\/em><br class=\"SCXW156956796 BCX0\" \/><\/span><span class=\"TextRun SCXW156956796 BCX0\" lang=\"EN-US\" xml:lang=\"EN-US\" data-contrast=\"auto\"><span class=\"NormalTextRun SCXW156956796 BCX0\">Niilo <\/span><span class=\"NormalTextRun SpellingErrorV2Themed SCXW156956796 BCX0\">Korpihete<\/span><span class=\"NormalTextRun SCXW156956796 BCX0\">, <\/span><span class=\"NormalTextRun SpellingErrorV2Themed SCXW156956796 BCX0\">contemporary art<\/span> <span class=\"NormalTextRun SpellingErrorV2Themed SCXW156956796 BCX0\">history<\/span><span class=\"NormalTextRun SCXW156956796 BCX0\"> and <\/span><span class=\"NormalTextRun SpellingErrorV2Themed SCXW156956796 BCX0\">theory<\/span><span class=\"NormalTextRun SCXW156956796 BCX0\">, <em>Academy of Fine Arts<\/em><\/span><\/span><span class=\"LineBreakBlob BlobObject DragDrop SCXW156956796 BCX0\"><em><span class=\"SCXW156956796 BCX0\">\u00a0<\/span><\/em><br class=\"SCXW156956796 BCX0\" \/><\/span><span class=\"TextRun SCXW156956796 BCX0\" lang=\"EN-US\" xml:lang=\"EN-US\" data-contrast=\"auto\"><span class=\"NormalTextRun SCXW156956796 BCX0\">Anton Laatikainen, <\/span><span class=\"NormalTextRun SpellingErrorV2Themed SCXW156956796 BCX0\">contemporary art<\/span> <span class=\"NormalTextRun SpellingErrorV2Themed SCXW156956796 BCX0\">history<\/span><span class=\"NormalTextRun SCXW156956796 BCX0\"> and <\/span><span class=\"NormalTextRun SpellingErrorV2Themed SCXW156956796 BCX0\">theory<\/span><span class=\"NormalTextRun SCXW156956796 BCX0\">, <em>Academy of Fine Arts<\/em><\/span><\/span><\/p>\n<p>&nbsp;<\/p>\n<p>&nbsp;<\/p>","protected":false},"excerpt":{"rendered":"<p>&nbsp; TaiYon uusi edustajisto on valittu! TaiYon edustajiston t\u00e4ydennysvaalin tulos on vahvistettu. Vaaleissa valittiin yksi edustajiston j\u00e4sen ja 5 varaj\u00e4sent\u00e4 aiemmin ilman [&hellip;]<\/p>\n","protected":false},"author":16,"featured_media":15558,"parent":0,"menu_order":0,"comment_status":"closed","ping_status":"closed","template":"","meta":{"_coblocks_attr":"","_coblocks_dimensions":"","_coblocks_responsive_height":"","_coblocks_accordion_ie_support":"","_crdt_document":"","advanced_seo_description":"","jetpack_seo_html_title":"","jetpack_seo_noindex":false,"footnotes":""},"class_list":["post-15196","page","type-page","status-publish","has-post-thumbnail","hentry"],"jetpack_sharing_enabled":true,"jetpack_shortlink":"https:\/\/wp.me\/P2w00X-3X6","jetpack_likes_enabled":true,"amp_enabled":true,"_links":{"self":[{"href":"https:\/\/taiyo.fi\/en\/wp-json\/wp\/v2\/pages\/15196","targetHints":{"allow":["GET"]}}],"collection":[{"href":"https:\/\/taiyo.fi\/en\/wp-json\/wp\/v2\/pages"}],"about":[{"href":"https:\/\/taiyo.fi\/en\/wp-json\/wp\/v2\/types\/page"}],"author":[{"embeddable":true,"href":"https:\/\/taiyo.fi\/en\/wp-json\/wp\/v2\/users\/16"}],"replies":[{"embeddable":true,"href":"https:\/\/taiyo.fi\/en\/wp-json\/wp\/v2\/comments?post=15196"}],"version-history":[{"count":30,"href":"https:\/\/taiyo.fi\/en\/wp-json\/wp\/v2\/pages\/15196\/revisions"}],"predecessor-version":[{"id":15643,"href":"https:\/\/taiyo.fi\/en\/wp-json\/wp\/v2\/pages\/15196\/revisions\/15643"}],"wp:featuredmedia":[{"embeddable":true,"href":"https:\/\/taiyo.fi\/en\/wp-json\/wp\/v2\/media\/15558"}],"wp:attachment":[{"href":"https:\/\/taiyo.fi\/en\/wp-json\/wp\/v2\/media?parent=15196"}],"curies":[{"name":"wp","href":"https:\/\/api.w.org\/{rel}","templated":true}]}}