{"id":14733,"date":"2025-03-26T15:07:58","date_gmt":"2025-03-26T13:07:58","guid":{"rendered":"https:\/\/taiyo.fi\/?page_id=14733"},"modified":"2025-04-01T14:14:38","modified_gmt":"2025-04-01T12:14:38","slug":"taiyon-jarjestoille","status":"publish","type":"page","link":"https:\/\/taiyo.fi\/en\/jasenille\/taiyon-jarjestoille\/","title":{"rendered":"For Student Associations"},"content":{"rendered":"<h3><a href=\"https:\/\/i0.wp.com\/taiyo.fi\/wp-content\/uploads\/2025\/02\/Nimeton-800-x-400-px-600-x-400-px-5.png?ssl=1\"><img data-recalc-dims=\"1\" loading=\"lazy\" decoding=\"async\" data-attachment-id=\"14581\" data-permalink=\"https:\/\/taiyo.fi\/en\/jasenille\/taiyon-jarjestoille\/nimeton-800-x-400-px-600-x-400-px-5\/\" data-orig-file=\"https:\/\/i0.wp.com\/taiyo.fi\/wp-content\/uploads\/2025\/02\/Nimeton-800-x-400-px-600-x-400-px-5.png?fit=600%2C400&amp;ssl=1\" data-orig-size=\"600,400\" data-comments-opened=\"0\" data-image-meta=\"{&quot;aperture&quot;:&quot;0&quot;,&quot;credit&quot;:&quot;&quot;,&quot;camera&quot;:&quot;&quot;,&quot;caption&quot;:&quot;&quot;,&quot;created_timestamp&quot;:&quot;0&quot;,&quot;copyright&quot;:&quot;&quot;,&quot;focal_length&quot;:&quot;0&quot;,&quot;iso&quot;:&quot;0&quot;,&quot;shutter_speed&quot;:&quot;0&quot;,&quot;title&quot;:&quot;&quot;,&quot;orientation&quot;:&quot;0&quot;}\" data-image-title=\"Nimet\u00f6n (800 x 400 px) (600 x 400 px) (5)\" data-image-description=\"\" data-image-caption=\"\" data-medium-file=\"https:\/\/i0.wp.com\/taiyo.fi\/wp-content\/uploads\/2025\/02\/Nimeton-800-x-400-px-600-x-400-px-5.png?fit=300%2C200&amp;ssl=1\" data-large-file=\"https:\/\/i0.wp.com\/taiyo.fi\/wp-content\/uploads\/2025\/02\/Nimeton-800-x-400-px-600-x-400-px-5.png?fit=600%2C400&amp;ssl=1\" class=\"alignnone size-full wp-image-14581\" src=\"https:\/\/i0.wp.com\/taiyo.fi\/wp-content\/uploads\/2025\/02\/Nimeton-800-x-400-px-600-x-400-px-5.png?resize=600%2C400&#038;ssl=1\" alt=\"\" width=\"600\" height=\"400\" srcset=\"https:\/\/i0.wp.com\/taiyo.fi\/wp-content\/uploads\/2025\/02\/Nimeton-800-x-400-px-600-x-400-px-5.png?w=600&amp;ssl=1 600w, https:\/\/i0.wp.com\/taiyo.fi\/wp-content\/uploads\/2025\/02\/Nimeton-800-x-400-px-600-x-400-px-5.png?resize=300%2C200&amp;ssl=1 300w, https:\/\/i0.wp.com\/taiyo.fi\/wp-content\/uploads\/2025\/02\/Nimeton-800-x-400-px-600-x-400-px-5.png?resize=18%2C12&amp;ssl=1 18w, https:\/\/i0.wp.com\/taiyo.fi\/wp-content\/uploads\/2025\/02\/Nimeton-800-x-400-px-600-x-400-px-5.png?resize=230%2C153&amp;ssl=1 230w, https:\/\/i0.wp.com\/taiyo.fi\/wp-content\/uploads\/2025\/02\/Nimeton-800-x-400-px-600-x-400-px-5.png?resize=350%2C233&amp;ssl=1 350w, https:\/\/i0.wp.com\/taiyo.fi\/wp-content\/uploads\/2025\/02\/Nimeton-800-x-400-px-600-x-400-px-5.png?resize=480%2C320&amp;ssl=1 480w\" sizes=\"auto, (max-width: 600px) 100vw, 600px\" \/><\/a><\/h3>\n<h3><strong>TaiYo tukee j\u00e4rjest\u00f6jens\u00e4 toimintaa j\u00e4rjest\u00f6avustuksilla\u00a0<\/strong><\/h3>\n<p><span data-contrast=\"auto\">J\u00e4rjest\u00f6avustuksia my\u00f6nnet\u00e4\u00e4n sek\u00e4 kev\u00e4isin ett\u00e4 syksyisin. Avustus on tarkoitettu TaiYo:n piiriss\u00e4 toimivien yhdistysten normaalin vuosittaisen toiminnan tukemiseen. Normaalin toiminnan tuen lis\u00e4ksi j\u00e4rjest\u00f6t voivat my\u00f6s hakea projektiavustusta, jonka haku on avoin kaikille TaiYon j\u00e4senille isompiin yksitt\u00e4isiin projekteihin.<\/span><span data-ccp-props=\"{}\">\u00a0<\/span><\/p>\n<p><span data-contrast=\"auto\">Jaostoavustuksia voivat hakea TaiYo:n akatemiajaostot, joita ovat SibA-, TeaK- ja KuvA-jaosto.<\/span><span data-ccp-props=\"{}\">\u00a0<\/span><\/p>\n<p><span data-contrast=\"auto\">Avustukset my\u00f6nt\u00e4\u00e4 TaiYo:n hallitus hakuaikana saapuneiden kirjallisten hakemusten pohjaltalta, sek\u00e4 seuraten TaiYon jaosto- ja yhdistysohjes\u00e4\u00e4nt\u00f6\u00e4<a href=\"https:\/\/taiyo.fi\/wp-content\/uploads\/2015\/01\/jaosto-ja-yhdistysohjesc3a4c3a4ntc3b6-241114.pdf\"> (linkki)<\/a>. <\/span><span data-ccp-props=\"{}\">\u00a0<\/span><\/p>\n<p><strong>Vuonna 2025 puolivuosittain haussa olevat avustukset:\u00a0<\/strong><\/p>\n<ul>\n<li data-leveltext=\"\uf0b7\" data-font=\"Symbol\" data-listid=\"1\" data-list-defn-props=\"{&quot;335552541&quot;:1,&quot;335559683&quot;:0,&quot;335559684&quot;:-2,&quot;335559685&quot;:720,&quot;335559991&quot;:360,&quot;469769226&quot;:&quot;Symbol&quot;,&quot;469769242&quot;:[8226],&quot;469777803&quot;:&quot;left&quot;,&quot;469777804&quot;:&quot;\uf0b7&quot;,&quot;469777815&quot;:&quot;hybridMultilevel&quot;}\" aria-setsize=\"-1\" data-aria-posinset=\"1\" data-aria-level=\"1\"><span data-contrast=\"auto\">Projektiavustuksiin yhteens\u00e4\u00a0 3000 \u20ac\u00a0<\/span><span data-ccp-props=\"{}\">\u00a0<\/span><\/li>\n<\/ul>\n<ul>\n<li data-leveltext=\"\uf0b7\" data-font=\"Symbol\" data-listid=\"1\" data-list-defn-props=\"{&quot;335552541&quot;:1,&quot;335559683&quot;:0,&quot;335559684&quot;:-2,&quot;335559685&quot;:720,&quot;335559991&quot;:360,&quot;469769226&quot;:&quot;Symbol&quot;,&quot;469769242&quot;:[8226],&quot;469777803&quot;:&quot;left&quot;,&quot;469777804&quot;:&quot;\uf0b7&quot;,&quot;469777815&quot;:&quot;hybridMultilevel&quot;}\" aria-setsize=\"-1\" data-aria-posinset=\"2\" data-aria-level=\"1\"><span data-contrast=\"auto\">J\u00e4rjest\u00f6avustuksiin yhteens\u00e4 1000 \u20ac\u00a0<\/span><span data-ccp-props=\"{}\">\u00a0<\/span><\/li>\n<\/ul>\n<ul>\n<li data-leveltext=\"\uf0b7\" data-font=\"Symbol\" data-listid=\"1\" data-list-defn-props=\"{&quot;335552541&quot;:1,&quot;335559683&quot;:0,&quot;335559684&quot;:-2,&quot;335559685&quot;:720,&quot;335559991&quot;:360,&quot;469769226&quot;:&quot;Symbol&quot;,&quot;469769242&quot;:[8226],&quot;469777803&quot;:&quot;left&quot;,&quot;469777804&quot;:&quot;\uf0b7&quot;,&quot;469777815&quot;:&quot;hybridMultilevel&quot;}\" aria-setsize=\"-1\" data-aria-posinset=\"3\" data-aria-level=\"1\"><span data-contrast=\"auto\">Jaostoavustuksiin yhteens\u00e4 1 200 \u20ac (400\u20ac kullekin jaostolle)<\/span><\/li>\n<\/ul>\n<h3><span data-contrast=\"auto\">Hei j\u00e4rjest\u00f6! Kiinnit\u00e4 n\u00e4ihin asioihin huomiota kirjoittaessasi avustushakemusta: <\/span><\/h3>\n<ul>\n<li>Liit\u00e4 hakemukseen mukaan toimintasuunnitelma kyseiselle vuodelle, sek\u00e4 budjettisuunnitelma ja tieto j\u00e4rjest\u00f6n taloudellisesta tilanteesta. Toimintasuunnitelmassa j\u00e4rjest\u00f6 avaa, mit\u00e4 kaikkea on tekem\u00e4ss\u00e4 tulevana vuonna, ja budjettisuunnitelmassa n\u00e4hd\u00e4\u00e4n mit\u00e4 mahdollisia kuluja vuodelta on odotettavissa.<\/li>\n<li>TaiYo jakaa avustuksia j\u00e4rjest\u00f6n normaaliin toimintaan. Selvenn\u00e4 ja perustele siis hakemuksessasi, mihin pyyt\u00e4m\u00e4\u00e4si avustussummaa k\u00e4ytet\u00e4\u00e4n.<\/li>\n<\/ul>\n<h3>Opiskelijaj\u00e4rjest\u00f6t voivat liitty\u00e4 TaiYon piiriss\u00e4 toimivaksi j\u00e4rjest\u00f6ksi<\/h3>\n<ul>\n<li>Vain TaiYon piiriss\u00e4 toimiva j\u00e4rjest\u00f6 voi hakea j\u00e4rjest\u00f6avustusta. T\u00e4ll\u00e4 haluamme varmistaa, ett\u00e4 tuemme juuri niit\u00e4 j\u00e4rjest\u00f6j\u00e4, joiden toiminta tukee Taideyliopiston opiskelijoiden yhteistoimintaa.<\/li>\n<li>Yhdistys voi hakeutua ylioppilaskunnan piiriin l\u00e4hett\u00e4m\u00e4ll\u00e4 vapaamuotoisen hakemuksen TaiYolle, jonka liitteen\u00e4 tulee toimittaa yhdistyksen s\u00e4\u00e4nn\u00f6t. Hakemuksessa tulee selvent\u00e4\u00e4 yhdistyksen tarkoitusta, toimintaa sek\u00e4 keille kaikille toiminta on tarkoitettu.<\/li>\n<li>TaiYo tukee Taideyliopiston opiskelijoiden ainej\u00e4rjest\u00f6j\u00e4 sek\u00e4 erilaisia opiskelijoiden harrastusj\u00e4rjest\u00f6j\u00e4. Yhdistyksen \u00e4\u00e4nivaltaisista j\u00e4senist\u00e4 v\u00e4hint\u00e4\u00e4n 60 prosentin, kuitenkin v\u00e4hint\u00e4\u00e4n viiden, tulee olla ylioppilaskunnan j\u00e4seni\u00e4.<\/li>\n<li>Jokavuotisia j\u00e4rjest\u00f6n vastuita, jotta voi hakea avustuksia TaiYolta on, ett\u00e4 yhdistys p\u00e4ivitt\u00e4\u00e4 toimijoiden vaihtuessa yhteistietonsa TaiYolle, sek\u00e4 jos j\u00e4rjest\u00f6n s\u00e4\u00e4nt\u00f6ihin tulee p\u00e4ivityksi\u00e4, toimittaa p\u00e4ivitetyt s\u00e4\u00e4nn\u00f6t TaiYolle. TaiYo voi pyyt\u00e4\u00e4 tarvittaessa n\u00e4kem\u00e4\u00e4n j\u00e4rjest\u00f6n vuotuisen tilinp\u00e4\u00e4t\u00f6ksen ja toimintakertomuksen.<\/li>\n<\/ul>\n<h3><strong><br \/>\nSuunnitteilla opiskelijaj\u00e4rjest\u00f6n perustaminen? \u00a0<\/strong><\/h3>\n<ul>\n<li>TaiYo tukee mielell\u00e4\u00e4n opiskelijoittensa uusia j\u00e4rjest\u00f6j\u00e4. Voit kysy\u00e4 neuvoa TaiYon toimistosta, tai esitt\u00e4\u00e4 kysymyksi\u00e4 TaiYon piiriin toimivaksi j\u00e4rjest\u00f6\u00f6n hakemiseen p\u00e4\u00e4sihteerilt\u00e4.<\/li>\n<li>Tietoa ja vinkkej\u00e4 j\u00e4rjest\u00f6toiminnan toimintasuunnitelman laatimiseen voi esimerkiksi l\u00f6yt\u00e4\u00e4 t\u00e4\u00e4lt\u00e4:<a href=\"https:\/\/www.yhdistystoimijat.fi\/toiminnot\/asiakirjat\/toimintasuunnitelma\/\"> Linkki<\/a><\/li>\n<\/ul>\n","protected":false},"excerpt":{"rendered":"<p>TaiYo tukee j\u00e4rjest\u00f6jens\u00e4 toimintaa j\u00e4rjest\u00f6avustuksilla\u00a0 J\u00e4rjest\u00f6avustuksia my\u00f6nnet\u00e4\u00e4n sek\u00e4 kev\u00e4isin ett\u00e4 syksyisin. Avustus on tarkoitettu TaiYo:n piiriss\u00e4 toimivien yhdistysten normaalin vuosittaisen toiminnan tukemiseen. [&hellip;]<\/p>\n","protected":false},"author":13,"featured_media":14581,"parent":299,"menu_order":0,"comment_status":"closed","ping_status":"closed","template":"","meta":{"_coblocks_attr":"","_coblocks_dimensions":"","_coblocks_responsive_height":"","_coblocks_accordion_ie_support":"","_crdt_document":"","advanced_seo_description":"","jetpack_seo_html_title":"","jetpack_seo_noindex":false,"footnotes":""},"class_list":["post-14733","page","type-page","status-publish","has-post-thumbnail","hentry"],"jetpack_sharing_enabled":true,"jetpack_shortlink":"https:\/\/wp.me\/P2w00X-3PD","jetpack_likes_enabled":true,"amp_enabled":true,"_links":{"self":[{"href":"https:\/\/taiyo.fi\/en\/wp-json\/wp\/v2\/pages\/14733","targetHints":{"allow":["GET"]}}],"collection":[{"href":"https:\/\/taiyo.fi\/en\/wp-json\/wp\/v2\/pages"}],"about":[{"href":"https:\/\/taiyo.fi\/en\/wp-json\/wp\/v2\/types\/page"}],"author":[{"embeddable":true,"href":"https:\/\/taiyo.fi\/en\/wp-json\/wp\/v2\/users\/13"}],"replies":[{"embeddable":true,"href":"https:\/\/taiyo.fi\/en\/wp-json\/wp\/v2\/comments?post=14733"}],"version-history":[{"count":11,"href":"https:\/\/taiyo.fi\/en\/wp-json\/wp\/v2\/pages\/14733\/revisions"}],"predecessor-version":[{"id":14758,"href":"https:\/\/taiyo.fi\/en\/wp-json\/wp\/v2\/pages\/14733\/revisions\/14758"}],"up":[{"embeddable":true,"href":"https:\/\/taiyo.fi\/en\/wp-json\/wp\/v2\/pages\/299"}],"wp:featuredmedia":[{"embeddable":true,"href":"https:\/\/taiyo.fi\/en\/wp-json\/wp\/v2\/media\/14581"}],"wp:attachment":[{"href":"https:\/\/taiyo.fi\/en\/wp-json\/wp\/v2\/media?parent=14733"}],"curies":[{"name":"wp","href":"https:\/\/api.w.org\/{rel}","templated":true}]}}