{"id":1437,"date":"2013-09-13T14:57:27","date_gmt":"2013-09-13T12:57:27","guid":{"rendered":"http:\/\/taiyo.fi\/?page_id=1437"},"modified":"2019-09-10T18:14:23","modified_gmt":"2019-09-10T16:14:23","slug":"ukk","status":"publish","type":"page","link":"https:\/\/taiyo.fi\/en\/edustajistovaalit\/ukk\/","title":{"rendered":"Usein kysyttyj\u00e4 kysymyksi\u00e4"},"content":{"rendered":"<p><strong>Mik\u00e4 on edustajisto?<\/strong><br \/>Edustajisto on ylioppilaskunnan ylint\u00e4 p\u00e4\u00e4t\u00f6svaltaa k\u00e4ytt\u00e4v\u00e4 elin, v\u00e4h\u00e4n kuin ylioppilaskunnan oma eduskunta. Ylioppilaskunnan j\u00e4senet valitsevat edustajistoon kahden vuoden kaudeksi 15 varsinaista ja 15 varaj\u00e4sent\u00e4 vaaleilla, jotka j\u00e4rjestet\u00e4\u00e4n aina parittomien vuosien syksyll\u00e4. Edustajisto p\u00e4\u00e4tt\u00e4\u00e4 mm. ylioppilaskunnan j\u00e4senmaksusta ja s\u00e4\u00e4nn\u00f6ist\u00e4, hyv\u00e4ksyy toimintasuunnitelman ja talousarvion sek\u00e4 valitsee ylioppilaskunnan hallituksen, p\u00e4\u00e4sihteerin ja Taideyliopiston hallituksen opiskelijaj\u00e4senet. Lue lis\u00e4\u00e4 edustajiston toiminnasta\u00a0<a title=\"Representative Council\" href=\"http:\/\/taiyo.fi\/en\/edustajistovaalit\/tietoa-edustajistotoiminnasta\/\">here<\/a>.<\/p>\n<p><strong>Miksi mua pit\u00e4is kiinnostaa?<\/strong><br \/>Kaikkien opiskelijoiden yhteis\u00f6ll\u00e4, ylioppilaskunnalla, on huomattavasti yksitt\u00e4ist\u00e4 opiskelijaa vahvemmat mahdollisuudet vaikuttaa kattavasti ja pitk\u00e4j\u00e4nteisesti Taideyliopiston opiskelijoiden opiskeluun, arkeen ja yhteis\u00f6llisyyteen. Siksi sen asiat koskevat meit\u00e4 kaikkia. Kaikkien ei tietenk\u00e4\u00e4n tarvitse olla superaktiiveja, mutta pelkk\u00e4 edustajistovaaleissa \u00e4\u00e4nest\u00e4minenkin on osallistumista yhteisten asioiden hoitamiseen.<br \/>Kaiken kaikkiaankin ylioppilaskunta on konseptina aika ainutlaatuinen, ja sill\u00e4 on Suomessa pitk\u00e4 historia. Ylioppilaskunnat ovat vuosien saatossa tehneet ja saaneet aikaan paljon opiskelijan paremman el\u00e4m\u00e4n edist\u00e4miseksi, ja yhdess\u00e4 niill\u00e4 on yll\u00e4tt\u00e4v\u00e4nkin paljon vaikutusvaltaa. Siksik\u00e4\u00e4n ylioppilaskuntaan ei kannata suhtautua v\u00e4linpit\u00e4m\u00e4tt\u00f6m\u00e4sti, vaan olla mukana tekem\u00e4ss\u00e4 t\u00e4m\u00e4n p\u00e4iv\u00e4n ylioppilaskunnasta juuri sellaista kuin itse haluaa.<\/p>\n<p><strong>Mist\u00e4 tied\u00e4n, voinko asettua ehdolle edustajistovaaleissa (eli olenko vaalikelpoinen)?<\/strong><br \/>Tsekkaa n\u00e4m\u00e4:<br \/><em>Suoritatko Taideyliopistossa kandidaatin tai maisterin tutkintoa ja olet ilmoittautunut l\u00e4sn\u00e4olevaksi tai poissaolevaksi syyslukukaudeksi 2019?<\/em><br \/>OR<br \/><em>Suoritatko Taideyliopistossa muita opintoja kuin kandidaatin tai maisterin tutkintoa (esim. tohtoriopinnot, vaihto-opinnot, opettajan pedagogiset opinnot) ja olet maksanut TaiYo:n j\u00e4senmaksun syyslukukaudeksi 2019?<\/em><br \/>Jos vastasit jompaan kumpaan edell\u00e4olevaan kysymykseen &#8221;kyll\u00e4&#8221;, olet vaalikelpoinen.<\/p>\n<p><strong>Mist\u00e4 tied\u00e4n, saanko \u00e4\u00e4nest\u00e4\u00e4 edustajistovaaleissa (eli olenko \u00e4\u00e4nioikeutettu)?<\/strong><br \/>Edustajistovaaleissa saavat \u00e4\u00e4nest\u00e4\u00e4 kaikki l\u00e4sn\u00e4olevaksi ilmoittautuneet Taideyliopiston opiskelijat, jotka ovat maksaneet TaiYo:n j\u00e4senmaksun syyslukukaudeksi 2019.<\/p>\n<p><strong>Miten k\u00e4yt\u00e4nn\u00f6ss\u00e4 asetun ehdolle?<\/strong><br \/>Ehdolle asettuminen tarkoittaa yksinkertaisimmillaan yhden lomakkeen t\u00e4ytt\u00e4mist\u00e4 ja palauttamista. Halutessaan ehdokkaat voivat t\u00e4m\u00e4n lis\u00e4ksi ryhmitty\u00e4 vaaliliitoiksi ja liitot puolestaan vaalirenkaiksi, ja ehdokkuuttaan voi toki jonkin verran my\u00f6s mainostaa eli kampanjoida. Yksityiskohtaiset ohjeet ehdolle asettumisesta l\u00f6yd\u00e4t <a href=\"http:\/\/taiyo.fi\/en\/edustajistovaalit\/nain-asetut-ehdolle\/\">here<\/a>. Ehdolleilmoittautumisaika p\u00e4\u00e4ttyy 9.10.2019 klo 12.00.<\/p>\n<p><strong>Voiko ehdokkuuden my\u00f6hemmin perua?<\/strong><br \/>Ehdokasasettelun p\u00e4\u00e4tytty\u00e4 alustava ehdokaslista julkaistaan torstaina 10.10. n\u00e4ill\u00e4 nettisivuilla sek\u00e4 ilmoitustauluilla joka kampuksella. T\u00e4m\u00e4n j\u00e4lkeen \u00e4\u00e4nioikeutetut voivat viikon ajan tehd\u00e4 siihen korjauspyynt\u00f6j\u00e4, ja t\u00e4ss\u00e4 vaiheessa my\u00f6s kaikilla ehdokasilmoituksen j\u00e4tt\u00e4neill\u00e4 on viel\u00e4 mahdollisuus pyyt\u00e4\u00e4 ehdokkuutensa perumista. Korjauspyynn\u00f6t l\u00e4hetet\u00e4\u00e4n s\u00e4hk\u00f6postitse osoitteeseen taiyo-paasihteeri (at) uniarts.fi viimeist\u00e4\u00e4n torstaina 17.10. klo 16.00 menness\u00e4. Kun korjauspyynn\u00f6t on k\u00e4sitelty, lopullinen ehdokaslista julkaistaan perjantaina 18.10. eik\u00e4 siihen en\u00e4\u00e4 t\u00e4m\u00e4n j\u00e4lkeen voi tehd\u00e4 muutoksia.<\/p>\n<p><strong>Mit\u00e4 ovat vaaliliitto ja vaalirengas?<br \/><\/strong>Vaaliliittoon tai -renkaaseen kuuluminen ei ole pakollista, mutta k\u00e4yt\u00e4nn\u00f6ss\u00e4 se parantaa l\u00e4pip\u00e4\u00e4syn mahdollisuuksia.\u00a0Vaaliliitto on ehdokkaiden muodostama ryhmittym\u00e4, johon saa kuulua v\u00e4hint\u00e4\u00e4n 2 ja enint\u00e4\u00e4n 15 henke\u00e4. Vaaliliiton tarkoitus on yhdist\u00e4\u00e4 jossain m\u00e4\u00e4rin samaa arvomaailmaa edustavia ja yhteisi\u00e4 tavoitteita ajavia ehdokkaita, aivan kuten puolueet kansallisella tasolla. K\u00e4yt\u00e4nn\u00f6ss\u00e4 vaaliliittojen vaikutus n\u00e4kyy vaalien \u00e4\u00e4ntenlaskennassa, jossa ehdokkaan sijoitukseen vaikuttavat vaaliliiton yhteenlaskettu \u00e4\u00e4nim\u00e4\u00e4r\u00e4 ja sijoitus vaaliliiton sis\u00e4ll\u00e4. Vaalirenkaat ovat puolestaan vaaliliittojen yhteenliittymi\u00e4, ja my\u00f6s vaalirenkaan\u00a0yhteenlaskettu \u00e4\u00e4nim\u00e4\u00e4r\u00e4 vaikuttaa kaikkien sen liittojen ja niiden ehdokkaiden sijoitukseen.<\/p>\n<p><strong>Miten vaaliliitto\/-rengas perustetaan ja miten siihen liityt\u00e4\u00e4n?<br \/><\/strong>Vaaliliiton perustaminen on helppoa: liittoon mukaan haluavat ehdokkaat (2-15 kpl) t\u00e4ytt\u00e4v\u00e4t yhdess\u00e4 vaaliliittosopimuksen, valitsevat liitolleen nimen ja asiahenkil\u00f6n (yhteyshenkil\u00f6) ja palauttavat sopimuksen samalla tavoin kuin ehdokasilmoituksen. Vaaliliittosopimuksen allekirjoittavat kaikkien liittoon liittyvien ehdokkaiden asiahenkil\u00f6t. Jos haluat liitty\u00e4 vaaliliittoon, ota siis yhteytt\u00e4 ko. liiton asioita hoitavaan henkil\u00f6\u00f6n ja pid\u00e4 huoli, ett\u00e4 asiahenkil\u00f6si allekirjoitus tulee mukaan vaaliliittosopimukseen. Vaalirengas perustetaan samalla tavoin t\u00e4ytt\u00e4m\u00e4ll\u00e4 vaalirengassopimus ja palauttamalla se m\u00e4\u00e4r\u00e4aikaan menness\u00e4 johonkin lomakkeiden vastaanottopaikoista. Vaalirengassopimukseen tulee siihen kuuluvien liittojen asiahenkil\u00f6iden allekirjoitukset. Esimerkiksi kaksi samanhenkist\u00e4 liittoa voi perustaa vaalirenkaan.<\/p>\n<p><strong>Mik\u00e4 on asiahenkil\u00f6?<br \/><\/strong>Jokaista ehdokasta, vaaliliittoa ja vaalirengasta pyydet\u00e4\u00e4n nime\u00e4m\u00e4\u00e4n itselleen asiahenkil\u00f6. Asiahenkil\u00f6 tarkoittaa henkil\u00f6\u00e4, joka toimii kyseisen ehdokkaan, vaaliliiton tai -renkaan nimiss\u00e4 ja yhteyshenkil\u00f6n\u00e4 ehdokkaiden ja vaalien j\u00e4rjest\u00e4jien v\u00e4lill\u00e4. Asiahenkil\u00f6n t\u00e4rkein funktio on, ett\u00e4 yksitt\u00e4isen <strong>ehdokkaan asiahenkil\u00f6 (ja vain h\u00e4n) voi liitt\u00e4\u00e4 ko. ehdokkaan vaaliliittoon<\/strong>, ja vaaliliiton asiahenkil\u00f6 taas voi liitt\u00e4\u00e4 ko. vaaliliiton vaalirenkaaseen. Jos siis tied\u00e4t jo ehdokasilmoitusta t\u00e4ytt\u00e4ess\u00e4si ett\u00e4 haluat liitty\u00e4 tiettyyn vaaliliittoon, voi olla k\u00e4tev\u00e4\u00e4 nimet\u00e4 ko. vaaliliiton asioita hoitava henkil\u00f6 saman tien omaksi asiahenkil\u00f6ksesi &#8211; n\u00e4in sinun ei en\u00e4\u00e4 erikseen tarvitse allekirjoittaa vaaliliittosopimusta, vaan asiahenkil\u00f6 voi tehd\u00e4 sen puolestasi. Ehdokas voi kuitenkin vallan hyvin toimia my\u00f6s itse omana asiahenkil\u00f6n\u00e4\u00e4n, ja usein se onkin kaikkein n\u00e4pp\u00e4rin vaihtoehto (t\u00e4ll\u00f6in ehdokas vain joutuu viel\u00e4 itse allekirjoittamaan erikseen vaaliliittosopimuksen, jos haluaa liitty\u00e4 vaaliliittoon). Vaaliliiton puolestaan kannattaa valita asiahenkil\u00f6 esim. liiton omien ehdokkaiden joukosta, ja vaalirenkaan taas jonkin ko. renkaaseen kuuluvan liiton ehdokkaiden joukosta (esim. jonkin liiton asiahenkil\u00f6 voi olla my\u00f6s vaalirenkaan asiahenkil\u00f6).<\/p>\n\n\n<p class=\"wp-block-paragraph\"><\/p>","protected":false},"excerpt":{"rendered":"<p>Mik\u00e4 on edustajisto?Edustajisto on ylioppilaskunnan ylint\u00e4 p\u00e4\u00e4t\u00f6svaltaa k\u00e4ytt\u00e4v\u00e4 elin, v\u00e4h\u00e4n kuin ylioppilaskunnan oma eduskunta. Ylioppilaskunnan j\u00e4senet valitsevat edustajistoon kahden vuoden kaudeksi 15 [&hellip;]<\/p>\n","protected":false},"author":13,"featured_media":0,"parent":1342,"menu_order":0,"comment_status":"closed","ping_status":"open","template":"","meta":{"_coblocks_attr":"","_coblocks_dimensions":"","_coblocks_responsive_height":"","_coblocks_accordion_ie_support":"","_crdt_document":"","advanced_seo_description":"","jetpack_seo_html_title":"","jetpack_seo_noindex":false,"footnotes":""},"class_list":["post-1437","page","type-page","status-publish","hentry"],"jetpack_sharing_enabled":true,"jetpack_shortlink":"https:\/\/wp.me\/P2w00X-nb","jetpack_likes_enabled":true,"amp_enabled":true,"_links":{"self":[{"href":"https:\/\/taiyo.fi\/en\/wp-json\/wp\/v2\/pages\/1437","targetHints":{"allow":["GET"]}}],"collection":[{"href":"https:\/\/taiyo.fi\/en\/wp-json\/wp\/v2\/pages"}],"about":[{"href":"https:\/\/taiyo.fi\/en\/wp-json\/wp\/v2\/types\/page"}],"author":[{"embeddable":true,"href":"https:\/\/taiyo.fi\/en\/wp-json\/wp\/v2\/users\/13"}],"replies":[{"embeddable":true,"href":"https:\/\/taiyo.fi\/en\/wp-json\/wp\/v2\/comments?post=1437"}],"version-history":[{"count":16,"href":"https:\/\/taiyo.fi\/en\/wp-json\/wp\/v2\/pages\/1437\/revisions"}],"predecessor-version":[{"id":6516,"href":"https:\/\/taiyo.fi\/en\/wp-json\/wp\/v2\/pages\/1437\/revisions\/6516"}],"up":[{"embeddable":true,"href":"https:\/\/taiyo.fi\/en\/wp-json\/wp\/v2\/pages\/1342"}],"wp:attachment":[{"href":"https:\/\/taiyo.fi\/en\/wp-json\/wp\/v2\/media?parent=1437"}],"curies":[{"name":"wp","href":"https:\/\/api.w.org\/{rel}","templated":true}]}}