{"id":13953,"date":"2024-09-24T13:37:42","date_gmt":"2024-09-24T11:37:42","guid":{"rendered":"https:\/\/taiyo.fi\/?page_id=13953"},"modified":"2025-06-09T19:31:26","modified_gmt":"2025-06-09T17:31:26","slug":"hairintayhdyshenkilot","status":"publish","type":"page","link":"https:\/\/taiyo.fi\/en\/ylioppilaskunta\/yhteystiedot\/hairintayhdyshenkilot\/","title":{"rendered":"Harassment contact persons"},"content":{"rendered":"<h2 id=\"h\u00e4irint\u00e4yhdyshenkil\u00f6t\"><strong>Harassment contact persons<\/strong><\/h2>\n<p><em><a href=\"https:\/\/i0.wp.com\/taiyo.fi\/wp-content\/uploads\/2025\/05\/IMG_1921.jpeg?ssl=1\"><img data-recalc-dims=\"1\" loading=\"lazy\" decoding=\"async\" data-attachment-id=\"14969\" data-permalink=\"https:\/\/taiyo.fi\/en\/ylioppilaskunta\/yhteystiedot\/img_1921\/\" data-orig-file=\"https:\/\/i0.wp.com\/taiyo.fi\/wp-content\/uploads\/2025\/05\/IMG_1921.jpeg?fit=1922%2C1891&amp;ssl=1\" data-orig-size=\"1922,1891\" data-comments-opened=\"0\" data-image-meta=\"{&quot;aperture&quot;:&quot;1.8&quot;,&quot;credit&quot;:&quot;&quot;,&quot;camera&quot;:&quot;iPhone 8&quot;,&quot;caption&quot;:&quot;&quot;,&quot;created_timestamp&quot;:&quot;1681930569&quot;,&quot;copyright&quot;:&quot;&quot;,&quot;focal_length&quot;:&quot;3.99&quot;,&quot;iso&quot;:&quot;400&quot;,&quot;shutter_speed&quot;:&quot;0.016666666666667&quot;,&quot;title&quot;:&quot;&quot;,&quot;orientation&quot;:&quot;1&quot;}\" data-image-title=\"IMG_1921\" data-image-description=\"\" data-image-caption=\"\" data-medium-file=\"https:\/\/i0.wp.com\/taiyo.fi\/wp-content\/uploads\/2025\/05\/IMG_1921.jpeg?fit=300%2C295&amp;ssl=1\" data-large-file=\"https:\/\/i0.wp.com\/taiyo.fi\/wp-content\/uploads\/2025\/05\/IMG_1921.jpeg?fit=700%2C689&amp;ssl=1\" class=\"alignleft wp-image-14969 size-medium\" src=\"https:\/\/i0.wp.com\/taiyo.fi\/wp-content\/uploads\/2025\/05\/IMG_1921.jpeg?resize=300%2C295&#038;ssl=1\" alt=\"\" width=\"300\" height=\"295\" srcset=\"https:\/\/i0.wp.com\/taiyo.fi\/wp-content\/uploads\/2025\/05\/IMG_1921.jpeg?resize=300%2C295&amp;ssl=1 300w, https:\/\/i0.wp.com\/taiyo.fi\/wp-content\/uploads\/2025\/05\/IMG_1921.jpeg?resize=700%2C689&amp;ssl=1 700w, https:\/\/i0.wp.com\/taiyo.fi\/wp-content\/uploads\/2025\/05\/IMG_1921.jpeg?resize=768%2C756&amp;ssl=1 768w, https:\/\/i0.wp.com\/taiyo.fi\/wp-content\/uploads\/2025\/05\/IMG_1921.jpeg?resize=1536%2C1511&amp;ssl=1 1536w, https:\/\/i0.wp.com\/taiyo.fi\/wp-content\/uploads\/2025\/05\/IMG_1921.jpeg?resize=12%2C12&amp;ssl=1 12w, https:\/\/i0.wp.com\/taiyo.fi\/wp-content\/uploads\/2025\/05\/IMG_1921.jpeg?resize=1000%2C984&amp;ssl=1 1000w, https:\/\/i0.wp.com\/taiyo.fi\/wp-content\/uploads\/2025\/05\/IMG_1921.jpeg?resize=230%2C226&amp;ssl=1 230w, https:\/\/i0.wp.com\/taiyo.fi\/wp-content\/uploads\/2025\/05\/IMG_1921.jpeg?resize=350%2C344&amp;ssl=1 350w, https:\/\/i0.wp.com\/taiyo.fi\/wp-content\/uploads\/2025\/05\/IMG_1921.jpeg?resize=480%2C472&amp;ssl=1 480w, https:\/\/i0.wp.com\/taiyo.fi\/wp-content\/uploads\/2025\/05\/IMG_1921.jpeg?w=1922&amp;ssl=1 1922w\" sizes=\"auto, (max-width: 300px) 100vw, 300px\" \/><\/a><\/em><\/p>\n<p>&nbsp;<\/p>\n<p>&nbsp;<\/p>\n<p>&nbsp;<\/p>\n<p><em><strong>Kikko Siltanen (SibA)<\/strong><br \/>\nkikko.siltanen (at) uniarts.fi<br \/>\n+358 44 213 0326 (also WhatsApp)<\/em><\/p>\n<p>&nbsp;<\/p>\n<p>&nbsp;<\/p>\n<p>&nbsp;<\/p>\n<p><em><strong><a href=\"https:\/\/i0.wp.com\/taiyo.fi\/wp-content\/uploads\/2025\/05\/PHOTO-2025-04-16-12-20-24.jpeg?ssl=1\"><img data-recalc-dims=\"1\" loading=\"lazy\" decoding=\"async\" data-attachment-id=\"14968\" data-permalink=\"https:\/\/taiyo.fi\/en\/ylioppilaskunta\/yhteystiedot\/photo-2025-04-16-12-20-24\/\" data-orig-file=\"https:\/\/i0.wp.com\/taiyo.fi\/wp-content\/uploads\/2025\/05\/PHOTO-2025-04-16-12-20-24.jpeg?fit=1535%2C2047&amp;ssl=1\" data-orig-size=\"1535,2047\" data-comments-opened=\"0\" data-image-meta=\"{&quot;aperture&quot;:&quot;0&quot;,&quot;credit&quot;:&quot;&quot;,&quot;camera&quot;:&quot;&quot;,&quot;caption&quot;:&quot;&quot;,&quot;created_timestamp&quot;:&quot;0&quot;,&quot;copyright&quot;:&quot;&quot;,&quot;focal_length&quot;:&quot;0&quot;,&quot;iso&quot;:&quot;0&quot;,&quot;shutter_speed&quot;:&quot;0&quot;,&quot;title&quot;:&quot;&quot;,&quot;orientation&quot;:&quot;0&quot;}\" data-image-title=\"PHOTO-2025-04-16-12-20-24\" data-image-description=\"\" data-image-caption=\"\" data-medium-file=\"https:\/\/i0.wp.com\/taiyo.fi\/wp-content\/uploads\/2025\/05\/PHOTO-2025-04-16-12-20-24.jpeg?fit=225%2C300&amp;ssl=1\" data-large-file=\"https:\/\/i0.wp.com\/taiyo.fi\/wp-content\/uploads\/2025\/05\/PHOTO-2025-04-16-12-20-24.jpeg?fit=700%2C933&amp;ssl=1\" class=\"alignleft wp-image-14968 size-medium\" src=\"https:\/\/i0.wp.com\/taiyo.fi\/wp-content\/uploads\/2025\/05\/PHOTO-2025-04-16-12-20-24.jpeg?resize=225%2C300&#038;ssl=1\" alt=\"\" width=\"225\" height=\"300\" srcset=\"https:\/\/i0.wp.com\/taiyo.fi\/wp-content\/uploads\/2025\/05\/PHOTO-2025-04-16-12-20-24.jpeg?resize=225%2C300&amp;ssl=1 225w, https:\/\/i0.wp.com\/taiyo.fi\/wp-content\/uploads\/2025\/05\/PHOTO-2025-04-16-12-20-24.jpeg?resize=700%2C933&amp;ssl=1 700w, https:\/\/i0.wp.com\/taiyo.fi\/wp-content\/uploads\/2025\/05\/PHOTO-2025-04-16-12-20-24.jpeg?resize=768%2C1024&amp;ssl=1 768w, https:\/\/i0.wp.com\/taiyo.fi\/wp-content\/uploads\/2025\/05\/PHOTO-2025-04-16-12-20-24.jpeg?resize=1152%2C1536&amp;ssl=1 1152w, https:\/\/i0.wp.com\/taiyo.fi\/wp-content\/uploads\/2025\/05\/PHOTO-2025-04-16-12-20-24.jpeg?resize=9%2C12&amp;ssl=1 9w, https:\/\/i0.wp.com\/taiyo.fi\/wp-content\/uploads\/2025\/05\/PHOTO-2025-04-16-12-20-24.jpeg?resize=1000%2C1334&amp;ssl=1 1000w, https:\/\/i0.wp.com\/taiyo.fi\/wp-content\/uploads\/2025\/05\/PHOTO-2025-04-16-12-20-24.jpeg?resize=230%2C307&amp;ssl=1 230w, https:\/\/i0.wp.com\/taiyo.fi\/wp-content\/uploads\/2025\/05\/PHOTO-2025-04-16-12-20-24.jpeg?resize=350%2C467&amp;ssl=1 350w, https:\/\/i0.wp.com\/taiyo.fi\/wp-content\/uploads\/2025\/05\/PHOTO-2025-04-16-12-20-24.jpeg?resize=480%2C640&amp;ssl=1 480w, https:\/\/i0.wp.com\/taiyo.fi\/wp-content\/uploads\/2025\/05\/PHOTO-2025-04-16-12-20-24.jpeg?w=1535&amp;ssl=1 1535w\" sizes=\"auto, (max-width: 225px) 100vw, 225px\" \/><\/a><\/strong><\/em><\/p>\n<p>&nbsp;<\/p>\n<p>&nbsp;<\/p>\n<p>&nbsp;<\/p>\n<p><em><strong>Jan \u0160krob\u00e1nek (SibA)<\/strong><br \/>\n<\/em><em>jan.skrobanek (at) uniarts.fi<br \/>\n+358 40 615 3393 (also WhatsApp)<\/em><\/p>\n<p>&nbsp;<\/p>\n<p>&nbsp;<\/p>\n<p>&nbsp;<\/p>\n<p><em><strong><a href=\"https:\/\/i0.wp.com\/taiyo.fi\/wp-content\/uploads\/2025\/06\/moona.jpeg?ssl=1\"><img data-recalc-dims=\"1\" loading=\"lazy\" decoding=\"async\" data-attachment-id=\"15095\" data-permalink=\"https:\/\/taiyo.fi\/en\/ylioppilaskunta\/yhteystiedot\/hairintayhdyshenkilot\/moona\/\" data-orig-file=\"https:\/\/i0.wp.com\/taiyo.fi\/wp-content\/uploads\/2025\/06\/moona.jpeg?fit=2500%2C1668&amp;ssl=1\" data-orig-size=\"2500,1668\" data-comments-opened=\"0\" data-image-meta=\"{&quot;aperture&quot;:&quot;0&quot;,&quot;credit&quot;:&quot;Petri Summanen&quot;,&quot;camera&quot;:&quot;&quot;,&quot;caption&quot;:&quot;&quot;,&quot;created_timestamp&quot;:&quot;1730989157&quot;,&quot;copyright&quot;:&quot;Petri Summanen, Taideyliopisto, 2024\\rpetri.summanen@uniarts.fi&quot;,&quot;focal_length&quot;:&quot;0&quot;,&quot;iso&quot;:&quot;0&quot;,&quot;shutter_speed&quot;:&quot;0&quot;,&quot;title&quot;:&quot;&quot;,&quot;orientation&quot;:&quot;0&quot;}\" data-image-title=\"moona\" data-image-description=\"\" data-image-caption=\"\" data-medium-file=\"https:\/\/i0.wp.com\/taiyo.fi\/wp-content\/uploads\/2025\/06\/moona.jpeg?fit=300%2C200&amp;ssl=1\" data-large-file=\"https:\/\/i0.wp.com\/taiyo.fi\/wp-content\/uploads\/2025\/06\/moona.jpeg?fit=700%2C467&amp;ssl=1\" class=\"alignleft wp-image-15095 size-medium\" src=\"https:\/\/i0.wp.com\/taiyo.fi\/wp-content\/uploads\/2025\/06\/moona.jpeg?resize=300%2C200&#038;ssl=1\" alt=\"\" width=\"300\" height=\"200\" srcset=\"https:\/\/i0.wp.com\/taiyo.fi\/wp-content\/uploads\/2025\/06\/moona.jpeg?resize=300%2C200&amp;ssl=1 300w, https:\/\/i0.wp.com\/taiyo.fi\/wp-content\/uploads\/2025\/06\/moona.jpeg?resize=700%2C467&amp;ssl=1 700w, https:\/\/i0.wp.com\/taiyo.fi\/wp-content\/uploads\/2025\/06\/moona.jpeg?resize=768%2C512&amp;ssl=1 768w, https:\/\/i0.wp.com\/taiyo.fi\/wp-content\/uploads\/2025\/06\/moona.jpeg?resize=1536%2C1025&amp;ssl=1 1536w, https:\/\/i0.wp.com\/taiyo.fi\/wp-content\/uploads\/2025\/06\/moona.jpeg?resize=2048%2C1366&amp;ssl=1 2048w, https:\/\/i0.wp.com\/taiyo.fi\/wp-content\/uploads\/2025\/06\/moona.jpeg?resize=18%2C12&amp;ssl=1 18w, https:\/\/i0.wp.com\/taiyo.fi\/wp-content\/uploads\/2025\/06\/moona.jpeg?resize=1000%2C667&amp;ssl=1 1000w, https:\/\/i0.wp.com\/taiyo.fi\/wp-content\/uploads\/2025\/06\/moona.jpeg?resize=230%2C153&amp;ssl=1 230w, https:\/\/i0.wp.com\/taiyo.fi\/wp-content\/uploads\/2025\/06\/moona.jpeg?resize=350%2C234&amp;ssl=1 350w, https:\/\/i0.wp.com\/taiyo.fi\/wp-content\/uploads\/2025\/06\/moona.jpeg?resize=480%2C320&amp;ssl=1 480w, https:\/\/i0.wp.com\/taiyo.fi\/wp-content\/uploads\/2025\/06\/moona.jpeg?w=2340&amp;ssl=1 2340w\" sizes=\"auto, (max-width: 300px) 100vw, 300px\" \/><\/a><\/strong><\/em><\/p>\n<p>&nbsp;<\/p>\n<p>&nbsp;<\/p>\n<p><em><strong>Moona Ranta (TeaK)<\/strong><br \/>\nmoona.ranta (at) uniarts,fi<br \/>\n<span data-olk-copy-source=\"MessageBody\">(also WhatsApp)<\/span><\/em><\/p>\n<p>&nbsp;<\/p>\n<p>&nbsp;<\/p>\n<p>&nbsp;<\/p>\n<p>The purpose of the Student Union's harassment contact persons is:<\/p>\n<ul>\n<li>Be low-threshold peer support and discussion help for students<\/li>\n<li>Advise and support a student who has experienced harassment or other inappropriate treatment to take the matter forward in accordance with the university's processes<\/li>\n<li>Harassment contact persons can also participate as support persons in meetings with university staff<\/li>\n<li>Harassment contact persons do not have official authority in cases of inappropriate treatment, but they offer support and advice in taking the matter forward to Uniarts Helsinki staff, who have the right and obligation to take action in the matter.<\/li>\n<\/ul>\n<p>You can contact any harassment contact person, regardless of academy. Uniarts Helsinki's instructions for conflict situations and inappropriate behaviour can be found here (link).\u00a0<a href=\"https:\/\/student.uniarts.fi\/guides\/guidelines-in-cases-of-inappropriate-treatment\/\">t\u00e4\u00e4lt\u00e4 (linkki).<\/a><\/p>","protected":false},"excerpt":{"rendered":"<p>H\u00e4irint\u00e4yhdyshenkil\u00f6t &nbsp; &nbsp; &nbsp; Kikko Siltanen (SibA) kikko.siltanen (at) uniarts.fi +358 44 213 0326 (my\u00f6s WhatsApp) &nbsp; &nbsp; &nbsp; &nbsp; &nbsp; &nbsp; [&hellip;]<\/p>\n","protected":false},"author":16,"featured_media":0,"parent":7,"menu_order":0,"comment_status":"closed","ping_status":"closed","template":"","meta":{"_coblocks_attr":"","_coblocks_dimensions":"","_coblocks_responsive_height":"","_coblocks_accordion_ie_support":"","_crdt_document":"","advanced_seo_description":"","jetpack_seo_html_title":"","jetpack_seo_noindex":false,"footnotes":""},"class_list":["post-13953","page","type-page","status-publish","hentry"],"jetpack_sharing_enabled":true,"jetpack_shortlink":"https:\/\/wp.me\/P2w00X-3D3","jetpack_likes_enabled":true,"amp_enabled":true,"_links":{"self":[{"href":"https:\/\/taiyo.fi\/en\/wp-json\/wp\/v2\/pages\/13953","targetHints":{"allow":["GET"]}}],"collection":[{"href":"https:\/\/taiyo.fi\/en\/wp-json\/wp\/v2\/pages"}],"about":[{"href":"https:\/\/taiyo.fi\/en\/wp-json\/wp\/v2\/types\/page"}],"author":[{"embeddable":true,"href":"https:\/\/taiyo.fi\/en\/wp-json\/wp\/v2\/users\/16"}],"replies":[{"embeddable":true,"href":"https:\/\/taiyo.fi\/en\/wp-json\/wp\/v2\/comments?post=13953"}],"version-history":[{"count":10,"href":"https:\/\/taiyo.fi\/en\/wp-json\/wp\/v2\/pages\/13953\/revisions"}],"predecessor-version":[{"id":15101,"href":"https:\/\/taiyo.fi\/en\/wp-json\/wp\/v2\/pages\/13953\/revisions\/15101"}],"up":[{"embeddable":true,"href":"https:\/\/taiyo.fi\/en\/wp-json\/wp\/v2\/pages\/7"}],"wp:attachment":[{"href":"https:\/\/taiyo.fi\/en\/wp-json\/wp\/v2\/media?parent=13953"}],"curies":[{"name":"wp","href":"https:\/\/api.w.org\/{rel}","templated":true}]}}