{"id":1342,"date":"2013-09-10T10:01:34","date_gmt":"2013-09-10T08:01:34","guid":{"rendered":"http:\/\/taiyo.fi\/?page_id=1342"},"modified":"2023-09-18T10:03:39","modified_gmt":"2023-09-18T08:03:39","slug":"edustajistovaalit","status":"publish","type":"page","link":"https:\/\/taiyo.fi\/en\/edustajistovaalit\/","title":{"rendered":"Edustajistovaalit"},"content":{"rendered":"<p class=\"wp-block-paragraph\">Taideyliopiston ylioppilaskunnassa ylint\u00e4 p\u00e4\u00e4t\u00f6svaltaa k\u00e4ytt\u00e4\u00e4 edustajisto, joka valitaan vaaleilla kahdeksi vuodeksi kerrallaan. Vaaleissa saavat \u00e4\u00e4nest\u00e4\u00e4 ja asettua ehdolle kaikki ylioppilaskunnan j\u00e4senet eli kaikki Taideyliopiston opiskelijat. Seuraavat edustajistovaalit k\u00e4yd\u00e4\u00e4n 2.\u20138.11.2023. Edustajistossa on 15 j\u00e4sent\u00e4 ja saman verran varaj\u00e4seni\u00e4, ja vaaleissa on k\u00e4yt\u00f6ss\u00e4 suhteellinen vaalitapa. T\u00e4n\u00e4 syksyn\u00e4 vaali toimitetaan ensimm\u00e4ist\u00e4 kertaa s\u00e4hk\u00f6isen\u00e4 \u00e4\u00e4nestyksen\u00e4.<\/p>\r\n\r\n\r\n\r\n<h3 class=\"has-medium-font-size\"><strong>Tarkemmin vuoden 2023 edustajistovaaleista osoitteessa <a href=\"http:\/\/taiyo.fi\/en\/vaalit\/\">taiyo.fi\/vaalit<\/a><\/strong><\/h3>\r\n\r\n\r\n\r\n<p class=\"wp-block-paragraph\">&nbsp;<\/p>\r\n\r\n\r\n\r\n<p class=\"wp-block-paragraph\">&nbsp;<\/p>\r\n<h3>Archive<\/h3>\r\n\r\n<h4>Vuoden 2019 vaalit<\/h4>\r\n<p><strong>Kannustamme kaikkia Taideyliopiston opiskelijoiden yhteisist\u00e4 asioista kiinnostuneita k\u00e4ytt\u00e4m\u00e4\u00e4n \u00e4\u00e4nt\u00e4\u00e4n vaaleissa!\u00a0<\/strong>Allaolevien linkkien takaa l\u00f6ytyy tarkempia tietoja ja yksityiskohtaisempia ohjeita vaaleista.<\/p>\r\n<p><a href=\"http:\/\/taiyo.fi\/en\/edustajistovaalit\/konsts-delegationsval\/\"><strong>KonSts delegationsval 2019<\/strong><\/a>\u00a0(information p\u00e5 svenska)<br \/><a href=\"http:\/\/taiyo.fi\/en\/edustajistovaalit\/artsus-council-elections\/\"><strong>ArtSU\u2019s Representative Council elections 2019<\/strong><\/a>\u00a0(information in English)<\/p>\r\n<p><strong>Tarkempaa tietoa edustajistovaaleista<\/strong><br \/><a href=\"http:\/\/taiyo.fi\/en\/edustajistovaalit\/nain-aanestat-vaaleissa\/\">N\u00e4in \u00e4\u00e4nest\u00e4t vaaleissa<\/a><br \/><a href=\"https:\/\/taiyo.fi\/en\/edustajistovaalit\/ehdokkaat\/\">Candidates<\/a><br \/><a href=\"https:\/\/apps.myzef.com\/resources\/syl\/c3jb5l\/index.html\">Election Compass<\/a><br \/><a href=\"http:\/\/taiyo.fi\/en\/edustajistovaalit\/vaalien-aikataulu\/\">Vaalien aikataulu<\/a><br \/><a href=\"http:\/\/taiyo.fi\/en\/edustajistovaalit\/ohjeita-ehdokkaalle\/\">Ohjeita ehdokkaalle<\/a><br \/><a href=\"http:\/\/taiyo.fi\/en\/edustajistovaalit\/nain-asetut-ehdolle\/\">N\u00e4in asetut ehdolle<\/a><br \/><a href=\"https:\/\/taiyo.fi\/en\/tule-ehdokkaaksi-taiyon-edustajistovaaleissa\/\">Kannattaako l\u00e4hte\u00e4 ehdolle?<\/a><br \/><a href=\"http:\/\/taiyo.fi\/en\/edustajistovaalit\/ilmoittaudu-vaalitoimitsijaksi\/\">Ilmoittaudu vaalitoimitsijaksi<\/a><br \/><a href=\"http:\/\/taiyo.fi\/en\/edustajistovaalit\/tietoa-edustajistotoiminnasta\/\">Tietoa edustajistotoiminnasta<\/a><br \/><a href=\"http:\/\/taiyo.fi\/en\/edustajistovaalit\/ukk\/\">Usein kysyttyj\u00e4 kysymyksi\u00e4<\/a><br \/><a title=\"TaiYo vaalitulos 2017 lopullinen\" href=\"https:\/\/taiyo.fi\/wp-content\/uploads\/2017\/11\/TaiYo-vaalitulos-2017-lopullinen.pdf\">Edustajistovaalien 2017 tulos<\/a><br \/><a href=\"https:\/\/taiyo.fi\/wp-content\/uploads\/2012\/06\/lopullinen-vaalitulos-2015.pdf\">Edustajistovaalien 2015 tulos<\/a><br \/><a href=\"http:\/\/taiyo.fi\/wp-content\/uploads\/2013\/11\/taiyo-lopullinen-vaalitulos-net.pdf\">Edustajistovaalien 2013 tulos<\/a><\/p>\r\n<p><strong>Edustajistovaalien viralliset dokumentit<br \/><\/strong><a title=\"TaiYo vaalitulos 2019 lopullinen\" href=\"https:\/\/taiyo.fi\/wp-content\/uploads\/2019\/11\/TaiYo-vaalitulos-2019-lopullinen.pdf\">Lopullinen vaalitulos \/ Slutliga valresultatet<\/a><br \/><a title=\"Vaalijulistus 2019\" href=\"https:\/\/taiyo.fi\/wp-content\/uploads\/2019\/09\/Vaalijulistus-2019.pdf\">Vaalijulistus<\/a> \/ <a title=\"Kung\u00f6relse om val 2019\" href=\"https:\/\/taiyo.fi\/wp-content\/uploads\/2019\/09\/Kung\u00f6relse-om-val-2019.pdf\">Kung\u00f6relse om val<\/a><br \/><a title=\"Lopullinen ehdokaslista 2019\" href=\"https:\/\/taiyo.fi\/wp-content\/uploads\/2019\/10\/Lopullinen-ehdokaslista-2019.pdf\">Lopullinen ehdokaslista \/ Slutliga kandidatlistan<\/a><br \/><a title=\"TaiYo vaalitulos 2019 alustava\" href=\"https:\/\/taiyo.fi\/wp-content\/uploads\/2019\/11\/TaiYo-vaalitulos-2019-alustava.pdf\">Alustava vaalitulos \/ Prelimin\u00e4r valresultat<\/a> (ei en\u00e4\u00e4 voimassa)<br \/><a title=\"Alustava ehdokaslista 2019 suomi\" href=\"https:\/\/taiyo.fi\/wp-content\/uploads\/2019\/10\/Alustava-ehdokaslista-2019-suomi.pdf\">Alustava ehdokaslista<\/a> \/ <a title=\"Alustava ehdokaslista 2019 svenska\" href=\"https:\/\/taiyo.fi\/wp-content\/uploads\/2019\/10\/Alustava-ehdokaslista-2019-svenska.pdf\">Prelimin\u00e4r kandidatlista<\/a> (ei en\u00e4\u00e4 voimassa)<br \/><a title=\"Ehdokasilmoitus 2019\" href=\"https:\/\/taiyo.fi\/wp-content\/uploads\/2019\/09\/Ehdokasilmoitus-2019.pdf\">Ehdokasilmoitus<\/a>\u00a0(Kandidatanm\u00e4lan \/ Nomination form)<br \/><a title=\"Vaaliliittosopimus 2019\" href=\"https:\/\/taiyo.fi\/wp-content\/uploads\/2019\/09\/Vaaliliittosopimus-2019.pdf\">Vaaliliittosopimus<\/a>\u00a0(Avtal om valf\u00f6rbund \/ Coalition agreement)<br \/><a title=\"Vaalirengassopimus 2019\" href=\"https:\/\/taiyo.fi\/wp-content\/uploads\/2019\/09\/Vaalirengassopimus-2019.pdf\">The alliance agreement<\/a>\u00a0(Avtal om valring \/ Alliance agreement)<br \/><a title=\"Vaalimainostusohjeet 2019\" href=\"https:\/\/taiyo.fi\/wp-content\/uploads\/2019\/09\/Vaalimainostusohjeet-2019.pdf\">Vaalimainostusohjeet<\/a><br \/><a href=\"https:\/\/taiyo.fi\/wp-content\/uploads\/2015\/01\/vaalijc3a4rjestys-241114.pdf\">TaiYo:n vaalij\u00e4rjestys<\/a><\/p>\r\n<p><strong>Edustajistovaalien tiedotteet<\/strong><br \/><a href=\"https:\/\/taiyo.fi\/en\/2019\/09\/12\/taiyon-edustajistovaalit-tulevat-lahde-sinakin-ehdolle-artsus-council-elections-are-coming-up-now-is-the-time-to-run-for-council\/\">Edustajistovaalit tulevat &#8211; l\u00e4hde sin\u00e4kin ehdolle!<\/a> (12.9.)<br \/><a href=\"https:\/\/taiyo.fi\/en\/2019\/09\/26\/tule-mukaan-auttamaan-taiyon-edustajistovaalien-toteuttamisessa-help-needed-with-the-organization-of-artsus-council-elections\/\">Tule mukaan auttamaan TaiYo:n edustajistovaalien toteuttamisessa<\/a> (26.9.)<br \/><a href=\"https:\/\/taiyo.fi\/en\/2019\/09\/30\/taiyon-vaalikiertue-tule-kysymaan-edustajistovaaleista-artsus-election-tour-come-and-ask-about-the-council-elections\/\">TaiYo:n vaalikiertue &#8211; tule kysym\u00e4\u00e4n edustajistovaaleista<\/a> (30.9.)<br \/><a href=\"https:\/\/taiyo.fi\/en\/2019\/10\/10\/edustajistovaalit-ilmoittaudu-aanestyspaikan-vaihtoon-tai-kirjevaaliin-17-10-klo-16-mennessa\/\">Ilmoittaudu \u00e4\u00e4nestyspaikan vaihtoon tai kirjevaaliin<\/a> (10.10.)<br \/><a href=\"https:\/\/taiyo.fi\/en\/2019\/10\/17\/taiyon-edustajistovaaleissa-23-ehdokasta-23-candidates-in-artsus-council-elections\/\">TaiYo:n edustajistovaaleissa 23 ehdokasta<\/a> (17.10.)<br \/><a href=\"https:\/\/taiyo.fi\/en\/2019\/10\/24\/vaalikone-on-nyt-auki-voting-aid-application-now-open\/\">Vaalikone on nyt auki &#8211; muista \u00e4\u00e4nest\u00e4\u00e4 TaiYo:n edustajistovaaleissa!<\/a>\u00a0(24.10.)<br \/><a href=\"https:\/\/taiyo.fi\/en\/2019\/10\/30\/taiyon-edustajistovaalien-aanestys-alkaa-muista-aanestaa-voting-begins-in-artsus-council-elections-dont-forget-to-vote\/\">TaiYo:n edustajistovaalien \u00e4\u00e4nestys alkaa &#8211; muista \u00e4\u00e4nest\u00e4\u00e4!<\/a> (30.10)<br \/><a href=\"https:\/\/taiyo.fi\/en\/2019\/11\/07\/taiyon-edustajistovaalien-tulos-on-selvilla-the-results-of-artsus-council-elections-are-ready\/\">TaiYo:n edustajistovaalien tulos on selvill\u00e4<\/a> (7.11.)<\/p>\r\n<h4>Edustajistosta lyhyesti<\/h4>\r\n<p>Edustajisto on tavallaan ylioppilaskunnan oma eduskunta. Edustajisto eli \u201dedari\u201d k\u00e4ytt\u00e4\u00e4 TaiYo:n ylint\u00e4 p\u00e4\u00e4t\u00f6svaltaa ja vet\u00e4\u00e4 linjat muun muassa siit\u00e4, mihin toiminnassa panostetaan, mit\u00e4 mielt\u00e4 ollaan asioista ja mihin rahaa k\u00e4ytet\u00e4\u00e4n. Konkreettisemmin edustajisto mm. p\u00e4\u00e4tt\u00e4\u00e4 ylioppilaskunnan j\u00e4senmaksusta ja s\u00e4\u00e4nn\u00f6ist\u00e4, hyv\u00e4ksyy talousarvion ja toimintasuunnitelman sek\u00e4 valitsee ylioppilaskunnan hallituksen, p\u00e4\u00e4sihteerin ja Taideyliopiston hallituksen opiskelijaj\u00e4senet.<\/p>\r\n<p>Edustajistossa toimiminen ei edellyt\u00e4 aiempaa kokemusta tai erityisi\u00e4 pohjatietoja, kiinnostus Taideyliopiston opiskelijoiden yhteisiin asioihin riitt\u00e4\u00e4 mainiosti. K\u00e4yt\u00e4nn\u00f6ss\u00e4 edustajistossa toimiminen tarkoittaa osallistumista n. 5 kertaa vuodessa j\u00e4rjestett\u00e4viin edustajiston kokouksiin, asioihin perehtymist\u00e4 ja ajatusty\u00f6t\u00e4 kokousten ymp\u00e4rill\u00e4 sek\u00e4 keskustelua ja virkistyst\u00e4 edustajistoporukan kesken. Edustajistolla on ensiluokkainen n\u00e4k\u00f6ala koko ylioppilaskunnan toimintaan, ja siell\u00e4 toimimalla oppii uusia asioita, saa erinomaista kokemusta yhteisten asioiden hoitamisesta ja tutustuu uusiin ihmisiin.<\/p>\r\n<p>&nbsp;<\/p>\r\n<h4>\u00a0<\/h4>\r\n\r\n<p class=\"wp-block-paragraph\">&nbsp;<\/p>","protected":false},"excerpt":{"rendered":"<p>Taideyliopiston ylioppilaskunnassa ylint\u00e4 p\u00e4\u00e4t\u00f6svaltaa k\u00e4ytt\u00e4\u00e4 edustajisto, joka valitaan vaaleilla kahdeksi vuodeksi kerrallaan. Vaaleissa saavat \u00e4\u00e4nest\u00e4\u00e4 ja asettua ehdolle kaikki ylioppilaskunnan j\u00e4senet eli [&hellip;]<\/p>\n","protected":false},"author":13,"featured_media":0,"parent":0,"menu_order":0,"comment_status":"closed","ping_status":"open","template":"","meta":{"_coblocks_attr":"","_coblocks_dimensions":"","_coblocks_responsive_height":"","_coblocks_accordion_ie_support":"","_crdt_document":"","advanced_seo_description":"","jetpack_seo_html_title":"","jetpack_seo_noindex":false,"footnotes":""},"class_list":["post-1342","page","type-page","status-publish","hentry"],"jetpack_sharing_enabled":true,"jetpack_shortlink":"https:\/\/wp.me\/P2w00X-lE","jetpack_likes_enabled":true,"amp_enabled":true,"_links":{"self":[{"href":"https:\/\/taiyo.fi\/en\/wp-json\/wp\/v2\/pages\/1342","targetHints":{"allow":["GET"]}}],"collection":[{"href":"https:\/\/taiyo.fi\/en\/wp-json\/wp\/v2\/pages"}],"about":[{"href":"https:\/\/taiyo.fi\/en\/wp-json\/wp\/v2\/types\/page"}],"author":[{"embeddable":true,"href":"https:\/\/taiyo.fi\/en\/wp-json\/wp\/v2\/users\/13"}],"replies":[{"embeddable":true,"href":"https:\/\/taiyo.fi\/en\/wp-json\/wp\/v2\/comments?post=1342"}],"version-history":[{"count":54,"href":"https:\/\/taiyo.fi\/en\/wp-json\/wp\/v2\/pages\/1342\/revisions"}],"predecessor-version":[{"id":12726,"href":"https:\/\/taiyo.fi\/en\/wp-json\/wp\/v2\/pages\/1342\/revisions\/12726"}],"wp:attachment":[{"href":"https:\/\/taiyo.fi\/en\/wp-json\/wp\/v2\/media?parent=1342"}],"curies":[{"name":"wp","href":"https:\/\/api.w.org\/{rel}","templated":true}]}}