{"id":12086,"date":"2023-03-01T17:02:31","date_gmt":"2023-03-01T15:02:31","guid":{"rendered":"https:\/\/taiyo.fi\/?page_id=12086"},"modified":"2026-04-07T13:51:49","modified_gmt":"2026-04-07T11:51:49","slug":"tuutorointi","status":"publish","type":"page","link":"https:\/\/taiyo.fi\/en\/tuutorointi\/","title":{"rendered":"Tutoring"},"content":{"rendered":"<h1 class=\"title-post entry-title\">Hae opiskelijatuutoriksi | Bli studenttutor | Apply to become a Student Tutor<\/h1>\r\n<p><a href=\"https:\/\/i0.wp.com\/taiyo.fi\/wp-content\/uploads\/2024\/03\/artikkelikuva-4.png?ssl=1\"><img data-recalc-dims=\"1\" loading=\"lazy\" decoding=\"async\" data-attachment-id=\"13372\" data-permalink=\"https:\/\/taiyo.fi\/en\/tuutorointi\/artikkelikuva-4\/\" data-orig-file=\"https:\/\/i0.wp.com\/taiyo.fi\/wp-content\/uploads\/2024\/03\/artikkelikuva-4.png?fit=1640%2C924&amp;ssl=1\" data-orig-size=\"1640,924\" data-comments-opened=\"0\" data-image-meta=\"{&quot;aperture&quot;:&quot;0&quot;,&quot;credit&quot;:&quot;&quot;,&quot;camera&quot;:&quot;&quot;,&quot;caption&quot;:&quot;&quot;,&quot;created_timestamp&quot;:&quot;0&quot;,&quot;copyright&quot;:&quot;&quot;,&quot;focal_length&quot;:&quot;0&quot;,&quot;iso&quot;:&quot;0&quot;,&quot;shutter_speed&quot;:&quot;0&quot;,&quot;title&quot;:&quot;&quot;,&quot;orientation&quot;:&quot;0&quot;}\" data-image-title=\"artikkelikuva (4)\" data-image-description=\"\" data-image-caption=\"\" data-large-file=\"https:\/\/i0.wp.com\/taiyo.fi\/wp-content\/uploads\/2024\/03\/artikkelikuva-4.png?fit=700%2C394&amp;ssl=1\" class=\"wp-image-13372 aligncenter\" src=\"https:\/\/i0.wp.com\/taiyo.fi\/wp-content\/uploads\/2024\/03\/artikkelikuva-4.png?resize=636%2C359&#038;ssl=1\" alt=\"\" width=\"636\" height=\"359\" srcset=\"https:\/\/i0.wp.com\/taiyo.fi\/wp-content\/uploads\/2024\/03\/artikkelikuva-4.png?resize=700%2C394&amp;ssl=1 700w, https:\/\/i0.wp.com\/taiyo.fi\/wp-content\/uploads\/2024\/03\/artikkelikuva-4.png?resize=300%2C169&amp;ssl=1 300w, https:\/\/i0.wp.com\/taiyo.fi\/wp-content\/uploads\/2024\/03\/artikkelikuva-4.png?resize=768%2C433&amp;ssl=1 768w, https:\/\/i0.wp.com\/taiyo.fi\/wp-content\/uploads\/2024\/03\/artikkelikuva-4.png?resize=1536%2C865&amp;ssl=1 1536w, https:\/\/i0.wp.com\/taiyo.fi\/wp-content\/uploads\/2024\/03\/artikkelikuva-4.png?resize=18%2C10&amp;ssl=1 18w, https:\/\/i0.wp.com\/taiyo.fi\/wp-content\/uploads\/2024\/03\/artikkelikuva-4.png?resize=1200%2C676&amp;ssl=1 1200w, https:\/\/i0.wp.com\/taiyo.fi\/wp-content\/uploads\/2024\/03\/artikkelikuva-4.png?resize=1000%2C563&amp;ssl=1 1000w, https:\/\/i0.wp.com\/taiyo.fi\/wp-content\/uploads\/2024\/03\/artikkelikuva-4.png?resize=230%2C130&amp;ssl=1 230w, https:\/\/i0.wp.com\/taiyo.fi\/wp-content\/uploads\/2024\/03\/artikkelikuva-4.png?resize=350%2C197&amp;ssl=1 350w, https:\/\/i0.wp.com\/taiyo.fi\/wp-content\/uploads\/2024\/03\/artikkelikuva-4.png?resize=480%2C270&amp;ssl=1 480w, https:\/\/i0.wp.com\/taiyo.fi\/wp-content\/uploads\/2024\/03\/artikkelikuva-4.png?w=1640&amp;ssl=1 1640w\" sizes=\"auto, (max-width: 636px) 100vw, 636px\" \/><\/a><\/p>\r\n<p>The additional application round for Uniarts tutors is now open!  If you missed the main application period, this is your chance. The tutor fee is \u20ac200. <strong>The additional application round is open from 2 April to 16 April. <\/strong>If you have already submitted an application, I will be in touch with you soon.<\/p>\r\n<p>Tutors are being recruited for the following study programmes:<\/p>\r\n<ul>\r\n<li>Acting Programme, Teak<\/li>\r\n<li>Utbildningprogrammet i sk\u00e5despelarkonst, Teak<\/li>\r\n<li>Master\u2019s Programme in Theatre Pedagogy, Teak<\/li>\r\n<li>Master\u2019s Programme in Dance Pedagogy, Teak<\/li>\r\n<li>Master\u2019s Studies in Directing, Teak<\/li>\r\n<li>Lighting Design Programme, Teak<\/li>\r\n<li>Dance Performance Programme, Teak<\/li>\r\n<li>Musical Theatre Programme, Teak<\/li>\r\n<li>Bachelor\u2019s in Fine Arts, KuvA<\/li>\r\n<li>Bachelor\u2019s in History and Theory of Contemporary Art, KuvA<\/li>\r\n<li>Exchange Tutor, KuvA<\/li>\r\n<li>Praxis Master\u2019s Tutor (Praxis or other MA students may apply), KuvA<br \/><br \/><\/li>\r\n<li>Arts Management, Society and Creative Entrepreneurship, SibA<\/li>\r\n<li>Jazz Music and Nordic Master in Jazz, SibA<\/li>\r\n<li>Folk Music, SibA<\/li>\r\n<li>Church Music, SibA, Helsinki<\/li>\r\n<li>Church Music, SibA, Kuopio<\/li>\r\n<li>Music Education (possibly one more position, not confirmed), SibA<\/li>\r\n<li>Strings Department, SibA<\/li>\r\n<li>Woodwinds, Percussion and Harp, SibA<\/li>\r\n<li>Early music, SibA<\/li>\r\n<li>Vocal Studies, SibA<\/li>\r\n<li>Exchange Students, SibA<\/li>\r\n<\/ul>\r\n<p>As you can see, there are still many tutor positions available! You can access the application form here: <a href=\"https:\/\/forms.gle\/rbmsLQH7a6zNJ6Dw6\">https:\/\/forms.gle\/rbmsLQH7a6zNJ6Dw6<\/a>For more information, please contact tutor coordinator Emilia Hellsten (<a href=\"mailto:emilia.hellsten@uniarts.fi\">emilia.hellsten@uniarts.fi<\/a>).<\/p>\r\n<p>&nbsp;<\/p>\r\n<p><em>To recap:<\/em><\/p>\r\n<p>As a tutor you will receive:<\/p>\r\n<ul>\r\n<li>200 euro gratuity<\/li>\r\n<li>2 ECTS credits if you are working as a tutor for the first time<\/li>\r\n<\/ul>\r\n<p>Important dates for future tutors (You can still apply even if you cannot attend all events):<\/p>\r\n<ul>\r\n<li>Wed 13 May: training at the Music Centre<\/li>\r\n<li>Fri\u2013Sat 15\u201316 May: Tutor training at Kallio-Kuninkala<\/li>\r\n<li>17 August: Orientation week begins, first joint Uniarts orientation day and meeting with your own group of new students<\/li>\r\n<li>14 September: second joint Uniarts orientation day<\/li>\r\n<\/ul>\r\n<h3><span style=\"font-weight: 400;\">You can apply to become a tutor through the application form <a href=\"https:\/\/forms.gle\/rbmsLQH7a6zNJ6Dw6\">https:\/\/forms.gle\/rbmsLQH7a6zNJ6Dw6<\/a>\u00a0<\/span><span style=\"font-weight: 400;\">by <\/span><b>16.4. klo 23.59 menness\u00e4<\/b><span style=\"font-weight: 400;\">For more information, please contact tutor coordinator Emilia Hellsten (<\/span><a href=\"mailto:emilia.hellsten@uniarts.fi\"><span style=\"font-weight: 400;\">emilia.hellsten@uniarts.fi<\/span><\/a><span style=\"font-weight: 400;\">).<\/span><\/h3>\r\n<p><br \/><b>Privacy Policy:<\/b><span style=\"font-weight: 400;\"> The information on the form will only be used for purposes related to the selection of tutors and will be deleted without undue delay after the selection. However, the contact information of candidates selected as tutors will be stored for communication purposes for the duration of the task.<\/span><\/p>","protected":false},"excerpt":{"rendered":"<p>Hae opiskelijatuutoriksi | Bli studenttutor | Apply to become a Student Tutor Taideyliopiston tuutorien lis\u00e4haku on nyt k\u00e4ynniss\u00e4! Jos varsinainen hakuaika meni [&hellip;]<\/p>\n","protected":false},"author":13,"featured_media":16065,"parent":0,"menu_order":0,"comment_status":"closed","ping_status":"closed","template":"","meta":{"_coblocks_attr":"","_coblocks_dimensions":"","_coblocks_responsive_height":"","_coblocks_accordion_ie_support":"","_crdt_document":"","advanced_seo_description":"","jetpack_seo_html_title":"","jetpack_seo_noindex":false,"footnotes":""},"class_list":["post-12086","page","type-page","status-publish","has-post-thumbnail","hentry"],"jetpack_sharing_enabled":true,"jetpack_shortlink":"https:\/\/wp.me\/P2w00X-38W","jetpack_likes_enabled":true,"amp_enabled":true,"_links":{"self":[{"href":"https:\/\/taiyo.fi\/en\/wp-json\/wp\/v2\/pages\/12086","targetHints":{"allow":["GET"]}}],"collection":[{"href":"https:\/\/taiyo.fi\/en\/wp-json\/wp\/v2\/pages"}],"about":[{"href":"https:\/\/taiyo.fi\/en\/wp-json\/wp\/v2\/types\/page"}],"author":[{"embeddable":true,"href":"https:\/\/taiyo.fi\/en\/wp-json\/wp\/v2\/users\/13"}],"replies":[{"embeddable":true,"href":"https:\/\/taiyo.fi\/en\/wp-json\/wp\/v2\/comments?post=12086"}],"version-history":[{"count":24,"href":"https:\/\/taiyo.fi\/en\/wp-json\/wp\/v2\/pages\/12086\/revisions"}],"predecessor-version":[{"id":16214,"href":"https:\/\/taiyo.fi\/en\/wp-json\/wp\/v2\/pages\/12086\/revisions\/16214"}],"wp:featuredmedia":[{"embeddable":true,"href":"https:\/\/taiyo.fi\/en\/wp-json\/wp\/v2\/media\/16065"}],"wp:attachment":[{"href":"https:\/\/taiyo.fi\/en\/wp-json\/wp\/v2\/media?parent=12086"}],"curies":[{"name":"wp","href":"https:\/\/api.w.org\/{rel}","templated":true}]}}