{"id":12011,"date":"2023-01-24T16:01:42","date_gmt":"2023-01-24T14:01:42","guid":{"rendered":"https:\/\/taiyo.fi\/?page_id=12011"},"modified":"2023-01-24T16:01:42","modified_gmt":"2023-01-24T14:01:42","slug":"arkisto-2022","status":"publish","type":"page","link":"https:\/\/taiyo.fi\/en\/ylioppilaskunta\/ilmoitustaulu\/arkisto-2022\/","title":{"rendered":"Arkisto 2022"},"content":{"rendered":"<p><strong>Edustajiston kokouskutsut 2022<br \/>\n<\/strong><\/p>\n<p><a href=\"https:\/\/taiyo.fi\/wp-content\/uploads\/2022\/03\/Edustajiston-kokouskutsu-ja-esityslista-1-2022.pdf\">Edustajiston kokouskutsu 1 \/ 2022<\/a><br \/>\n<a href=\"https:\/\/taiyo.fi\/wp-content\/uploads\/2022\/03\/Edustajiston-kokouskutsu-2-2022.pdf\">Edustajiston kokouskutsu 2 \/ 2022<\/a><br \/>\n<a href=\"https:\/\/taiyo.fi\/wp-content\/uploads\/2022\/05\/Edustajiston-kokouskutsu-3-2022.pdf\">Edustajiston kokouskutsu 3 \/ 2022<\/a><br \/>\n<a href=\"https:\/\/taiyo.fi\/wp-content\/uploads\/2022\/09\/Edustajiston-kokouskutsu-ja-esityslista-4-2022.pdf\">Edustajiston kokouskutsu 4 \/ 2022<\/a><br \/>\n<a href=\"https:\/\/taiyo.fi\/wp-content\/uploads\/2022\/10\/Edustajiston-kokouskutsu-ja-esityslista-5-2022.pdf\">Edustajiston kokouskutsu 5 \/ 2022<\/a><br \/>\n<a href=\"https:\/\/taiyo.fi\/wp-content\/uploads\/2022\/11\/Edustajiston-kokouskutsu-ja-esityslista-6-2022.pdf\">Edustajiston kokouskutsu 6 \/ 2022<\/a><\/p>\n<p><strong>Edustajiston p\u00e4\u00e4t\u00f6sluettelot 2022<br \/>\n<\/strong><\/p>\n<p><a href=\"https:\/\/taiyo.fi\/wp-content\/uploads\/2022\/03\/Edustajiston-paatosluettelo-1-2022.pdf\">Edustajiston p\u00e4\u00e4t\u00f6sluettelo 1 \/ 2022<\/a><br \/>\n<a href=\"https:\/\/taiyo.fi\/wp-content\/uploads\/2022\/04\/Edustajiston-paatosluettelo-2-2022.pdf\">Edustajiston p\u00e4\u00e4t\u00f6sluettelo 2 \/ 2022<\/a><br \/>\n<a href=\"https:\/\/taiyo.fi\/wp-content\/uploads\/2022\/05\/Edustajiston-paatosluettelo-3-2022.pdf\">Edustajiston p\u00e4\u00e4t\u00f6sluettelo 3 \/ 2022<\/a><br \/>\n<a href=\"https:\/\/taiyo.fi\/wp-content\/uploads\/2022\/09\/Edustajiston-paatosluettelo-4-2022.pdf\">Edustajiston p\u00e4\u00e4t\u00f6sluettelo 4 \/ 2022<\/a><br \/>\n<a href=\"https:\/\/taiyo.fi\/wp-content\/uploads\/2022\/11\/Edustajiston-paatosluettelo-5-2022.pdf\">Edustajiston p\u00e4\u00e4t\u00f6sluettelo 5 \/ 2022<\/a><br \/>\n<a href=\"https:\/\/taiyo.fi\/wp-content\/uploads\/2022\/11\/Edustajiston-paatosluettelo-6-2022.pdf\">Edustajiston p\u00e4\u00e4t\u00f6sluettelo 6 \/ 2022<\/a><br \/>\n<a href=\"https:\/\/taiyo.fi\/wp-content\/uploads\/2023\/01\/Edustajiston-paatosluettelo-7-2022.pdf\">Edustajiston p\u00e4\u00e4t\u00f6sluettelo 7 \/ 2022<\/a><\/p>\n<p><strong>Hallituksen p\u00e4\u00e4t\u00f6sluettelot 2022<br \/>\n<\/strong><\/p>\n<p><a href=\"https:\/\/taiyo.fi\/wp-content\/uploads\/2022\/01\/Hallituksen-paatosluettelo-1-2022.pdf\">Hallituksen p\u00e4\u00e4t\u00f6sluettelo 1 \/ 2022<\/a><br \/>\n<a href=\"https:\/\/taiyo.fi\/wp-content\/uploads\/2022\/02\/Hallituksen-paatosluettelo-2-2022.pdf\">Hallituksen p\u00e4\u00e4t\u00f6sluettelo 2 \/ 2022<\/a><br \/>\n<a href=\"https:\/\/taiyo.fi\/wp-content\/uploads\/2022\/02\/Hallituksen-paatosluettelo-3-2022.pdf\">Hallituksen p\u00e4\u00e4t\u00f6sluettelo 3 \/ 2022<\/a><br \/>\n<a href=\"https:\/\/taiyo.fi\/wp-content\/uploads\/2022\/02\/Hallituksen-paatosluettelo-4-2022.pdf\">Hallituksen p\u00e4\u00e4t\u00f6sluettelo 4 \/ 2022<\/a><br \/>\n<a href=\"https:\/\/taiyo.fi\/wp-content\/uploads\/2022\/03\/Hallituksen-paatosluettelo-5-2022.pdf\">Hallituksen p\u00e4\u00e4t\u00f6sluettelo 5 \/ 2022<\/a><br \/>\n<a href=\"https:\/\/taiyo.fi\/wp-content\/uploads\/2022\/03\/Hallituksen-paatosluettelo-6-2022.pdf\">Hallituksen p\u00e4\u00e4t\u00f6sluettelo 6 \/ 2022<\/a><br \/>\n<a href=\"https:\/\/taiyo.fi\/wp-content\/uploads\/2022\/03\/Hallituksen-paatosluettelo-7-2022.pdf\">Hallituksen p\u00e4\u00e4t\u00f6sluettelo 7 \/ 2022<\/a><br \/>\n<a href=\"https:\/\/taiyo.fi\/wp-content\/uploads\/2022\/03\/Hallituksen-paatosluettelo-8-2022.pdf\">Hallituksen p\u00e4\u00e4t\u00f6sluettelo 8 \/ 2022<\/a><br \/>\n<a href=\"https:\/\/taiyo.fi\/wp-content\/uploads\/2022\/04\/Hallituksen-paatosluettelo-9-2022.pdf\">Hallituksen p\u00e4\u00e4t\u00f6sluettelo 9 \/ 2022<\/a><br \/>\n<a href=\"https:\/\/taiyo.fi\/wp-content\/uploads\/2022\/04\/Hallituksen-paatosluettelo-10-2022.pdf\">Hallituksen p\u00e4\u00e4t\u00f6sluettelo 10 \/ 2022<\/a><br \/>\n<a href=\"https:\/\/taiyo.fi\/wp-content\/uploads\/2022\/05\/Hallituksen-paatosluettelo-11-2022.pdf\">Hallituksen p\u00e4\u00e4t\u00f6sluettelo 11 \/ 2022<\/a><br \/>\n<a href=\"https:\/\/taiyo.fi\/wp-content\/uploads\/2022\/05\/Hallituksen-paatosluettelo-12-2022.pdf\">Hallituksen p\u00e4\u00e4t\u00f6sluettelo 12 \/ 2022<\/a><br \/>\n<a href=\"https:\/\/taiyo.fi\/wp-content\/uploads\/2022\/06\/Hallituksen-paatosluettelo-13-2022.pdf\">Hallituksen p\u00e4\u00e4t\u00f6sluettelo 13 \/ 2022<\/a><br \/>\n<a href=\"https:\/\/taiyo.fi\/wp-content\/uploads\/2022\/06\/Hallituksen-paatosluettelo-14-2022.pdf\">Hallituksen p\u00e4\u00e4t\u00f6sluettelo 14 \/ 2022<\/a><br \/>\n<a href=\"https:\/\/taiyo.fi\/wp-content\/uploads\/2022\/08\/Hallituksen-paatosluettelo-15-2022.pdf\">Hallituksen p\u00e4\u00e4t\u00f6sluettelo 15 \/ 2022<\/a><br \/>\n<a href=\"https:\/\/taiyo.fi\/wp-content\/uploads\/2022\/08\/Hallituksen-paatosluettelo-16-2022.pdf\">Hallituksen p\u00e4\u00e4t\u00f6sluettelo 16 \/ 2022<\/a><br \/>\n<a href=\"https:\/\/taiyo.fi\/wp-content\/uploads\/2022\/09\/Hallituksen-paatosluettelo-17-2022.pdf\">Hallituksen p\u00e4\u00e4t\u00f6sluettelo 17 \/ 2022<\/a><br \/>\n<a href=\"https:\/\/taiyo.fi\/wp-content\/uploads\/2022\/09\/Hallituksen-paatosluettelo-18-2022.pdf\">Hallituksen p\u00e4\u00e4t\u00f6sluettelo 18 \/ 2022<\/a><br \/>\n<a href=\"https:\/\/taiyo.fi\/wp-content\/uploads\/2022\/09\/Hallituksen-paatosluettelo-19-2022.pdf\">Hallituksen p\u00e4\u00e4t\u00f6sluettelo 19 \/ 2022<\/a><br \/>\n<a href=\"https:\/\/taiyo.fi\/wp-content\/uploads\/2022\/09\/Hallituksen-paatosluettelo-20-2022.pdf\">Hallituksen p\u00e4\u00e4t\u00f6sluettelo 20 \/ 2022<\/a><br \/>\n<a href=\"https:\/\/taiyo.fi\/wp-content\/uploads\/2022\/10\/Hallituksen-paatosluettelo-21-2022.pdf\">Hallituksen p\u00e4\u00e4t\u00f6sluettelo 21 \/ 2022<\/a><br \/>\n<a href=\"https:\/\/taiyo.fi\/wp-content\/uploads\/2022\/10\/Hallituksen-paatosluettelo-22-2022.pdf\">Hallituksen p\u00e4\u00e4t\u00f6sluettelo 22 \/ 2022<\/a><br \/>\n<a href=\"https:\/\/taiyo.fi\/wp-content\/uploads\/2022\/10\/Hallituksen-paatosluettelo-23-2022.pdf\">Hallituksen p\u00e4\u00e4t\u00f6sluettelo 23 \/ 2022<\/a><br \/>\n<a href=\"https:\/\/taiyo.fi\/wp-content\/uploads\/2022\/10\/Hallituksen-paatosluettelo-24-2022.pdf\">Hallituksen p\u00e4\u00e4t\u00f6sluettelo 24 \/ 2022<\/a><br \/>\n<a href=\"https:\/\/taiyo.fi\/wp-content\/uploads\/2022\/10\/Hallituksen-paatosluettelo-25-2022.pdf\">Hallituksen p\u00e4\u00e4t\u00f6sluettelo 25 \/ 2022<\/a><br \/>\n<a href=\"https:\/\/taiyo.fi\/wp-content\/uploads\/2022\/11\/Hallituksen-paatosluettelo-26-2022.pdf\">Hallituksen p\u00e4\u00e4t\u00f6sluettelo 26 \/ 2022<\/a><br \/>\n<a href=\"https:\/\/taiyo.fi\/wp-content\/uploads\/2022\/11\/Hallituksen-paatosluettelo-27-2022.pdf\">Hallituksen p\u00e4\u00e4t\u00f6sluettelo 27 \/ 2022<\/a><br \/>\n<a href=\"https:\/\/taiyo.fi\/wp-content\/uploads\/2022\/11\/Hallituksen-paatosluettelo-28-2022.pdf\">Hallituksen p\u00e4\u00e4t\u00f6sluettelo 28 \/ 2022<\/a><br \/>\n<a href=\"https:\/\/taiyo.fi\/wp-content\/uploads\/2022\/11\/Hallituksen-paatosluettelo-29-2022.pdf\">Hallituksen p\u00e4\u00e4t\u00f6sluettelo 29 \/ 2022<\/a><br \/>\n<a href=\"https:\/\/taiyo.fi\/wp-content\/uploads\/2022\/12\/Hallituksen-paatosluettelo-30-2022.pdf\">Hallituksen p\u00e4\u00e4t\u00f6sluettelo 30 \/ 2022<\/a><br \/>\n<a href=\"https:\/\/taiyo.fi\/wp-content\/uploads\/2023\/01\/Hallituksen-paatosluettelo-31-2022.pdf\">Hallituksen p\u00e4\u00e4t\u00f6sluettelo 31 \/ 2022<\/a><br \/>\n<a href=\"https:\/\/taiyo.fi\/wp-content\/uploads\/2023\/01\/Hallituksen-paatosluettelo-32-2022.pdf\">Hallituksen p\u00e4\u00e4t\u00f6sluettelo 32 \/ 2022<\/a><\/p>\n<p>&nbsp;<\/p>\n<p><strong>Muuta<\/strong><\/p>\n<p><a href=\"https:\/\/taiyo.fi\/wp-content\/uploads\/2022\/03\/Avustukset-kevat-2022-paatos.pdf\">TaiYo:n avustukset, kev\u00e4t 2022, p\u00e4\u00e4t\u00f6s<\/a><br \/>\n<a href=\"https:\/\/taiyo.fi\/wp-content\/uploads\/2022\/10\/Avustukset-syksy-2022-paatos.pdf\">TaiYo:n avustukset, syksy 2022, p\u00e4\u00e4t\u00f6s<\/a><\/p>\n<h4><\/h4>","protected":false},"excerpt":{"rendered":"<p>Edustajiston kokouskutsut 2022 Edustajiston kokouskutsu 1 \/ 2022 Edustajiston kokouskutsu 2 \/ 2022 Edustajiston kokouskutsu 3 \/ 2022 Edustajiston kokouskutsu 4 \/ [&hellip;]<\/p>\n","protected":false},"author":13,"featured_media":0,"parent":2,"menu_order":0,"comment_status":"closed","ping_status":"closed","template":"","meta":{"_coblocks_attr":"","_coblocks_dimensions":"","_coblocks_responsive_height":"","_coblocks_accordion_ie_support":"","_crdt_document":"","advanced_seo_description":"","jetpack_seo_html_title":"","jetpack_seo_noindex":false,"footnotes":""},"class_list":["post-12011","page","type-page","status-publish","hentry"],"jetpack_sharing_enabled":true,"jetpack_shortlink":"https:\/\/wp.me\/P2w00X-37J","jetpack_likes_enabled":true,"amp_enabled":true,"_links":{"self":[{"href":"https:\/\/taiyo.fi\/en\/wp-json\/wp\/v2\/pages\/12011","targetHints":{"allow":["GET"]}}],"collection":[{"href":"https:\/\/taiyo.fi\/en\/wp-json\/wp\/v2\/pages"}],"about":[{"href":"https:\/\/taiyo.fi\/en\/wp-json\/wp\/v2\/types\/page"}],"author":[{"embeddable":true,"href":"https:\/\/taiyo.fi\/en\/wp-json\/wp\/v2\/users\/13"}],"replies":[{"embeddable":true,"href":"https:\/\/taiyo.fi\/en\/wp-json\/wp\/v2\/comments?post=12011"}],"version-history":[{"count":1,"href":"https:\/\/taiyo.fi\/en\/wp-json\/wp\/v2\/pages\/12011\/revisions"}],"predecessor-version":[{"id":12012,"href":"https:\/\/taiyo.fi\/en\/wp-json\/wp\/v2\/pages\/12011\/revisions\/12012"}],"up":[{"embeddable":true,"href":"https:\/\/taiyo.fi\/en\/wp-json\/wp\/v2\/pages\/2"}],"wp:attachment":[{"href":"https:\/\/taiyo.fi\/en\/wp-json\/wp\/v2\/media?parent=12011"}],"curies":[{"name":"wp","href":"https:\/\/api.w.org\/{rel}","templated":true}]}}