{"id":11221,"date":"2022-06-21T11:53:59","date_gmt":"2022-06-21T09:53:59","guid":{"rendered":"https:\/\/taiyo.fi\/?page_id=11221"},"modified":"2025-05-27T21:48:53","modified_gmt":"2025-05-27T19:48:53","slug":"opintoihin-ja-taideyliopistoon-vaikuttaminen","status":"publish","type":"page","link":"https:\/\/taiyo.fi\/en\/opintoihin-ja-taideyliopistoon-vaikuttaminen\/","title":{"rendered":"Advocacy work in your studies and at the University of the Arts"},"content":{"rendered":"<p class=\"wp-block-paragraph\"><a href=\"https:\/\/i0.wp.com\/taiyo.fi\/wp-content\/uploads\/2025\/05\/KALLIOKUNINKALA_prehdytys_karoliinakorvuo_20250110_WEB-09.jpg?ssl=1\"><img data-recalc-dims=\"1\" loading=\"lazy\" decoding=\"async\" data-attachment-id=\"14989\" data-permalink=\"https:\/\/taiyo.fi\/en\/opintoihin-ja-taideyliopistoon-vaikuttaminen\/kalliokuninkala_prehdytys_karoliinakorvuo_20250110_web-09\/\" data-orig-file=\"https:\/\/i0.wp.com\/taiyo.fi\/wp-content\/uploads\/2025\/05\/KALLIOKUNINKALA_prehdytys_karoliinakorvuo_20250110_WEB-09.jpg?fit=1080%2C720&amp;ssl=1\" data-orig-size=\"1080,720\" data-comments-opened=\"0\" data-image-meta=\"{&quot;aperture&quot;:&quot;5&quot;,&quot;credit&quot;:&quot;&quot;,&quot;camera&quot;:&quot;X-T4&quot;,&quot;caption&quot;:&quot;&quot;,&quot;created_timestamp&quot;:&quot;1736496136&quot;,&quot;copyright&quot;:&quot;&quot;,&quot;focal_length&quot;:&quot;55&quot;,&quot;iso&quot;:&quot;3200&quot;,&quot;shutter_speed&quot;:&quot;0.016666666666667&quot;,&quot;title&quot;:&quot;&quot;,&quot;orientation&quot;:&quot;0&quot;}\" data-image-title=\"KALLIOKUNINKALA_prehdytys_karoliinakorvuo_20250110_WEB-09\" data-image-description=\"\" data-image-caption=\"\" data-large-file=\"https:\/\/i0.wp.com\/taiyo.fi\/wp-content\/uploads\/2025\/05\/KALLIOKUNINKALA_prehdytys_karoliinakorvuo_20250110_WEB-09.jpg?fit=700%2C467&amp;ssl=1\" class=\"alignnone size-large wp-image-14989\" src=\"https:\/\/i0.wp.com\/taiyo.fi\/wp-content\/uploads\/2025\/05\/KALLIOKUNINKALA_prehdytys_karoliinakorvuo_20250110_WEB-09.jpg?resize=700%2C467&#038;ssl=1\" alt=\"\" width=\"700\" height=\"467\" srcset=\"https:\/\/i0.wp.com\/taiyo.fi\/wp-content\/uploads\/2025\/05\/KALLIOKUNINKALA_prehdytys_karoliinakorvuo_20250110_WEB-09.jpg?resize=700%2C467&amp;ssl=1 700w, https:\/\/i0.wp.com\/taiyo.fi\/wp-content\/uploads\/2025\/05\/KALLIOKUNINKALA_prehdytys_karoliinakorvuo_20250110_WEB-09.jpg?resize=300%2C200&amp;ssl=1 300w, https:\/\/i0.wp.com\/taiyo.fi\/wp-content\/uploads\/2025\/05\/KALLIOKUNINKALA_prehdytys_karoliinakorvuo_20250110_WEB-09.jpg?resize=768%2C512&amp;ssl=1 768w, https:\/\/i0.wp.com\/taiyo.fi\/wp-content\/uploads\/2025\/05\/KALLIOKUNINKALA_prehdytys_karoliinakorvuo_20250110_WEB-09.jpg?resize=18%2C12&amp;ssl=1 18w, https:\/\/i0.wp.com\/taiyo.fi\/wp-content\/uploads\/2025\/05\/KALLIOKUNINKALA_prehdytys_karoliinakorvuo_20250110_WEB-09.jpg?resize=1000%2C667&amp;ssl=1 1000w, https:\/\/i0.wp.com\/taiyo.fi\/wp-content\/uploads\/2025\/05\/KALLIOKUNINKALA_prehdytys_karoliinakorvuo_20250110_WEB-09.jpg?resize=230%2C153&amp;ssl=1 230w, https:\/\/i0.wp.com\/taiyo.fi\/wp-content\/uploads\/2025\/05\/KALLIOKUNINKALA_prehdytys_karoliinakorvuo_20250110_WEB-09.jpg?resize=350%2C233&amp;ssl=1 350w, https:\/\/i0.wp.com\/taiyo.fi\/wp-content\/uploads\/2025\/05\/KALLIOKUNINKALA_prehdytys_karoliinakorvuo_20250110_WEB-09.jpg?resize=480%2C320&amp;ssl=1 480w, https:\/\/i0.wp.com\/taiyo.fi\/wp-content\/uploads\/2025\/05\/KALLIOKUNINKALA_prehdytys_karoliinakorvuo_20250110_WEB-09.jpg?w=1080&amp;ssl=1 1080w\" sizes=\"auto, (max-width: 700px) 100vw, 700px\" \/><\/a><\/p>\r\n<p>The university is an academic and artistic community and students are equal members of this community, as is teachers, professors and the administration. This means that students have power and possibilities to have an impact on their own studies and that the university administration, teachers and other personnel are interested in the student's opinion.<\/p>\r\n\r\n\r\n\r\n<ul class=\"wp-block-list\">\r\n<li><strong>Apply to become a student representative<\/strong>. Yliopiston asioista p\u00e4\u00e4tet\u00e4\u00e4n erilaisissa virallisissa toimielimiss\u00e4, joita ovat esimerkiksi yliopistokollegio, akatemioiden johtokunnat ja erilaiset ty\u00f6ryhm\u00e4t. Kaikissa n\u00e4iss\u00e4 on opiskelijaedustus, ja opiskelijaedustajat valitsee ylioppilaskunta. Tietoa avoinna olevista opiskelijaedustajan paikoista saat viikottain s\u00e4hk\u00f6postiisi tulevasta viikkotiedotteesta sek\u00e4 ylioppilaskunnan nettisivuilta kohdasta <a href=\"https:\/\/taiyo.fi\/en\/avoimet-luottamuspaikat\/\">avoimet luottamuspaikat (linkki)<\/a>.<\/li>\r\n<li><strong>Recruiting groups<\/strong> on niin ik\u00e4\u00e4n opiskelijaedustaja. T\u00e4m\u00e4 tarkoittaa sit\u00e4, ett\u00e4 kun Taideyliopistoon rekrytoidaan uusia lehtoreita tai professoreita, on opiskelija mukana tekem\u00e4ss\u00e4 p\u00e4\u00e4t\u00f6st\u00e4 hakijoista. Tiedot avoinna olevista paikoista rekrytointiryhmiss\u00e4 l\u00f6ytyv\u00e4t yhdess\u00e4 muiden opiskelijaedustajien paikkojen kanssa ylioppilaskunnan viikkotiedotteesta ja <a href=\"https:\/\/taiyo.fi\/en\/avoimet-luottamuspaikat\/\">nettisivuilta (linkki)<\/a>.<\/li>\r\n<li><strong>Student union<\/strong> <strong>is for you<\/strong>. Yksi ylioppilaskunnan lakis\u00e4\u00e4teisist\u00e4 teht\u00e4vist\u00e4 on edunvalvonta eli opiskelijoiden n\u00e4k\u00f6kulman pit\u00e4minen esill\u00e4 yliopiston p\u00e4\u00e4t\u00f6ksenteossa ja yhteiskunnassa laajemminkin. Ylioppilaskunta tapaa s\u00e4\u00e4nn\u00f6llisesti yliopiston ja akatemioiden johtoa ja ottaa kantaa erilaisiin ajankohtaisiin kysymyksiin, joten ota rohkeasti yhteytt\u00e4 TaiYo:n hallitukseen, edustajistoon tai ty\u00f6ntekij\u00f6ihin, jos sinulla on kysytt\u00e4v\u00e4\u00e4 tai vaikka n\u00e4kemys siit\u00e4, mit\u00e4 jollekin ep\u00e4kohdalle yliopistossamme pit\u00e4isi tehd\u00e4. TaiYo:n yhteystiedot l\u00f6yd\u00e4t <a href=\"http:\/\/taiyo.fi\/en\/ylioppilaskunta\/yhteystiedot\/\">here (link)<\/a> ja lis\u00e4tietoa ylioppilaskunnan toiminnasta l\u00f6yd\u00e4t <a href=\"http:\/\/taiyo.fi\/en\/ylioppilaskunta\/\">here (link)<\/a>.<\/li>\r\n<li><strong>Be in direct contact<\/strong> jonkin toimielimen opiskelijaedustajaan tai yliopiston hallintoon! Opintoihin ja opiskeluun liittyvist\u00e4 asioista p\u00e4\u00e4tet\u00e4\u00e4n eri paikoissa Taideyliopistotasolla, eri akatemioissa tai koulutusohjelmittain\/aineryhmitt\u00e4in, ja ylioppilaskunta auttaa mielell\u00e4\u00e4n, jos et tied\u00e4, miss\u00e4 esimerkiksi jokin p\u00e4\u00e4t\u00f6s on tehty. Tiedot yliopistokollegion, yliopiston hallituksen ja akatemioiden johtokuntien opiskelijaedustajista l\u00f6ytyv\u00e4t <a href=\"https:\/\/taiyo.fi\/en\/ylioppilaskunta\/halloped\/#keskeisimm%C3%A4thallopedit\">here<\/a> <a href=\"https:\/\/taiyo.fi\/en\/ylioppilaskunta\/halloped\/#keskeisimm%C3%A4thallopedit\">(link)<\/a>.<\/li>\r\n<li><strong>L\u00e4hde mukaan jaoston tai ainej\u00e4rjest\u00f6n toimintaan. <\/strong>Jokaisessa akatemiassa toimii akatemiajaosto ja SibAlla lis\u00e4ksi joitain ainej\u00e4rjest\u00f6j\u00e4. N\u00e4iden kautta voit vaikuttaa erityisesti omaan koulutusohjelmaasi, aineryhm\u00e4\u00e4si tai akatemiaasi liittyviin asioihin. Jaostojen ja j\u00e4rjest\u00f6jen yhteystiedot l\u00f6ytyv\u00e4t <a href=\"https:\/\/taiyo.fi\/en\/ylioppilaskunta\/sektorit-ja-jaostot\/\">here (link)<\/a>.<\/li>\r\n<\/ul>","protected":false},"excerpt":{"rendered":"<p>Yliopisto on akateeminen ja taiteellinen yhteis\u00f6, ja opiskelijat ovat t\u00e4m\u00e4n yhteis\u00f6n tasavertaisia j\u00e4seni\u00e4 siin\u00e4 miss\u00e4 opettajat, professorit tai hallintohenkil\u00f6kuntakin. T\u00e4m\u00e4 tarkoittaa sit\u00e4, [&hellip;]<\/p>\n","protected":false},"author":13,"featured_media":0,"parent":0,"menu_order":0,"comment_status":"closed","ping_status":"closed","template":"","meta":{"_coblocks_attr":"","_coblocks_dimensions":"","_coblocks_responsive_height":"","_coblocks_accordion_ie_support":"","_crdt_document":"","advanced_seo_description":"","jetpack_seo_html_title":"","jetpack_seo_noindex":false,"footnotes":""},"class_list":["post-11221","page","type-page","status-publish","hentry"],"jetpack_sharing_enabled":true,"jetpack_shortlink":"https:\/\/wp.me\/P2w00X-2UZ","jetpack_likes_enabled":true,"amp_enabled":true,"_links":{"self":[{"href":"https:\/\/taiyo.fi\/en\/wp-json\/wp\/v2\/pages\/11221","targetHints":{"allow":["GET"]}}],"collection":[{"href":"https:\/\/taiyo.fi\/en\/wp-json\/wp\/v2\/pages"}],"about":[{"href":"https:\/\/taiyo.fi\/en\/wp-json\/wp\/v2\/types\/page"}],"author":[{"embeddable":true,"href":"https:\/\/taiyo.fi\/en\/wp-json\/wp\/v2\/users\/13"}],"replies":[{"embeddable":true,"href":"https:\/\/taiyo.fi\/en\/wp-json\/wp\/v2\/comments?post=11221"}],"version-history":[{"count":8,"href":"https:\/\/taiyo.fi\/en\/wp-json\/wp\/v2\/pages\/11221\/revisions"}],"predecessor-version":[{"id":14991,"href":"https:\/\/taiyo.fi\/en\/wp-json\/wp\/v2\/pages\/11221\/revisions\/14991"}],"wp:attachment":[{"href":"https:\/\/taiyo.fi\/en\/wp-json\/wp\/v2\/media?parent=11221"}],"curies":[{"name":"wp","href":"https:\/\/api.w.org\/{rel}","templated":true}]}}