{"id":11181,"date":"2022-06-01T12:14:03","date_gmt":"2022-06-01T10:14:03","guid":{"rendered":"https:\/\/taiyo.fi\/?page_id=11181"},"modified":"2025-05-28T12:37:22","modified_gmt":"2025-05-28T10:37:22","slug":"uuden-opiskelijan-muistilista","status":"publish","type":"page","link":"https:\/\/taiyo.fi\/en\/uuden-opiskelijan-muistilista\/","title":{"rendered":"Checklist for new students"},"content":{"rendered":"<p class=\"wp-block-paragraph\">Starting your studies goes better when you take care of some practicalities in advance. Make sure to thoroughly read through the University's instructions as well! Here are some reminders and tips:<\/p>\r\n\r\n\r\n\r\n<ul class=\"wp-block-list\">\r\n<li>Confirm your study place, enroll as attending and pay the TaiYo membership fee. Detailed information for new students can be found on the Intro site of the University of the Arts Helsinki website, but for future reference, the instructions on paying the membership fee can also be found <a href=\"https:\/\/student.uniarts.fi\/new-student\/\">on the Uniarts' website for new students.<\/a>but for the future, you can find the instructions on paying the membership fee <a href=\"http:\/\/taiyo.fi\/en\/jasenille\/jasenmaksu\/\">here<\/a>.<\/li>\r\n<li>If you want, order a physical student card <a href=\"http:\/\/taiyo.fi\/en\/jasenille\/opiskelijakortti\/\">student card<\/a>. This can be done on the <a href=\"http:\/\/frank.fi\/en\/\">Frank website<\/a>. At the beginning of the autumn, it takes a while for the plastic student card to arrive, so it is also worthwhile downloading the electronic student card or carrying the proof of attendance that you receive from your academy.<\/li>\r\n<li>Get a place to live. You can get help for finding housing <a href=\"http:\/\/taiyo.fi\/en\/jasenille\/asuminen\/\">here<\/a>. Also remember to submit a <a href=\"https:\/\/www.posti.fi\/changeaddress\/\">notification of change of address<\/a>!<\/li>\r\n<li>Apply for <a href=\"https:\/\/taiyo.fi\/en\/jasenille\/opintotuki\/\">As a Finnish student you can apply for student financial aid and the housing supplement.<\/a>. They are applied for electronically on <a href=\"http:\/\/www.kela.fi\/opiskelijat-pikaopas\">Kela's<\/a> website, where you can also find detailed instructions for the financial aid jungle.<\/li>\r\n<li>Get to know <a href=\"https:\/\/taiyo.fi\/en\/jasenille\/joukkoliikenne\/\">public transport.<\/a> Get the HSL app and update your student status on there.<\/li>\r\n<li>Find out when your studies begin. There is more information on this (and many other things relating to the studies) in <a href=\"https:\/\/opiskelija.uniarts.fi\/yleistieto\/lukuvuoden-yhteiset-aikataulut\/\">on the Uniarts' website for new students.<\/a>.<\/li>\r\n<li>Be sure to take advantage of various <a href=\"https:\/\/taiyo.fi\/en\/jasenille\/hyvinvointi-ja-terveys\/\">health and well-being<\/a> services for students, affordable <a href=\"https:\/\/taiyo.fi\/en\/jasenille\/opiskelijaruokailu\/\">student lunches<\/a> and other <a href=\"https:\/\/taiyo.fi\/en\/jasenille\/jasenpalvelut-ja-edut\/\">benefits and student discounts that you are entitled to as a member of TaiYo.<\/a>.<\/li>\r\n<li>Did you know that UniArts Helsinki students can also use UniSport's services? Read more <a href=\"https:\/\/www.unisport.fi\/en\">from UniSport's website<\/a><\/li>\r\n<li>Follow TaiYo's <a href=\"https:\/\/taiyo.fi\/en\/toiminta\/viestinta\/\">communication<\/a>, join our <a href=\"https:\/\/taiyo.fi\/en\/tapahtumat\/\">events<\/a> and take an <a href=\"https:\/\/taiyo.fi\/en\/toiminta\/mukaan-toimintaan\/\">active part in the student community<\/a>!<\/li>\r\n<\/ul>","protected":false},"excerpt":{"rendered":"<p>Opiskelujen aloittaminen sujuu mukavammin, kun olet hoitanut ensin muutamat k\u00e4yt\u00e4nn\u00f6n asiat kuntoon. Lue huolella my\u00f6s yliopiston sivuilta l\u00f6ytyv\u00e4t ohjeistukset! T\u00e4ss\u00e4 muutamia muistutuksia [&hellip;]<\/p>\n","protected":false},"author":13,"featured_media":0,"parent":0,"menu_order":0,"comment_status":"closed","ping_status":"closed","template":"","meta":{"_coblocks_attr":"","_coblocks_dimensions":"","_coblocks_responsive_height":"","_coblocks_accordion_ie_support":"","_crdt_document":"","advanced_seo_description":"","jetpack_seo_html_title":"","jetpack_seo_noindex":false,"footnotes":""},"class_list":["post-11181","page","type-page","status-publish","hentry"],"jetpack_sharing_enabled":true,"jetpack_shortlink":"https:\/\/wp.me\/P2w00X-2Ul","jetpack_likes_enabled":true,"amp_enabled":true,"_links":{"self":[{"href":"https:\/\/taiyo.fi\/en\/wp-json\/wp\/v2\/pages\/11181","targetHints":{"allow":["GET"]}}],"collection":[{"href":"https:\/\/taiyo.fi\/en\/wp-json\/wp\/v2\/pages"}],"about":[{"href":"https:\/\/taiyo.fi\/en\/wp-json\/wp\/v2\/types\/page"}],"author":[{"embeddable":true,"href":"https:\/\/taiyo.fi\/en\/wp-json\/wp\/v2\/users\/13"}],"replies":[{"embeddable":true,"href":"https:\/\/taiyo.fi\/en\/wp-json\/wp\/v2\/comments?post=11181"}],"version-history":[{"count":9,"href":"https:\/\/taiyo.fi\/en\/wp-json\/wp\/v2\/pages\/11181\/revisions"}],"predecessor-version":[{"id":15011,"href":"https:\/\/taiyo.fi\/en\/wp-json\/wp\/v2\/pages\/11181\/revisions\/15011"}],"wp:attachment":[{"href":"https:\/\/taiyo.fi\/en\/wp-json\/wp\/v2\/media?parent=11181"}],"curies":[{"name":"wp","href":"https:\/\/api.w.org\/{rel}","templated":true}]}}