{"id":10764,"date":"2021-12-20T12:47:41","date_gmt":"2021-12-20T10:47:41","guid":{"rendered":"https:\/\/taiyo.fi\/?page_id=10764"},"modified":"2021-12-20T12:47:41","modified_gmt":"2021-12-20T10:47:41","slug":"arkisto-2021","status":"publish","type":"page","link":"https:\/\/taiyo.fi\/en\/ylioppilaskunta\/ilmoitustaulu\/arkisto-2021\/","title":{"rendered":"Arkisto 2021"},"content":{"rendered":"<p class=\"wp-block-paragraph\"><\/p>\n\n\n\n<p class=\"wp-block-paragraph\"><strong>Edustajiston kokouskutsut 2021<\/strong><\/p>\n\n\n\n<p class=\"wp-block-paragraph\"><a href=\"https:\/\/taiyo.fi\/wp-content\/uploads\/2021\/02\/Edustajiston-kokouskutsu-1-2021.pdf\">Edustajiston kokouskutsu 1 \/ 2021<\/a><br><a href=\"https:\/\/taiyo.fi\/wp-content\/uploads\/2021\/03\/Edustajiston-kokouskutsu-2-2021.pdf\">Edustajiston kokouskutsu 2 \/ 2021<\/a><br><a href=\"https:\/\/taiyo.fi\/wp-content\/uploads\/2021\/04\/Edustajiston-kokouskutsu-3-2021.pdf\">Edustajiston kokouskutsu 3 \/ 2021<\/a><br><a href=\"https:\/\/taiyo.fi\/wp-content\/uploads\/2021\/08\/Edustajiston-kokouskutsu-4-2021.pdf\">Edustajiston kokouskutsu 4 \/ 2021<\/a><br><a href=\"https:\/\/taiyo.fi\/wp-content\/uploads\/2021\/11\/Edustajiston-kokouskutsu-5-2021.pdf\">Edustajiston kokouskutsu 5 \/ 2021<\/a><br><a href=\"https:\/\/taiyo.fi\/wp-content\/uploads\/2021\/11\/Edustajiston-kokouskutsu-6-2021.pdf\">Edustajiston kokouskutsu 6 \/ 2021<\/a><\/p>\n\n\n\n<p class=\"wp-block-paragraph\"><\/p>\n\n\n\n<p class=\"wp-block-paragraph\"><strong>Edustajiston p\u00e4\u00e4t\u00f6sluettelot 2021<\/strong><\/p>\n\n\n\n<p class=\"wp-block-paragraph\"><a href=\"https:\/\/taiyo.fi\/wp-content\/uploads\/2021\/02\/Edustajiston-paatosluettelo-1-2021.pdf\">Edustajiston p\u00e4\u00e4t\u00f6sluettelo 1 \/ 2021<\/a><br><a href=\"https:\/\/taiyo.fi\/wp-content\/uploads\/2021\/03\/Edustajiston-paatosluettelo-2-2021.pdf\">Edustajiston p\u00e4\u00e4t\u00f6sluettelo 2 \/ 2021<\/a><br><a href=\"https:\/\/taiyo.fi\/wp-content\/uploads\/2021\/05\/Edustajiston-paatosluettelo-3-2021.pdf\">Edustajiston p\u00e4\u00e4t\u00f6sluettelo 3 \/ 2021<\/a><br><a href=\"https:\/\/taiyo.fi\/wp-content\/uploads\/2021\/08\/Edustajiston-paatosluettelo-4-2021.pdf\">Edustajiston p\u00e4\u00e4t\u00f6sluettelo 4 \/ 2021<\/a><br><a href=\"https:\/\/taiyo.fi\/wp-content\/uploads\/2021\/11\/Edustajiston-paatosluettelo-5-2021.pdf\">Edustajiston p\u00e4\u00e4t\u00f6sluettelo 5 \/ 2021<\/a><br><a href=\"https:\/\/taiyo.fi\/wp-content\/uploads\/2021\/12\/Edustajiston-paatosluettelo-6-2021.pdf\">Edustajiston p\u00e4\u00e4t\u00f6sluettelo 6 \/ 2021<\/a><\/p>\n\n\n\n<p class=\"wp-block-paragraph\"><\/p>\n\n\n\n<p class=\"wp-block-paragraph\"><strong>Hallituksen p\u00e4\u00e4t\u00f6sluettelot 2021<\/strong><\/p>\n\n\n\n<p class=\"wp-block-paragraph\"><a href=\"https:\/\/taiyo.fi\/wp-content\/uploads\/2021\/01\/Hallituksen-paatosluettelo-1-2021.pdf\">Hallituksen p\u00e4\u00e4t\u00f6sluettelo 1 \/ 2021<\/a><br><a href=\"https:\/\/taiyo.fi\/wp-content\/uploads\/2021\/01\/Hallituksen-paatosluettelo-2-2021.pdf\">Hallituksen p\u00e4\u00e4t\u00f6sluettelo 2 \/ 2021<\/a><br><a href=\"https:\/\/taiyo.fi\/wp-content\/uploads\/2021\/01\/Hallituksen-paatosluettelo-3-2021.pdf\">Hallituksen p\u00e4\u00e4t\u00f6sluettelo 3 \/ 2021<\/a><br><a href=\"https:\/\/taiyo.fi\/wp-content\/uploads\/2021\/02\/Hallituksen-paatosluettelo-4-2021.pdf\">Hallituksen p\u00e4\u00e4t\u00f6sluettelo 4 \/ 2021<\/a><br><a href=\"https:\/\/taiyo.fi\/wp-content\/uploads\/2021\/02\/Hallituksen-paatosluettelo-5-2021.pdf\">Hallituksen p\u00e4\u00e4t\u00f6sluettelo 5 \/ 2021<\/a><br><a href=\"https:\/\/taiyo.fi\/wp-content\/uploads\/2021\/02\/Hallituksen-paatosluettelo-6-2021.pdf\">Hallituksen p\u00e4\u00e4t\u00f6sluettelo 6 \/ 2021<\/a><br><a href=\"https:\/\/taiyo.fi\/wp-content\/uploads\/2021\/02\/Hallituksen-paatosluettelo-7-2021.pdf\">Hallituksen p\u00e4\u00e4t\u00f6sluettelo 7 \/ 2021<\/a><br><a href=\"https:\/\/taiyo.fi\/wp-content\/uploads\/2021\/03\/Hallituksen-paatosluettelo-8-2021.pdf\">Hallituksen p\u00e4\u00e4t\u00f6sluettelo 8 \/ 2021<\/a><br><a href=\"https:\/\/taiyo.fi\/wp-content\/uploads\/2021\/03\/Hallituksen-paatosluettelo-9-2021.pdf\">Hallituksen p\u00e4\u00e4t\u00f6sluettelo 9 \/ 2021<\/a><br><a href=\"https:\/\/taiyo.fi\/wp-content\/uploads\/2021\/03\/Hallituksen-paatosluettelo-10-2021.pdf\">Hallituksen p\u00e4\u00e4t\u00f6sluettelo 10 \/ 2021<\/a><br><a href=\"https:\/\/taiyo.fi\/wp-content\/uploads\/2021\/03\/Hallituksen-paatosluettelo-11-2021.pdf\">Hallituksen p\u00e4\u00e4t\u00f6sluettelo 11 \/ 2021<\/a><br><a href=\"https:\/\/taiyo.fi\/wp-content\/uploads\/2021\/03\/Hallituksen-paatosluettelo-12-2021.pdf\">Hallituksen p\u00e4\u00e4t\u00f6sluettelo 12 \/ 2021<\/a><br><a href=\"https:\/\/taiyo.fi\/wp-content\/uploads\/2021\/04\/Hallituksen-paatosluettelo-13-2021.pdf\">Hallituksen p\u00e4\u00e4t\u00f6sluettelo 13 \/ 2021<\/a><br><a href=\"https:\/\/taiyo.fi\/wp-content\/uploads\/2021\/04\/Hallituksen-paatosluettelo-14-2021.pdf\">Hallituksen p\u00e4\u00e4t\u00f6sluettelo 14 \/ 2021<\/a><br><a href=\"https:\/\/taiyo.fi\/wp-content\/uploads\/2021\/04\/Hallituksen-paatosluettelo-15-2021.pdf\">Hallituksen p\u00e4\u00e4t\u00f6sluettelo 15 \/ 2021<\/a><br><a href=\"https:\/\/taiyo.fi\/wp-content\/uploads\/2021\/05\/Hallituksen-paatosluettelo-16-2021.pdf\">Hallituksen p\u00e4\u00e4t\u00f6sluettelo 16 \/ 2021<\/a><br><a href=\"https:\/\/taiyo.fi\/wp-content\/uploads\/2021\/05\/Hallituksen-paatosluettelo-17-2021.pdf\">Hallituksen p\u00e4\u00e4t\u00f6sluettelo 17 \/ 2021<\/a><br><a href=\"https:\/\/taiyo.fi\/wp-content\/uploads\/2021\/05\/Hallituksen-paatosluettelo-18-2021.pdf\">Hallituksen p\u00e4\u00e4t\u00f6sluettelo 18 \/ 2021<\/a><br><a href=\"https:\/\/taiyo.fi\/wp-content\/uploads\/2021\/06\/Hallituksen-paatosluettelo-19-2021.pdf\">Hallituksen p\u00e4\u00e4t\u00f6sluettelo 19 \/ 2021<\/a><br><a href=\"https:\/\/taiyo.fi\/wp-content\/uploads\/2021\/06\/Hallituksen-paatosluettelo-20-2021.pdf\">Hallituksen p\u00e4\u00e4t\u00f6sluettelo 20 \/ 2021<\/a><br><a href=\"https:\/\/taiyo.fi\/wp-content\/uploads\/2021\/07\/Hallituksen-paatosluettelo-21-2021.pdf\">Hallituksen p\u00e4\u00e4t\u00f6sluettelo 21 \/ 2021<\/a><br><a href=\"https:\/\/taiyo.fi\/wp-content\/uploads\/2021\/07\/Hallituksen-paatosluettelo-22-2021.pdf\">Hallituksen p\u00e4\u00e4t\u00f6sluettelo 22 \/ 2021<\/a><br><a href=\"https:\/\/taiyo.fi\/wp-content\/uploads\/2021\/08\/Hallituksen-paatosluettelo-23-2021.pdf\">Hallituksen p\u00e4\u00e4t\u00f6sluettelo 23 \/ 2021<\/a><br><a href=\"https:\/\/taiyo.fi\/wp-content\/uploads\/2021\/08\/Hallituksen-paatosluettelo-24-2021.pdf\">Hallituksen p\u00e4\u00e4t\u00f6sluettelo 24 \/ 2021<\/a><br><a href=\"https:\/\/taiyo.fi\/wp-content\/uploads\/2021\/08\/Hallituksen-paatosluettelo-25-2021.pdf\">Hallituksen p\u00e4\u00e4t\u00f6sluettelo 25 \/ 2021<\/a><br><a href=\"https:\/\/taiyo.fi\/wp-content\/uploads\/2021\/09\/Hallituksen-paatosluettelo-26-2021.pdf\">Hallituksen p\u00e4\u00e4t\u00f6sluettelo 26 \/ 2021<\/a><br><a href=\"https:\/\/taiyo.fi\/wp-content\/uploads\/2021\/09\/Hallituksen-paatosluettelo-27-2021.pdf\">Hallituksen p\u00e4\u00e4t\u00f6sluettelo 27 \/ 2021<\/a><br><a href=\"https:\/\/taiyo.fi\/wp-content\/uploads\/2021\/09\/Hallituksen-paatosluettelo-28-2021.pdf\">Hallituksen p\u00e4\u00e4t\u00f6sluettelo 28 \/ 2021<\/a><br><a href=\"https:\/\/taiyo.fi\/wp-content\/uploads\/2021\/09\/Hallituksen-paatosluettelo-29-2021.pdf\">Hallituksen p\u00e4\u00e4t\u00f6sluettelo 29 \/ 2021<\/a><br><a href=\"https:\/\/taiyo.fi\/wp-content\/uploads\/2021\/10\/Hallituksen-paatosluettelo-30-2021.pdf\">Hallituksen p\u00e4\u00e4t\u00f6sluettelo 30 \/ 2021<\/a><br><a href=\"https:\/\/taiyo.fi\/wp-content\/uploads\/2021\/10\/Hallituksen-paatosluettelo-31-2021.pdf\">Hallituksen p\u00e4\u00e4t\u00f6sluettelo 31 \/ 2021<\/a><br><a href=\"https:\/\/taiyo.fi\/wp-content\/uploads\/2021\/10\/Hallituksen-paatosluettelo-32-2021.pdf\">Hallituksen p\u00e4\u00e4t\u00f6sluettelo 32 \/ 2021<\/a><br><a href=\"https:\/\/taiyo.fi\/wp-content\/uploads\/2021\/10\/Hallituksen-paatosluettelo-33-2021.pdf\">Hallituksen p\u00e4\u00e4t\u00f6sluettelo 33 \/ 2021<\/a><br><a href=\"https:\/\/taiyo.fi\/wp-content\/uploads\/2021\/11\/Hallituksen-paatosluettelo-34-2021.pdf\">Hallituksen p\u00e4\u00e4t\u00f6sluettelo 34 \/ 2021<\/a><br><a href=\"https:\/\/taiyo.fi\/wp-content\/uploads\/2021\/11\/Hallituksen-paatosluettelo-35-2021.pdf\">Hallituksen p\u00e4\u00e4t\u00f6sluettelo 35 \/ 2021<\/a><br><a href=\"https:\/\/taiyo.fi\/wp-content\/uploads\/2021\/11\/Hallituksen-paatosluettelo-36-2021.pdf\">Hallituksen p\u00e4\u00e4t\u00f6sluettelo 36 \/ 2021<\/a><br><a href=\"https:\/\/taiyo.fi\/wp-content\/uploads\/2021\/12\/Hallituksen-paatosluettelo-37-2021.pdf\">Hallituksen p\u00e4\u00e4t\u00f6sluettelo 37 \/ 2021<\/a><br><a href=\"https:\/\/taiyo.fi\/wp-content\/uploads\/2021\/12\/Hallituksen-paatosluettelo-38-2021.pdf\">Hallituksen p\u00e4\u00e4t\u00f6sluettelo 38 \/ 2021<\/a><br><a href=\"https:\/\/taiyo.fi\/wp-content\/uploads\/2021\/12\/Hallituksen-paatosluettelo-39-2021.pdf\">Hallituksen p\u00e4\u00e4t\u00f6sluettelo 39 \/ 2021<\/a><\/p>\n\n\n\n<p class=\"wp-block-paragraph\"><\/p>\n\n\n\n<p class=\"wp-block-paragraph\"><strong>Edustajistovaalit<\/strong><\/p>\n\n\n\n<p class=\"wp-block-paragraph\"><a href=\"https:\/\/taiyo.fi\/wp-content\/uploads\/2021\/11\/TaiYo-vaalitulos-2021-lopullinen.pdf\">Edustajistovaalien vaalitulos<\/a><\/p>\n\n\n\n<p class=\"wp-block-paragraph\"><a href=\"https:\/\/taiyo.fi\/wp-content\/uploads\/2021\/10\/Lopullinen-ehdokaslista-2021.pdf\">Lopullinen ehdokaslista<\/a><\/p>\n\n\n\n<p class=\"wp-block-paragraph\"><a href=\"https:\/\/taiyo.fi\/wp-content\/uploads\/2021\/09\/Vaalijulistus-2021.pdf\">Vaalijulistus<\/a><br><a href=\"https:\/\/taiyo.fi\/wp-content\/uploads\/2021\/10\/Alustava-ehdokaslista-2021.pdf\">Alustava ehdokaslista<\/a><br><a href=\"https:\/\/taiyo.fi\/wp-content\/uploads\/2021\/10\/Vaalimainostusohjeet-2021.pdf\">Ohjeet vaalimainonnasta<\/a><\/p>\n\n\n\n<p class=\"wp-block-paragraph\"><strong>Muuta<br><\/strong><a href=\"https:\/\/taiyo.fi\/wp-content\/uploads\/2021\/03\/Avustukset-kevat-2021-paatos.pdf\">My\u00f6nnetyt avustukset, kev\u00e4t 2021<\/a><br><a href=\"https:\/\/taiyo.fi\/wp-content\/uploads\/2021\/10\/Avustukset-syksy-2021-paatos.pdf\">My\u00f6nnetyt avustukset, syksy 2021<\/a><\/p>","protected":false},"excerpt":{"rendered":"<p>Edustajiston kokouskutsut 2021 Edustajiston kokouskutsu 1 \/ 2021Edustajiston kokouskutsu 2 \/ 2021Edustajiston kokouskutsu 3 \/ 2021Edustajiston kokouskutsu 4 \/ 2021Edustajiston kokouskutsu 5 [&hellip;]<\/p>\n","protected":false},"author":13,"featured_media":0,"parent":2,"menu_order":0,"comment_status":"closed","ping_status":"closed","template":"","meta":{"_coblocks_attr":"","_coblocks_dimensions":"","_coblocks_responsive_height":"","_coblocks_accordion_ie_support":"","_crdt_document":"","advanced_seo_description":"","jetpack_seo_html_title":"","jetpack_seo_noindex":false,"footnotes":""},"class_list":["post-10764","page","type-page","status-publish","hentry"],"jetpack_sharing_enabled":true,"jetpack_shortlink":"https:\/\/wp.me\/P2w00X-2NC","jetpack_likes_enabled":true,"amp_enabled":true,"_links":{"self":[{"href":"https:\/\/taiyo.fi\/en\/wp-json\/wp\/v2\/pages\/10764","targetHints":{"allow":["GET"]}}],"collection":[{"href":"https:\/\/taiyo.fi\/en\/wp-json\/wp\/v2\/pages"}],"about":[{"href":"https:\/\/taiyo.fi\/en\/wp-json\/wp\/v2\/types\/page"}],"author":[{"embeddable":true,"href":"https:\/\/taiyo.fi\/en\/wp-json\/wp\/v2\/users\/13"}],"replies":[{"embeddable":true,"href":"https:\/\/taiyo.fi\/en\/wp-json\/wp\/v2\/comments?post=10764"}],"version-history":[{"count":5,"href":"https:\/\/taiyo.fi\/en\/wp-json\/wp\/v2\/pages\/10764\/revisions"}],"predecessor-version":[{"id":10770,"href":"https:\/\/taiyo.fi\/en\/wp-json\/wp\/v2\/pages\/10764\/revisions\/10770"}],"up":[{"embeddable":true,"href":"https:\/\/taiyo.fi\/en\/wp-json\/wp\/v2\/pages\/2"}],"wp:attachment":[{"href":"https:\/\/taiyo.fi\/en\/wp-json\/wp\/v2\/media?parent=10764"}],"curies":[{"name":"wp","href":"https:\/\/api.w.org\/{rel}","templated":true}]}}