{"id":10408,"date":"2021-10-11T11:14:33","date_gmt":"2021-10-11T09:14:33","guid":{"rendered":"https:\/\/taiyo.fi\/?page_id=10408"},"modified":"2021-10-11T11:22:53","modified_gmt":"2021-10-11T09:22:53","slug":"myytavat-tuotteet","status":"publish","type":"page","link":"https:\/\/taiyo.fi\/en\/myytavat-tuotteet\/","title":{"rendered":"Products for sell"},"content":{"rendered":"<p class=\"wp-block-paragraph\">You can buy e.g. the following products from the Student Union office:<\/p>\n\n\n\n<h3 class=\"wp-block-heading\">TaiYo student cap badge or pin<\/h3>\n\n\n\n<div class=\"wp-block-image\"><figure class=\"alignleft\"><img data-recalc-dims=\"1\" loading=\"lazy\" decoding=\"async\" width=\"1170\" height=\"878\" data-attachment-id=\"3507\" data-permalink=\"https:\/\/taiyo.fi\/en\/jasenille\/palvelut-taiyon-jasenelle\/myyntituotteet\/hattumerkki\/\" data-orig-file=\"https:\/\/i0.wp.com\/taiyo.fi\/wp-content\/uploads\/2013\/02\/hattumerkki.jpeg?fit=4032%2C3024&amp;ssl=1\" data-orig-size=\"4032,3024\" data-comments-opened=\"0\" data-image-meta=\"{&quot;aperture&quot;:&quot;2.2&quot;,&quot;credit&quot;:&quot;&quot;,&quot;camera&quot;:&quot;iPhone 6s Plus&quot;,&quot;caption&quot;:&quot;&quot;,&quot;created_timestamp&quot;:&quot;1447863731&quot;,&quot;copyright&quot;:&quot;&quot;,&quot;focal_length&quot;:&quot;4.15&quot;,&quot;iso&quot;:&quot;100&quot;,&quot;shutter_speed&quot;:&quot;0.058823529411765&quot;,&quot;title&quot;:&quot;&quot;,&quot;orientation&quot;:&quot;1&quot;,&quot;latitude&quot;:&quot;60.173880555556&quot;,&quot;longitude&quot;:&quot;24.929322222222&quot;}\" data-image-title=\"hattumerkki\" data-image-description=\"\" data-image-caption=\"\" data-medium-file=\"https:\/\/i0.wp.com\/taiyo.fi\/wp-content\/uploads\/2013\/02\/hattumerkki.jpeg?fit=300%2C225&amp;ssl=1\" data-large-file=\"https:\/\/i0.wp.com\/taiyo.fi\/wp-content\/uploads\/2013\/02\/hattumerkki.jpeg?fit=700%2C525&amp;ssl=1\" src=\"https:\/\/i0.wp.com\/taiyo.fi\/wp-content\/uploads\/2013\/02\/hattumerkki.jpeg?resize=1170%2C878&#038;ssl=1\" alt=\"hattumerkki\" class=\"wp-image-3507\"\/><\/figure><\/div>\n\n\n\n<p class=\"wp-block-paragraph\">Kokardi hattuun, jotta vappunakin tunnistaa taiteilijan. Ylioppilaslakin perinteinen lyyra on virallisesti Helsingin yliopiston opiskelijoiden tunnus, mutta vaihtamalla sen tilalle TaiYo:n lakkimerkin voit tunnustaa v\u00e4ri\u00e4 ja osoittaa opiskelevasi juuri Taideyliopistossa. Samaa mallia ja samalla hinnalla l\u00f6ytyy my\u00f6s pinssi.<\/p>\n\n\n\n<p class=\"wp-block-paragraph\">12,00 \u20ac<\/p>\n\n\n\n<hr class=\"wp-block-separator\"\/>\n\n\n\n<h3 class=\"wp-block-heading\">Student Union ribbon<\/h3>\n\n\n\n<div class=\"wp-block-image\"><figure class=\"alignleft\"><img data-recalc-dims=\"1\" loading=\"lazy\" decoding=\"async\" width=\"1170\" height=\"878\" data-attachment-id=\"3508\" data-permalink=\"https:\/\/taiyo.fi\/en\/jasenille\/palvelut-taiyon-jasenelle\/myyntituotteet\/taiyonauha\/\" data-orig-file=\"https:\/\/i0.wp.com\/taiyo.fi\/wp-content\/uploads\/2013\/02\/taiyonauha.jpeg?fit=4032%2C3024&amp;ssl=1\" data-orig-size=\"4032,3024\" data-comments-opened=\"0\" data-image-meta=\"{&quot;aperture&quot;:&quot;2.2&quot;,&quot;credit&quot;:&quot;&quot;,&quot;camera&quot;:&quot;iPhone 6s Plus&quot;,&quot;caption&quot;:&quot;&quot;,&quot;created_timestamp&quot;:&quot;1447863800&quot;,&quot;copyright&quot;:&quot;&quot;,&quot;focal_length&quot;:&quot;4.15&quot;,&quot;iso&quot;:&quot;64&quot;,&quot;shutter_speed&quot;:&quot;0.058823529411765&quot;,&quot;title&quot;:&quot;&quot;,&quot;orientation&quot;:&quot;1&quot;,&quot;latitude&quot;:&quot;60.173825&quot;,&quot;longitude&quot;:&quot;24.929127777778&quot;}\" data-image-title=\"Taiyonauha\" data-image-description=\"\" data-image-caption=\"\" data-medium-file=\"https:\/\/i0.wp.com\/taiyo.fi\/wp-content\/uploads\/2013\/02\/taiyonauha.jpeg?fit=300%2C225&amp;ssl=1\" data-large-file=\"https:\/\/i0.wp.com\/taiyo.fi\/wp-content\/uploads\/2013\/02\/taiyonauha.jpeg?fit=700%2C525&amp;ssl=1\" src=\"https:\/\/i0.wp.com\/taiyo.fi\/wp-content\/uploads\/2013\/02\/taiyonauha.jpeg?resize=1170%2C878&#038;ssl=1\" alt=\"Taiyonauha\" class=\"wp-image-3508\"\/><\/figure><\/div>\n\n\n\n<p class=\"wp-block-paragraph\">Student Union ribbon used in academic celebrations.<\/p>\n\n\n\n<p class=\"wp-block-paragraph\">Long ribbon (goes around the body)<br>3,00 \u20ac<\/p>\n\n\n\n<p class=\"wp-block-paragraph\">Short ribbon (for knotting a rosette)<br>1,00 \u20ac<\/p>\n\n\n\n<hr class=\"wp-block-separator\"\/>\n\n\n\n<h3 class=\"wp-block-heading\">TaiYo hoodie<\/h3>\n\n\n\n<div class=\"wp-block-image\"><figure class=\"alignleft\"><img data-recalc-dims=\"1\" loading=\"lazy\" decoding=\"async\" width=\"1170\" height=\"1560\" data-attachment-id=\"3509\" data-permalink=\"https:\/\/taiyo.fi\/en\/jasenille\/palvelut-taiyon-jasenelle\/myyntituotteet\/huppari\/\" data-orig-file=\"https:\/\/i0.wp.com\/taiyo.fi\/wp-content\/uploads\/2013\/02\/huppari.jpeg?fit=3024%2C4032&amp;ssl=1\" data-orig-size=\"3024,4032\" data-comments-opened=\"0\" data-image-meta=\"{&quot;aperture&quot;:&quot;2.2&quot;,&quot;credit&quot;:&quot;&quot;,&quot;camera&quot;:&quot;iPhone 6s Plus&quot;,&quot;caption&quot;:&quot;&quot;,&quot;created_timestamp&quot;:&quot;1447864320&quot;,&quot;copyright&quot;:&quot;&quot;,&quot;focal_length&quot;:&quot;4.15&quot;,&quot;iso&quot;:&quot;125&quot;,&quot;shutter_speed&quot;:&quot;0.125&quot;,&quot;title&quot;:&quot;&quot;,&quot;orientation&quot;:&quot;1&quot;,&quot;latitude&quot;:&quot;60.173916666667&quot;,&quot;longitude&quot;:&quot;24.928908333333&quot;}\" data-image-title=\"huppari\" data-image-description=\"\" data-image-caption=\"\" data-medium-file=\"https:\/\/i0.wp.com\/taiyo.fi\/wp-content\/uploads\/2013\/02\/huppari.jpeg?fit=225%2C300&amp;ssl=1\" data-large-file=\"https:\/\/i0.wp.com\/taiyo.fi\/wp-content\/uploads\/2013\/02\/huppari.jpeg?fit=700%2C933&amp;ssl=1\" src=\"https:\/\/i0.wp.com\/taiyo.fi\/wp-content\/uploads\/2013\/02\/huppari.jpeg?resize=1170%2C1560&#038;ssl=1\" alt=\"huppari\" class=\"wp-image-3509\"\/><\/figure><\/div>\n\n\n\n<p class=\"wp-block-paragraph\">Comfortable and high-quality black hoodie in Fruit of the Loom's soft but durable Premium model. Front zipper, TaiYo logo on the back. Available in two different fits (ladyfit and the rest), sizes from XS to XXL.<\/p>\n\n\n\n<p class=\"wp-block-paragraph\">29,90 \u20ac<\/p>\n\n\n\n<hr class=\"wp-block-separator\"\/>\n\n\n\n<h3 class=\"wp-block-heading\">TaiYo canvas bag<\/h3>\n\n\n\n<div class=\"wp-block-image\"><figure class=\"alignleft\"><img data-recalc-dims=\"1\" loading=\"lazy\" decoding=\"async\" width=\"1170\" height=\"737\" data-attachment-id=\"3510\" data-permalink=\"https:\/\/taiyo.fi\/en\/jasenille\/palvelut-taiyon-jasenelle\/myyntituotteet\/kangaskassi\/\" data-orig-file=\"https:\/\/i0.wp.com\/taiyo.fi\/wp-content\/uploads\/2013\/02\/kangaskassi-e1504796326987.jpeg?fit=4032%2C2539&amp;ssl=1\" data-orig-size=\"4032,2539\" data-comments-opened=\"0\" data-image-meta=\"{&quot;aperture&quot;:&quot;0&quot;,&quot;credit&quot;:&quot;&quot;,&quot;camera&quot;:&quot;&quot;,&quot;caption&quot;:&quot;&quot;,&quot;created_timestamp&quot;:&quot;0&quot;,&quot;copyright&quot;:&quot;&quot;,&quot;focal_length&quot;:&quot;0&quot;,&quot;iso&quot;:&quot;0&quot;,&quot;shutter_speed&quot;:&quot;0&quot;,&quot;title&quot;:&quot;&quot;,&quot;orientation&quot;:&quot;0&quot;}\" data-image-title=\"kangaskassi\" data-image-description=\"\" data-image-caption=\"\" data-medium-file=\"https:\/\/i0.wp.com\/taiyo.fi\/wp-content\/uploads\/2013\/02\/kangaskassi-e1504796326987.jpeg?fit=300%2C189&amp;ssl=1\" data-large-file=\"https:\/\/i0.wp.com\/taiyo.fi\/wp-content\/uploads\/2013\/02\/kangaskassi-e1504796326987.jpeg?fit=700%2C441&amp;ssl=1\" src=\"https:\/\/i0.wp.com\/taiyo.fi\/wp-content\/uploads\/2013\/02\/kangaskassi-e1504796326987.jpeg?resize=1170%2C737&#038;ssl=1\" alt=\"kangaskassi\" class=\"wp-image-3510\"\/><\/figure><\/div>\n\n\n\n<p class=\"wp-block-paragraph\">Good looking and high quality black canvas bag with TaiYo logo for artist's accessories.<\/p>\n\n\n\n<p class=\"wp-block-paragraph\">7 \u20ac<\/p>\n\n\n\n<hr class=\"wp-block-separator\"\/>\n\n\n\n<h3 class=\"wp-block-heading\">Earplugs<\/h3>\n\n\n\n<p class=\"wp-block-paragraph\">Christmas tree-style earplugs with uniform damping in all frequency ranges.<br>Available in two different models (Exinore and Elacin).<br>20,00 \u20ac<\/p>\n\n\n\n<p class=\"wp-block-paragraph\">Disposable earplugs, several different colors.<br>0,50 \u20ac \/ pari<\/p>\n\n\n\n<hr class=\"wp-block-separator\"\/>\n\n\n\n<h3 class=\"wp-block-heading\">Sidontakammat<\/h3>\n\n\n\n<p class=\"wp-block-paragraph\">Vihkojen sitomiseen k\u00e4ytett\u00e4v\u00e4t muovikammat ja kalvokannet (ylioppilaskunnan toimistolla on kone, jolla vihkoja voi tehd\u00e4).<\/p>\n\n\n\n<p class=\"wp-block-paragraph\">Sidontakammat 8-12 mm: 0,20 \u20ac<br>Sidontakammat 25-28 mm: 0,30 \u20ac<br>Kalvokannet: 0,30 \u20ac<\/p>\n\n\n\n<hr class=\"wp-block-separator\"\/>\n\n\n\n<p class=\"wp-block-paragraph\"><strong>Toimistolta voi ostaa my\u00f6s entisen SAY:n tuotteita, mm. juhlanauhaa, lakkimerkkej\u00e4, haalarimerkkej\u00e4, ranteenl\u00e4mmittimi\u00e4<\/strong><strong>&nbsp;ja j\u00e4senpinssej\u00e4.<\/strong><\/p>","protected":false},"excerpt":{"rendered":"<p>Ylioppilaskunnan toimistolta voit ostaa mm. seuraavia tuotteita: TaiYo ylioppilaslakin\u00a0merkki tai pinssi Kokardi hattuun, jotta vappunakin tunnistaa taiteilijan. Ylioppilaslakin perinteinen lyyra on virallisesti [&hellip;]<\/p>\n","protected":false},"author":13,"featured_media":0,"parent":0,"menu_order":0,"comment_status":"closed","ping_status":"closed","template":"","meta":{"_coblocks_attr":"","_coblocks_dimensions":"","_coblocks_responsive_height":"","_coblocks_accordion_ie_support":"","_crdt_document":"","advanced_seo_description":"","jetpack_seo_html_title":"","jetpack_seo_noindex":false,"footnotes":""},"class_list":["post-10408","page","type-page","status-publish","hentry"],"jetpack_sharing_enabled":true,"jetpack_shortlink":"https:\/\/wp.me\/P2w00X-2HS","jetpack_likes_enabled":true,"amp_enabled":true,"_links":{"self":[{"href":"https:\/\/taiyo.fi\/en\/wp-json\/wp\/v2\/pages\/10408","targetHints":{"allow":["GET"]}}],"collection":[{"href":"https:\/\/taiyo.fi\/en\/wp-json\/wp\/v2\/pages"}],"about":[{"href":"https:\/\/taiyo.fi\/en\/wp-json\/wp\/v2\/types\/page"}],"author":[{"embeddable":true,"href":"https:\/\/taiyo.fi\/en\/wp-json\/wp\/v2\/users\/13"}],"replies":[{"embeddable":true,"href":"https:\/\/taiyo.fi\/en\/wp-json\/wp\/v2\/comments?post=10408"}],"version-history":[{"count":7,"href":"https:\/\/taiyo.fi\/en\/wp-json\/wp\/v2\/pages\/10408\/revisions"}],"predecessor-version":[{"id":12422,"href":"https:\/\/taiyo.fi\/en\/wp-json\/wp\/v2\/pages\/10408\/revisions\/12422"}],"wp:attachment":[{"href":"https:\/\/taiyo.fi\/en\/wp-json\/wp\/v2\/media?parent=10408"}],"curies":[{"name":"wp","href":"https:\/\/api.w.org\/{rel}","templated":true}]}}